{"id":31,"date":"2016-11-09T13:43:35","date_gmt":"2016-11-09T12:43:35","guid":{"rendered":"https:\/\/www.harrytuinier.nl\/?page_id=31"},"modified":"2024-05-27T18:26:48","modified_gmt":"2024-05-27T16:26:48","slug":"handige-vms-begeleidingspoort","status":"publish","type":"page","link":"https:\/\/www.harrytuinier.nl\/de\/handige-vms-begeleidingspoort\/","title":{"rendered":"Hilfreiges VMS Begleitungstor"},"content":{"rendered":"<div class=\"pdfprnt-buttons pdfprnt-buttons-page pdfprnt-top-right\"><a href=\"https:\/\/www.harrytuinier.nl\/de\/wp-json\/wp\/v2\/pages\/31?print=pdf\" class=\"pdfprnt-button pdfprnt-button-pdf\" target=\"_blank\" ><img decoding=\"async\" src=\"https:\/\/www.harrytuinier.nl\/wp-content\/plugins\/pdf-print\/images\/pdf.png\" alt=\"image_pdf\" title=\"PDF anzeigen\" \/><\/a><a href=\"https:\/\/www.harrytuinier.nl\/de\/wp-json\/wp\/v2\/pages\/31?print=print\" class=\"pdfprnt-button pdfprnt-button-print\" target=\"_blank\" ><img decoding=\"async\" src=\"https:\/\/www.harrytuinier.nl\/wp-content\/plugins\/pdf-print\/images\/print.png\" alt=\"image_print\" title=\"Inhalt drucken\" \/><\/a><\/div><p><strong>VMS \u00a0Begleitungstor<\/strong><\/p>\n<p>Das VMS \u00a0Begleitungstor ist ein besonders hilfreiches Tor um K\u00fche und F\u00e4rsen behutsam und in aller Ruhe in den VMS zu begleiten. W\u00e4hrend des Einmelkens, aber auch im allt\u00e4glichen Gebrauch eines VMS ist dieses Hilfsmittel eine willkommene Erg\u00e4nzung und sorgt f\u00fcr erhebliche Arbeitserleichterung. Mit Hilfe des Tores kann eine Person alleine neue K\u00fche und F\u00e4rsen an den VMS heranf\u00fchren und mit geringst m\u00f6glichem Stress in die Melkstation treiben.<\/p>\n<p>Das Tor l\u00e4sst sich problemlos an jedem DeLaval Milchroboter montieren. Mit Hilfe der Kreutzkupplungen ist\u00a0<img loading=\"lazy\" decoding=\"async\" class=\"alignleft\" src=\"https:\/\/www.harrytuinier.nl\/content\/uploads\/images\/DSC01875.JPG\" alt=\"\" width=\"272\" height=\"202\" \/>die H\u00f6he variabel einzustellen, je nach Wunsch des VMS Betreibers.<\/p>\n<p>Das Tor ist sehr stabil \u00a0konstruiert und alles ist thermisch verzinkt.<\/p>\n<p>Nach Gebrauch klappt man das Tor wieder zur\u00fcck an das (bestehende) VMS Gatter. So ist es besonders Platzsparend aufgehoben und wird weder durch Mensch noch durch Tier als st\u00f6rend empfunden. Verriegelung ist m\u00f6glich durch einen Fallverschluss.<\/p>\n<p>F\u00fcr weitere Info, Fotos oder Bestellungen nehmen Sie Kontakt auf mit Gregor Gro\u00df-B\u00f6lting unter der (Deutschen) Rufnummer : 0176 38 10 35 24 oder \u00fcber Mail : <a href=\"mailto:grossbolting@planet.nl\">grossbolting@planet.nl<\/a><\/p>","protected":false},"excerpt":{"rendered":"<p>VMS \u00a0Begleitungstor Das VMS \u00a0Begleitungstor ist ein besonders hilfreiches Tor um K\u00fche und F\u00e4rsen behutsam und in aller Ruhe in den VMS zu begleiten. W\u00e4hrend des Einmelkens, aber auch im allt\u00e4glichen Gebrauch eines VMS ist dieses Hilfsmittel eine willkommene Erg\u00e4nzung&hellip; <\/p>\n","protected":false},"author":3,"featured_media":0,"parent":0,"menu_order":20,"comment_status":"closed","ping_status":"closed","template":"","meta":{"footnotes":""},"class_list":["post-31","page","type-page","status-publish","hentry"],"_links":{"self":[{"href":"https:\/\/www.harrytuinier.nl\/de\/wp-json\/wp\/v2\/pages\/31","targetHints":{"allow":["GET"]}}],"collection":[{"href":"https:\/\/www.harrytuinier.nl\/de\/wp-json\/wp\/v2\/pages"}],"about":[{"href":"https:\/\/www.harrytuinier.nl\/de\/wp-json\/wp\/v2\/types\/page"}],"author":[{"embeddable":true,"href":"https:\/\/www.harrytuinier.nl\/de\/wp-json\/wp\/v2\/users\/3"}],"replies":[{"embeddable":true,"href":"https:\/\/www.harrytuinier.nl\/de\/wp-json\/wp\/v2\/comments?post=31"}],"version-history":[{"count":13,"href":"https:\/\/www.harrytuinier.nl\/de\/wp-json\/wp\/v2\/pages\/31\/revisions"}],"predecessor-version":[{"id":2432,"href":"https:\/\/www.harrytuinier.nl\/de\/wp-json\/wp\/v2\/pages\/31\/revisions\/2432"}],"wp:attachment":[{"href":"https:\/\/www.harrytuinier.nl\/de\/wp-json\/wp\/v2\/media?parent=31"}],"curies":[{"name":"wp","href":"https:\/\/api.w.org\/{rel}","templated":true}]}}