{"id":29,"date":"2016-11-09T13:43:06","date_gmt":"2016-11-09T12:43:06","guid":{"rendered":"https:\/\/www.harrytuinier.nl\/?page_id=29"},"modified":"2021-11-30T16:22:40","modified_gmt":"2021-11-30T15:22:40","slug":"contact","status":"publish","type":"page","link":"https:\/\/www.harrytuinier.nl\/de\/contact\/","title":{"rendered":"Kontakt"},"content":{"rendered":"<div class=\"pdfprnt-buttons pdfprnt-buttons-page pdfprnt-top-right\"><a href=\"https:\/\/www.harrytuinier.nl\/de\/wp-json\/wp\/v2\/pages\/29?print=pdf\" class=\"pdfprnt-button pdfprnt-button-pdf\" target=\"_blank\" ><img decoding=\"async\" src=\"https:\/\/www.harrytuinier.nl\/wp-content\/plugins\/pdf-print\/images\/pdf.png\" alt=\"image_pdf\" title=\"PDF anzeigen\" \/><\/a><a href=\"https:\/\/www.harrytuinier.nl\/de\/wp-json\/wp\/v2\/pages\/29?print=print\" class=\"pdfprnt-button pdfprnt-button-print\" target=\"_blank\" ><img decoding=\"async\" src=\"https:\/\/www.harrytuinier.nl\/wp-content\/plugins\/pdf-print\/images\/print.png\" alt=\"image_print\" title=\"Inhalt drucken\" \/><\/a><\/div><p>Haben sie Fragen oder w\u00fcnschen sie ein Betriebsbesuch?<br \/>\nEs ist mir eine Freude, Ihnen meine Dienste an zu bieten.<\/p>\n<p>Ich mag auch Kommentare h\u00f6ren uber diese Website, aber auch von den Unternehmensbesuchen .<\/p>\n<p>Und nat\u00fcrlich Tipps von Ihnen als Praktikant, \u00a0gute Erfahrung mit VMS und vielleicht auch schlechte Erfahrungen..<\/p>\n<p>&nbsp;<\/p>\n<p>Auch davon k\u00f6nnen wir alle lernen.<br \/>\nBitte fragen Sie:<\/p>\n<p>Harry Tuinier<\/p>\n<p>J.C. Nagelhoutstjitte 3<br \/>\n8551 NS\u00a0 Woudsend<br \/>\nNiederlande<\/p>\n<p>Tel: 00316-5184 1155<\/p>\n<p>email: \u00a0<a href=\"mailto:harry@harrytuinier.nl\">harry@harrytuinier.nl<\/a><\/p>\n<p>Kvk-nr: 01159858<\/p>","protected":false},"excerpt":{"rendered":"<p>Haben sie Fragen oder w\u00fcnschen sie ein Betriebsbesuch? Es ist mir eine Freude, Ihnen meine Dienste an zu bieten. Ich mag auch Kommentare h\u00f6ren uber diese Website, aber auch von den Unternehmensbesuchen . Und nat\u00fcrlich Tipps von Ihnen als Praktikant,&hellip; <\/p>\n","protected":false},"author":3,"featured_media":0,"parent":0,"menu_order":18,"comment_status":"closed","ping_status":"closed","template":"","meta":{"footnotes":""},"class_list":["post-29","page","type-page","status-publish","hentry"],"_links":{"self":[{"href":"https:\/\/www.harrytuinier.nl\/de\/wp-json\/wp\/v2\/pages\/29","targetHints":{"allow":["GET"]}}],"collection":[{"href":"https:\/\/www.harrytuinier.nl\/de\/wp-json\/wp\/v2\/pages"}],"about":[{"href":"https:\/\/www.harrytuinier.nl\/de\/wp-json\/wp\/v2\/types\/page"}],"author":[{"embeddable":true,"href":"https:\/\/www.harrytuinier.nl\/de\/wp-json\/wp\/v2\/users\/3"}],"replies":[{"embeddable":true,"href":"https:\/\/www.harrytuinier.nl\/de\/wp-json\/wp\/v2\/comments?post=29"}],"version-history":[{"count":13,"href":"https:\/\/www.harrytuinier.nl\/de\/wp-json\/wp\/v2\/pages\/29\/revisions"}],"predecessor-version":[{"id":1239,"href":"https:\/\/www.harrytuinier.nl\/de\/wp-json\/wp\/v2\/pages\/29\/revisions\/1239"}],"wp:attachment":[{"href":"https:\/\/www.harrytuinier.nl\/de\/wp-json\/wp\/v2\/media?parent=29"}],"curies":[{"name":"wp","href":"https:\/\/api.w.org\/{rel}","templated":true}]}}