{"id":27,"date":"2016-11-09T13:42:29","date_gmt":"2016-11-09T12:42:29","guid":{"rendered":"https:\/\/www.harrytuinier.nl\/?page_id=27"},"modified":"2025-08-25T14:31:01","modified_gmt":"2025-08-25T12:31:01","slug":"voor-scholen-en-ab","status":"publish","type":"page","link":"https:\/\/www.harrytuinier.nl\/de\/voor-scholen-en-ab\/","title":{"rendered":"F\u00fcr Schulen und Betriebshelfer"},"content":{"rendered":"<div class=\"pdfprnt-buttons pdfprnt-buttons-page pdfprnt-top-right\"><a href=\"https:\/\/www.harrytuinier.nl\/de\/wp-json\/wp\/v2\/pages\/27?print=pdf\" class=\"pdfprnt-button pdfprnt-button-pdf\" target=\"_blank\" ><img decoding=\"async\" src=\"https:\/\/www.harrytuinier.nl\/wp-content\/plugins\/pdf-print\/images\/pdf.png\" alt=\"image_pdf\" title=\"PDF anzeigen\" \/><\/a><a href=\"https:\/\/www.harrytuinier.nl\/de\/wp-json\/wp\/v2\/pages\/27?print=print\" class=\"pdfprnt-button pdfprnt-button-print\" target=\"_blank\" ><img decoding=\"async\" src=\"https:\/\/www.harrytuinier.nl\/wp-content\/plugins\/pdf-print\/images\/print.png\" alt=\"image_print\" title=\"Inhalt drucken\" \/><\/a><\/div><p><strong>F\u00fcr Landwirtschaftsschulen und Betriebshelfer<\/strong><\/p>\n<p>Schulungsm\u00f6glichkeiten f\u00fcr das automatische Melken f\u00fcr Landwirtschaft\u00a0<span style=\"font-family: Helvetica, sans-serif; font-size: 14px; font-style: normal; font-weight: 400;\">Sch\u00fcler<\/span><span style=\"font-size: 14px;\">\u00a0und f\u00fcr Betriebshelfer.<\/span><\/p>\n<p>Etwa 35% der Niederl\u00e4ndischen K\u00fche werden jetzt mit einem automatischen Melksystem gemolken.<\/p>\n<p>Es wird daher immer wahrscheinlicher, dass Menschen aufgefordert werden, auf Agrarbetriebe zu arbeiten, auf denen die K\u00fche mit einem automatischen Melksystem gemolken werden.<\/p>\n<p>Sch\u00fcler von Landwirtschaft Schulen und Betriebshielfe Betreuer oder Selbstst\u00e4ndige, die viel auf landwirtschaftlichen Betrieben arbeiten, werden k\u00fcnftig zunehmend auf Betrieben mit automatischen Melksystemen nachgefragt, um den Landwirt bei Krankheit oder Urlaub oder auf andere Weise zu ersetzen.<\/p>\n<p>Deshalb bieten wir jetzt Kurse an, um Sie mit diesen Systemen vertraut zu machen.<\/p>\n<p>Mit diesem Kurs lernen wir, den Melkroboter zu bedienen, aber auch die w<span style=\"font-family: Helvetica, sans-serif; font-size: 14px; font-style: normal; font-weight: 400;\">ichtigsten Informationen im Computer zu finden und die wichtigsten Daten einzugeben.<\/span><\/p>\n<p>&nbsp;<\/p>\n<p><span style=\"font-family: Helvetica, sans-serif; font-size: 14px; font-style: normal; font-weight: 400;\">Auf Wunsch k\u00f6nnen diese Kurse ohne Pr\u00e4ferenz f\u00fcr die Marke und f\u00fcr mehrere Marken durchgef\u00fchrt werden.<\/span><\/p>\n<p><img loading=\"lazy\" decoding=\"async\" class=\"aligncenter\" src=\"https:\/\/www.harrytuinier.nl\/content\/uploads\/images\/FB_IMG_1432404952456.jpg\" alt=\"\" width=\"250\" height=\"333\" \/><\/p>\n<p>&nbsp;<\/p>","protected":false},"excerpt":{"rendered":"<p>F\u00fcr Landwirtschaftsschulen und Betriebshelfer Schulungsm\u00f6glichkeiten f\u00fcr das automatische Melken f\u00fcr Landwirtschaft\u00a0Sch\u00fcler\u00a0und f\u00fcr Betriebshelfer. Etwa 35% der Niederl\u00e4ndischen K\u00fche werden jetzt mit einem automatischen Melksystem gemolken. Es wird daher immer wahrscheinlicher, dass Menschen aufgefordert werden, auf Agrarbetriebe zu arbeiten, auf denen&hellip; <\/p>\n","protected":false},"author":3,"featured_media":0,"parent":0,"menu_order":25,"comment_status":"closed","ping_status":"closed","template":"","meta":{"footnotes":""},"class_list":["post-27","page","type-page","status-publish","hentry"],"_links":{"self":[{"href":"https:\/\/www.harrytuinier.nl\/de\/wp-json\/wp\/v2\/pages\/27","targetHints":{"allow":["GET"]}}],"collection":[{"href":"https:\/\/www.harrytuinier.nl\/de\/wp-json\/wp\/v2\/pages"}],"about":[{"href":"https:\/\/www.harrytuinier.nl\/de\/wp-json\/wp\/v2\/types\/page"}],"author":[{"embeddable":true,"href":"https:\/\/www.harrytuinier.nl\/de\/wp-json\/wp\/v2\/users\/3"}],"replies":[{"embeddable":true,"href":"https:\/\/www.harrytuinier.nl\/de\/wp-json\/wp\/v2\/comments?post=27"}],"version-history":[{"count":26,"href":"https:\/\/www.harrytuinier.nl\/de\/wp-json\/wp\/v2\/pages\/27\/revisions"}],"predecessor-version":[{"id":2745,"href":"https:\/\/www.harrytuinier.nl\/de\/wp-json\/wp\/v2\/pages\/27\/revisions\/2745"}],"wp:attachment":[{"href":"https:\/\/www.harrytuinier.nl\/de\/wp-json\/wp\/v2\/media?parent=27"}],"curies":[{"name":"wp","href":"https:\/\/api.w.org\/{rel}","templated":true}]}}