{"id":25,"date":"2016-11-09T13:42:12","date_gmt":"2016-11-09T12:42:12","guid":{"rendered":"https:\/\/www.harrytuinier.nl\/?page_id=25"},"modified":"2025-08-25T14:22:50","modified_gmt":"2025-08-25T12:22:50","slug":"inzet-bij-studiegroepen","status":"publish","type":"page","link":"https:\/\/www.harrytuinier.nl\/de\/inzet-bij-studiegroepen\/","title":{"rendered":"Bleiben lernen"},"content":{"rendered":"<div class=\"pdfprnt-buttons pdfprnt-buttons-page pdfprnt-top-right\"><a href=\"https:\/\/www.harrytuinier.nl\/de\/wp-json\/wp\/v2\/pages\/25?print=pdf\" class=\"pdfprnt-button pdfprnt-button-pdf\" target=\"_blank\" ><img decoding=\"async\" src=\"https:\/\/www.harrytuinier.nl\/wp-content\/plugins\/pdf-print\/images\/pdf.png\" alt=\"image_pdf\" title=\"PDF anzeigen\" \/><\/a><a href=\"https:\/\/www.harrytuinier.nl\/de\/wp-json\/wp\/v2\/pages\/25?print=print\" class=\"pdfprnt-button pdfprnt-button-print\" target=\"_blank\" ><img decoding=\"async\" src=\"https:\/\/www.harrytuinier.nl\/wp-content\/plugins\/pdf-print\/images\/print.png\" alt=\"image_print\" title=\"Inhalt drucken\" \/><\/a><\/div><p><strong>F\u00fcr VMS Arbeitskreise<\/strong><\/p>\n<p><img loading=\"lazy\" decoding=\"async\" class=\"alignleft\" src=\"https:\/\/www.harrytuinier.nl\/content\/uploads\/images\/IMG-20160308-WA0004.jpg\" alt=\"\" width=\"400\" height=\"225\" \/><\/p>\n<p>&nbsp;<\/p>\n<p>Viele Viehhalter haben bereits umfangreiche Erfahrung mit VMS und DelPro, aber es kann sehr hilfreich sein, ihr Wissen mit Kollegen zu teilen.<\/p>\n<p>Es besteht auch ein erhebliches Risiko der Betriebsblindheit, da VMS-Nutzer oft dieselben Listen wie DelPro verwenden und Erfahrungen nicht einfach mit Kollegen austauschen k\u00f6nnen.<\/p>\n<p>Sie sind an eine bestimmte Arbeitsweise gew\u00f6hnt. Aber mit einer anderen Perspektive auf dieselbe Arbeit finden Sie m\u00f6glicherweise eine bequemere und effektivere Arbeitsweise.<\/p>\n<p>Und nat\u00fcrlich kommen st\u00e4ndig neue VMS-Nutzer hinzu, die gerne mit und von Kollegen lernen m\u00f6chten.<br \/>\nUnsere Pr\u00e4senz und unser Fachwissen k\u00f6nnen in dieser Hinsicht wertvoll sein.<\/p>\n<p>Neue Ideen, neue Erfahrungen und unterschiedliches Wissen bieten tiefere Einblicke!<br \/>\nWer daf\u00fcr offen ist, entwickelt sich weiter.<\/p>\n<p>Lerngruppen, Meetings und immer wieder Brainstorming, denn:<\/p>\n<p>Man ist nie zu alt oder zu weise, um zu lernen&#8230;<br \/>\nUnd wenn man Wissen teilt, w\u00e4chst es sogar!<\/p>","protected":false},"excerpt":{"rendered":"<p>F\u00fcr VMS Arbeitskreise &nbsp; Viele Viehhalter haben bereits umfangreiche Erfahrung mit VMS und DelPro, aber es kann sehr hilfreich sein, ihr Wissen mit Kollegen zu teilen. Es besteht auch ein erhebliches Risiko der Betriebsblindheit, da VMS-Nutzer oft dieselben Listen wie&hellip; <\/p>\n","protected":false},"author":3,"featured_media":0,"parent":0,"menu_order":26,"comment_status":"closed","ping_status":"closed","template":"","meta":{"footnotes":""},"class_list":["post-25","page","type-page","status-publish","hentry"],"_links":{"self":[{"href":"https:\/\/www.harrytuinier.nl\/de\/wp-json\/wp\/v2\/pages\/25","targetHints":{"allow":["GET"]}}],"collection":[{"href":"https:\/\/www.harrytuinier.nl\/de\/wp-json\/wp\/v2\/pages"}],"about":[{"href":"https:\/\/www.harrytuinier.nl\/de\/wp-json\/wp\/v2\/types\/page"}],"author":[{"embeddable":true,"href":"https:\/\/www.harrytuinier.nl\/de\/wp-json\/wp\/v2\/users\/3"}],"replies":[{"embeddable":true,"href":"https:\/\/www.harrytuinier.nl\/de\/wp-json\/wp\/v2\/comments?post=25"}],"version-history":[{"count":22,"href":"https:\/\/www.harrytuinier.nl\/de\/wp-json\/wp\/v2\/pages\/25\/revisions"}],"predecessor-version":[{"id":2742,"href":"https:\/\/www.harrytuinier.nl\/de\/wp-json\/wp\/v2\/pages\/25\/revisions\/2742"}],"wp:attachment":[{"href":"https:\/\/www.harrytuinier.nl\/de\/wp-json\/wp\/v2\/media?parent=25"}],"curies":[{"name":"wp","href":"https:\/\/api.w.org\/{rel}","templated":true}]}}