{"id":23,"date":"2016-11-09T13:41:48","date_gmt":"2016-11-09T12:41:48","guid":{"rendered":"https:\/\/www.harrytuinier.nl\/?page_id=23"},"modified":"2025-08-25T14:23:57","modified_gmt":"2025-08-25T12:23:57","slug":"veevoederadviseurs-dierenartsen","status":"publish","type":"page","link":"https:\/\/www.harrytuinier.nl\/de\/veevoederadviseurs-dierenartsen\/","title":{"rendered":"F\u00fcr Futtermittel Lieferanten und Tierarzt"},"content":{"rendered":"<div class=\"pdfprnt-buttons pdfprnt-buttons-page pdfprnt-top-right\"><a href=\"https:\/\/www.harrytuinier.nl\/de\/wp-json\/wp\/v2\/pages\/23?print=pdf\" class=\"pdfprnt-button pdfprnt-button-pdf\" target=\"_blank\" ><img decoding=\"async\" src=\"https:\/\/www.harrytuinier.nl\/wp-content\/plugins\/pdf-print\/images\/pdf.png\" alt=\"image_pdf\" title=\"PDF anzeigen\" \/><\/a><a href=\"https:\/\/www.harrytuinier.nl\/de\/wp-json\/wp\/v2\/pages\/23?print=print\" class=\"pdfprnt-button pdfprnt-button-print\" target=\"_blank\" ><img decoding=\"async\" src=\"https:\/\/www.harrytuinier.nl\/wp-content\/plugins\/pdf-print\/images\/print.png\" alt=\"image_print\" title=\"Inhalt drucken\" \/><\/a><\/div><p>Mehr und mehr Kunden von den Futtermittel-Anbietern und Tier\u00e4rzte haben einen Roboter. Sie wollen diesen Landwirten 100% gute F\u00fctterung und ausgereiften Service anbieten.<\/p>\n<p>Auch als Tierarzt sehen so ab und zu etwas ungewohnt und ungew\u00fcnscht. Kuhgesundheit, Eutergesundheit, oder etwas anders.<br \/>\nKommt das von Kapazit\u00e4t Landwirt, Technik?<\/p>\n<p>Oder Sie haben Fragen uber die M\u00f6glichkeiten und auslesen von das System<br \/>\nBetriebsblind ist auch ein viel vorkommend Problem!<\/p>\n<p>Dies kann manchmal bedeuten das einige Firmen zusammen mit HT die richtigen Einstellungen am PC des VMS besprechen m\u00f6chten. Hierf\u00fcr ist ein Gemeinsamer Betriebsbesuch zu planen. Zusammen mit einem Experten auf VMS-Gebiet und einem Experten f\u00fcr K\u00fche werden F\u00fctterung Ergebnisse, Gesundheit Ergebnisse und Erwartungen besprochen.<\/p>\n<p>F\u00fcr DeLaval ist Voraussetzung, dass der Landwirt seine K\u00fche am besten kennt. Der Landwirt mit seinem Wissen \u00fcber seine Herde und der Tierarzt mit seinem Wissen \u00fcber Gesundheit K\u00fche, der Futterlieferant mit seinem Wissen \u00fcber zus\u00e4tzliche Feeds, sowohl in Bezug auf Art, Menge und Verteilung k\u00f6nnen zusammen mit HT ein gutes Team werden.<\/p>\n<p><strong>Denn:<\/strong><\/p>\n<p><strong>Unterst\u00fctzung ist einfacher mit mehr H\u00e4nden<\/strong><\/p>\n<p><img loading=\"lazy\" decoding=\"async\" src=\"https:\/\/www.harrytuinier.nl\/content\/uploads\/images\/voer%2015-4-2011.jpg\" alt=\"\" width=\"800\" height=\"270\" \/><\/p>","protected":false},"excerpt":{"rendered":"<p>Mehr und mehr Kunden von den Futtermittel-Anbietern und Tier\u00e4rzte haben einen Roboter. Sie wollen diesen Landwirten 100% gute F\u00fctterung und ausgereiften Service anbieten. Auch als Tierarzt sehen so ab und zu etwas ungewohnt und ungew\u00fcnscht. Kuhgesundheit, Eutergesundheit, oder etwas anders.&hellip; <\/p>\n","protected":false},"author":3,"featured_media":0,"parent":0,"menu_order":24,"comment_status":"open","ping_status":"closed","template":"","meta":{"footnotes":""},"class_list":["post-23","page","type-page","status-publish","hentry"],"_links":{"self":[{"href":"https:\/\/www.harrytuinier.nl\/de\/wp-json\/wp\/v2\/pages\/23","targetHints":{"allow":["GET"]}}],"collection":[{"href":"https:\/\/www.harrytuinier.nl\/de\/wp-json\/wp\/v2\/pages"}],"about":[{"href":"https:\/\/www.harrytuinier.nl\/de\/wp-json\/wp\/v2\/types\/page"}],"author":[{"embeddable":true,"href":"https:\/\/www.harrytuinier.nl\/de\/wp-json\/wp\/v2\/users\/3"}],"replies":[{"embeddable":true,"href":"https:\/\/www.harrytuinier.nl\/de\/wp-json\/wp\/v2\/comments?post=23"}],"version-history":[{"count":14,"href":"https:\/\/www.harrytuinier.nl\/de\/wp-json\/wp\/v2\/pages\/23\/revisions"}],"predecessor-version":[{"id":1542,"href":"https:\/\/www.harrytuinier.nl\/de\/wp-json\/wp\/v2\/pages\/23\/revisions\/1542"}],"wp:attachment":[{"href":"https:\/\/www.harrytuinier.nl\/de\/wp-json\/wp\/v2\/media?parent=23"}],"curies":[{"name":"wp","href":"https:\/\/api.w.org\/{rel}","templated":true}]}}