{"id":21,"date":"2016-11-09T13:41:33","date_gmt":"2016-11-09T12:41:33","guid":{"rendered":"https:\/\/www.harrytuinier.nl\/?page_id=21"},"modified":"2025-08-25T13:46:05","modified_gmt":"2025-08-25T11:46:05","slug":"samenwerking-met-delaval-dealers","status":"publish","type":"page","link":"https:\/\/www.harrytuinier.nl\/de\/samenwerking-met-delaval-dealers\/","title":{"rendered":"Zusammenarbeiten mit DeLaval H\u00e4ndler"},"content":{"rendered":"<div class=\"pdfprnt-buttons pdfprnt-buttons-page pdfprnt-top-right\"><a href=\"https:\/\/www.harrytuinier.nl\/de\/wp-json\/wp\/v2\/pages\/21?print=pdf\" class=\"pdfprnt-button pdfprnt-button-pdf\" target=\"_blank\" ><img decoding=\"async\" src=\"https:\/\/www.harrytuinier.nl\/wp-content\/plugins\/pdf-print\/images\/pdf.png\" alt=\"image_pdf\" title=\"PDF anzeigen\" \/><\/a><a href=\"https:\/\/www.harrytuinier.nl\/de\/wp-json\/wp\/v2\/pages\/21?print=print\" class=\"pdfprnt-button pdfprnt-button-print\" target=\"_blank\" ><img decoding=\"async\" src=\"https:\/\/www.harrytuinier.nl\/wp-content\/plugins\/pdf-print\/images\/print.png\" alt=\"image_print\" title=\"Inhalt drucken\" \/><\/a><\/div><p><strong>Zusammenarbeit mit DeLaval-H\u00e4ndlern.<\/strong><\/p>\n<p>Aufgrund des Erfolgs von VMS V300 und VMS V310 ist es H\u00e4ndlern und Technikern nicht immer m\u00f6glich, mit ihren eigenen Leuten gen\u00fcgend Zeit freizumachen, um ausf\u00fchrlich mit Kunden am Computer zu sitzen. Neue Kunden oder die schon fr\u00fcher angefangen haben und noch Fragen zum dazugeh\u00f6rigen Managementprogramm DelPro haben.<\/p>\n<p>Das DelPro-Managementprogramm ist ein hervorragendes Programm mit vielen Funktionen und wurde bereits mehrfach aktualisiert. Insbesondere die neuesten Updates flie\u00dfen nicht nur in die Ideen von Programmierern, sondern auch in die von Technikern und erfahrenen Landwirten ein!<\/p>\n<p>Nicht nur neue Landwirte, sondern auch Landwirte, die DelPro schon l\u00e4nger nutzen, nutzen die neueren oder andere wichtige Funktionen aufgrund ihrer gewohnten Routine oft nicht.<\/p>\n<p>In solchen F\u00e4llen ist es ratsam, wenn ein paar frische Augen mit Kenntnissen \u00fcber K\u00fche und DelPro einen Blick auf das Unternehmen werfen.<\/p>","protected":false},"excerpt":{"rendered":"<p>Zusammenarbeit mit DeLaval-H\u00e4ndlern. Aufgrund des Erfolgs von VMS V300 und VMS V310 ist es H\u00e4ndlern und Technikern nicht immer m\u00f6glich, mit ihren eigenen Leuten gen\u00fcgend Zeit freizumachen, um ausf\u00fchrlich mit Kunden am Computer zu sitzen. Neue Kunden oder die schon&hellip; <\/p>\n","protected":false},"author":3,"featured_media":0,"parent":0,"menu_order":22,"comment_status":"closed","ping_status":"closed","template":"","meta":{"footnotes":""},"class_list":["post-21","page","type-page","status-publish","hentry"],"_links":{"self":[{"href":"https:\/\/www.harrytuinier.nl\/de\/wp-json\/wp\/v2\/pages\/21","targetHints":{"allow":["GET"]}}],"collection":[{"href":"https:\/\/www.harrytuinier.nl\/de\/wp-json\/wp\/v2\/pages"}],"about":[{"href":"https:\/\/www.harrytuinier.nl\/de\/wp-json\/wp\/v2\/types\/page"}],"author":[{"embeddable":true,"href":"https:\/\/www.harrytuinier.nl\/de\/wp-json\/wp\/v2\/users\/3"}],"replies":[{"embeddable":true,"href":"https:\/\/www.harrytuinier.nl\/de\/wp-json\/wp\/v2\/comments?post=21"}],"version-history":[{"count":39,"href":"https:\/\/www.harrytuinier.nl\/de\/wp-json\/wp\/v2\/pages\/21\/revisions"}],"predecessor-version":[{"id":2735,"href":"https:\/\/www.harrytuinier.nl\/de\/wp-json\/wp\/v2\/pages\/21\/revisions\/2735"}],"wp:attachment":[{"href":"https:\/\/www.harrytuinier.nl\/de\/wp-json\/wp\/v2\/media?parent=21"}],"curies":[{"name":"wp","href":"https:\/\/api.w.org\/{rel}","templated":true}]}}