{"id":2023,"date":"2022-04-04T11:10:04","date_gmt":"2022-04-04T09:10:04","guid":{"rendered":"https:\/\/www.harrytuinier.nl\/?page_id=2023"},"modified":"2026-01-28T20:07:50","modified_gmt":"2026-01-28T19:07:50","slug":"tips-voor-bij-echte-winter","status":"publish","type":"page","link":"https:\/\/www.harrytuinier.nl\/de\/tipsincategorieen\/tips-voor-bij-echte-winter\/","title":{"rendered":"Tipps f\u00fcr den echten Winter"},"content":{"rendered":"<div class=\"pdfprnt-buttons pdfprnt-buttons-page pdfprnt-top-right\"><a href=\"https:\/\/www.harrytuinier.nl\/de\/wp-json\/wp\/v2\/pages\/2023?print=pdf\" class=\"pdfprnt-button pdfprnt-button-pdf\" target=\"_blank\" ><img decoding=\"async\" src=\"https:\/\/www.harrytuinier.nl\/wp-content\/plugins\/pdf-print\/images\/pdf.png\" alt=\"image_pdf\" title=\"PDF anzeigen\" \/><\/a><a href=\"https:\/\/www.harrytuinier.nl\/de\/wp-json\/wp\/v2\/pages\/2023?print=print\" class=\"pdfprnt-button pdfprnt-button-print\" target=\"_blank\" ><img decoding=\"async\" src=\"https:\/\/www.harrytuinier.nl\/wp-content\/plugins\/pdf-print\/images\/print.png\" alt=\"image_print\" title=\"Inhalt drucken\" \/><\/a><\/div><p><em><strong>Februar 2021:<\/strong><\/em><\/p>\n<p><strong>Wintertipp!<\/strong><\/p>\n<p>Ein Heizelement im VMS-Bereich ist wichtig.<\/p>\n<p>Achten Sie darauf, dass die Reinigung nachts auf ein Minimum beschr\u00e4nkt oder ganz vermieden wird. Melken Sie die separierten K\u00fche abends, reinigen Sie sie anschlie\u00dfend und wiederholen Sie dies morgens unter Ihrer Aufsicht. Drei Reinigungen t\u00e4glich sind erforderlich.<\/p>\n<p>H\u00e4ufiges Melken, gegebenenfalls Reduzierung der Melkzeit, und m\u00f6glichst keine Reinigung w\u00e4hrend der k\u00e4ltesten Stunden.<\/p>\n<p>Wir sch\u00e4tzen die gute Luftzirkulation im VMS-Bereich an Sommertagen, sind aber bei starkem Frost alles andere als zufrieden.<\/p>\n<p>&nbsp;<\/p>\n<p><em><strong>Dezember 2014:<\/strong><\/em><\/p>\n<p><strong>Desinfektion und Zitzenzustand.<\/strong><\/p>\n<p>Da es nun k\u00e4lter wird, achten Sie besonders auf den Zustand der Zitzen.<\/p>\n<p>K\u00fche lassen sich ungern melken, wenn ihre Zitzen empfindlich und rissig\/rau sind, insbesondere bei K\u00e4lte.<\/p>\n<p>Sowohl die Melktechnik als auch das Bespr\u00fchen haben einen gro\u00dfen Einfluss darauf, was bei kaltem oder feuchtem Wetter zus\u00e4tzliche Probleme verursacht.<\/p>\n<p>Pr\u00fcfen Sie, ob die Zitzen ausreichend benetzt sind und Ihr Desinfektionsmittel auch gen\u00fcgend Hautpflegespray enth\u00e4lt.<br \/>\nDie korrekte Vorbehandlung und das richtige Melken sind nat\u00fcrlich ebenfalls wichtig.<\/p>\n<p>&nbsp;<\/p>\n<p><em><strong>Februar 2012:<\/strong><\/em><\/p>\n<p><strong>Wintervorkehrungen, Tipp des Technikers:<\/strong><\/p>\n<p>Der Frost hat jetzt richtig eingesetzt. Letztes Jahr hatten wir auch einige starke Fr\u00f6ste mit heftigen Winden. Damals sa\u00df ich (der Techniker) die ganze Nacht auf dem Sofa und habe den Landwirten Tipps gegeben, wie sie das VMS wieder in Gang bringen k\u00f6nnen. Denn wann geht es schief? Die beiden Schl\u00e4uche von der festen Leitung zur Sp\u00fclmaschine (unter dem umgedrehten Eimer) frieren ein, und sobald der Landwirt alles wieder in Betrieb genommen hat, flie\u00dft das z\u00e4he \u00d6l nicht mehr.<\/p>\n<p>Tipp: Stellen Sie sicher, dass alle K\u00fche mit separater Melkung bis 21:00 Uhr gemolken sind und dass Sie vor 8:00 Uhr keine weitere Melkerlaubnis erhalten. Planen Sie in diesem Zeitraum keine Hauptreinigung ein. Mit dieser Vorbereitung l\u00e4uft das VMS reibungslos und wird vom Frost am wenigsten beeintr\u00e4chtigt.<\/p>\n<p>&nbsp;<\/p>\n<p><em><strong>Dezember 2010:<\/strong><\/em><\/p>\n<p><strong>Frostgefahr<\/strong><\/p>\n<p>Der Winter ist wieder da \u2013 sind Sie vorbereitet?<br \/>\nDas VMS sollte idealerweise in einem Raum stehen, in dem die Temperatur nie unter +4 Grad Celsius sinkt!<\/p>\n<p>Auch der Kompressor birgt ein Frostrisiko, befindet sich aber oft in einem w\u00e4rmeren Raum.<\/p>\n<p>Eine kleine Heizung in Richtung VMS und\/oder warme Luft aus dem Maschinenraum helfen.<br \/>\nEine (isolierende) Platte oder Folie \u00fcber dem VMS in Richtung Scheune tr\u00e4gt dazu bei, die warme Luft im Inneren zu halten.<br \/>\nDiese Platte oder Folie sollte sich nach dem Winter leicht entfernen oder \u00f6ffnen lassen, insbesondere wenn es im Sommer sehr warm wird. Ein gelegentlicher Tropfen Frostschutzmittel auf dem sauberen Schwamm hilft ebenfalls.<\/p>\n<p>Und nat\u00fcrlich: Achten Sie auf offene Fenster, T\u00fcren und Zugluft!<\/p>","protected":false},"excerpt":{"rendered":"<p>Februar 2021: Wintertipp! Ein Heizelement im VMS-Bereich ist wichtig. Achten Sie darauf, dass die Reinigung nachts auf ein Minimum beschr\u00e4nkt oder ganz vermieden wird. Melken Sie die separierten K\u00fche abends, reinigen Sie sie anschlie\u00dfend und wiederholen Sie dies morgens unter&hellip; <\/p>\n","protected":false},"author":3,"featured_media":0,"parent":2031,"menu_order":17,"comment_status":"closed","ping_status":"closed","template":"","meta":{"footnotes":""},"class_list":["post-2023","page","type-page","status-publish","hentry"],"_links":{"self":[{"href":"https:\/\/www.harrytuinier.nl\/de\/wp-json\/wp\/v2\/pages\/2023","targetHints":{"allow":["GET"]}}],"collection":[{"href":"https:\/\/www.harrytuinier.nl\/de\/wp-json\/wp\/v2\/pages"}],"about":[{"href":"https:\/\/www.harrytuinier.nl\/de\/wp-json\/wp\/v2\/types\/page"}],"author":[{"embeddable":true,"href":"https:\/\/www.harrytuinier.nl\/de\/wp-json\/wp\/v2\/users\/3"}],"replies":[{"embeddable":true,"href":"https:\/\/www.harrytuinier.nl\/de\/wp-json\/wp\/v2\/comments?post=2023"}],"version-history":[{"count":7,"href":"https:\/\/www.harrytuinier.nl\/de\/wp-json\/wp\/v2\/pages\/2023\/revisions"}],"predecessor-version":[{"id":2818,"href":"https:\/\/www.harrytuinier.nl\/de\/wp-json\/wp\/v2\/pages\/2023\/revisions\/2818"}],"up":[{"embeddable":true,"href":"https:\/\/www.harrytuinier.nl\/de\/wp-json\/wp\/v2\/pages\/2031"}],"wp:attachment":[{"href":"https:\/\/www.harrytuinier.nl\/de\/wp-json\/wp\/v2\/media?parent=2023"}],"curies":[{"name":"wp","href":"https:\/\/api.w.org\/{rel}","templated":true}]}}