{"id":19,"date":"2016-11-09T13:41:11","date_gmt":"2016-11-09T12:41:11","guid":{"rendered":"https:\/\/www.harrytuinier.nl\/?page_id=19"},"modified":"2025-08-25T13:48:42","modified_gmt":"2025-08-25T11:48:42","slug":"succesvol-melken-met-vms-op-uw-bedrijf","status":"publish","type":"page","link":"https:\/\/www.harrytuinier.nl\/de\/succesvol-melken-met-vms-op-uw-bedrijf\/","title":{"rendered":"Erfolgreiches Melken mit einem VMS"},"content":{"rendered":"<div class=\"pdfprnt-buttons pdfprnt-buttons-page pdfprnt-top-right\"><a href=\"https:\/\/www.harrytuinier.nl\/de\/wp-json\/wp\/v2\/pages\/19?print=pdf\" class=\"pdfprnt-button pdfprnt-button-pdf\" target=\"_blank\" ><img decoding=\"async\" src=\"https:\/\/www.harrytuinier.nl\/wp-content\/plugins\/pdf-print\/images\/pdf.png\" alt=\"image_pdf\" title=\"PDF anzeigen\" \/><\/a><a href=\"https:\/\/www.harrytuinier.nl\/de\/wp-json\/wp\/v2\/pages\/19?print=print\" class=\"pdfprnt-button pdfprnt-button-print\" target=\"_blank\" ><img decoding=\"async\" src=\"https:\/\/www.harrytuinier.nl\/wp-content\/plugins\/pdf-print\/images\/print.png\" alt=\"image_print\" title=\"Inhalt drucken\" \/><\/a><\/div><p>Ein Computer Liebhaber denkt: <em>&#8222;Mensch, was kann das System viel mit einer Kuh!&#8220;<\/em><br \/>\nEin Kuh Liebhaber denkt: <em>&#8222;Mensch, was kann meine Kuh viel mit dem S<\/em><em>ystem!&#8220;<\/em><\/p>\n<p>Gerade bei dieser letzten Idee, versuchen wir, mit Ihnen die besten Ergebnisse beim Melken mit einem VMS zu erreichen.<\/p>\n<p>Beim Kauf eines VMS Melkroboters besteht die M\u00f6glichkeit die Dienste des Einmelkservice mit in Anspruch zu nehmen, siehe \u00a0<em>&#8222;VMS Einmelkservice&#8220;<\/em> . Hiermit verst\u00e4rken Sie sich gerade in den ersten Tagen und N\u00e4chten mit Erfahrenen Spezialisten.<img loading=\"lazy\" decoding=\"async\" class=\"alignright\" src=\"https:\/\/www.harrytuinier.nl\/content\/uploads\/images\/delaval-vms[1].jpg\" alt=\"\" width=\"261\" height=\"236\" \/><\/p>\n<p>Nachdem Sie einige Monate mit dem VMS Roboter gearbeitet haben wird es wichtig das Sie mehr \u00fcber die M\u00f6glichkeiten des VMS lernen. Hierzu bringen wir einen Besuch nach 3 bis 6 Monaten. Bei diesem Besuch geht es vor allem darum die M\u00f6glichkeiten des Roboters und die Einstellungen f\u00fcr Ihr Unternehmen zu kontrollieren. Die Software bietet fast unendlich viele M\u00f6glichkeiten, durch einfache Bildschirme schnell und leicht verst\u00e4ndliche Informationen zu bekommen. Alles ist darauf gerichtet das Sie mehr erfahren\u00a0\u00fcber die Leistung der Herde und der gesundheitlichen Situation in Stall. Probleme oder M\u00e4ngel sollten im fr\u00fchst m\u00f6glichem Stadion aufgemerkt werden ! Hiermit steht oder f\u00e4llt die Rendite aus der Investition des automatischem Melksystems .<\/p>\n<p>Weiterhin besteht die M\u00f6glichkeit f\u00fcr jeden (potentiellen) VMS Besitzer um die Dienste von HT zu nutzen.<img loading=\"lazy\" decoding=\"async\" class=\"size-medium wp-image-1256 alignright\" src=\"https:\/\/www.harrytuinier.nl\/wp-content\/uploads\/2021\/06\/IMG-20210307-WA0018-300x200.jpg\" alt=\"\" width=\"300\" height=\"200\" srcset=\"https:\/\/www.harrytuinier.nl\/wp-content\/uploads\/2021\/06\/IMG-20210307-WA0018-300x200.jpg 300w, https:\/\/www.harrytuinier.nl\/wp-content\/uploads\/2021\/06\/IMG-20210307-WA0018-768x512.jpg 768w, https:\/\/www.harrytuinier.nl\/wp-content\/uploads\/2021\/06\/IMG-20210307-WA0018-1024x683.jpg 1024w, https:\/\/www.harrytuinier.nl\/wp-content\/uploads\/2021\/06\/IMG-20210307-WA0018.jpg 1600w\" sizes=\"auto, (max-width: 300px) 100vw, 300px\" \/><\/p>\n<p>Hierf\u00fcr kann man Kontakt mit Harry aufnehmen, tel. 0031-6-5184 1155 \/ harry@harrytuinier.nl oder Gregor Gross-B\u00f6lting 017638103524 \/ <a href=\"mailto:grossbolting@planet.nl\">grossbolting@planet.nl<\/a><\/p>\n<p><strong>Mit der richtigen Einstellungen am Computer und einer Ausgereiften Pflege kann die Leistung einer Kuh beim VMS steigen und gleichzeitig die Lebenserwartung steigen.<\/strong><\/p>","protected":false},"excerpt":{"rendered":"<p>Ein Computer Liebhaber denkt: &#8222;Mensch, was kann das System viel mit einer Kuh!&#8220; Ein Kuh Liebhaber denkt: &#8222;Mensch, was kann meine Kuh viel mit dem System!&#8220; Gerade bei dieser letzten Idee, versuchen wir, mit Ihnen die besten Ergebnisse beim Melken&hellip; <\/p>\n","protected":false},"author":3,"featured_media":0,"parent":0,"menu_order":23,"comment_status":"closed","ping_status":"closed","template":"","meta":{"footnotes":""},"class_list":["post-19","page","type-page","status-publish","hentry"],"_links":{"self":[{"href":"https:\/\/www.harrytuinier.nl\/de\/wp-json\/wp\/v2\/pages\/19","targetHints":{"allow":["GET"]}}],"collection":[{"href":"https:\/\/www.harrytuinier.nl\/de\/wp-json\/wp\/v2\/pages"}],"about":[{"href":"https:\/\/www.harrytuinier.nl\/de\/wp-json\/wp\/v2\/types\/page"}],"author":[{"embeddable":true,"href":"https:\/\/www.harrytuinier.nl\/de\/wp-json\/wp\/v2\/users\/3"}],"replies":[{"embeddable":true,"href":"https:\/\/www.harrytuinier.nl\/de\/wp-json\/wp\/v2\/comments?post=19"}],"version-history":[{"count":22,"href":"https:\/\/www.harrytuinier.nl\/de\/wp-json\/wp\/v2\/pages\/19\/revisions"}],"predecessor-version":[{"id":2736,"href":"https:\/\/www.harrytuinier.nl\/de\/wp-json\/wp\/v2\/pages\/19\/revisions\/2736"}],"wp:attachment":[{"href":"https:\/\/www.harrytuinier.nl\/de\/wp-json\/wp\/v2\/media?parent=19"}],"curies":[{"name":"wp","href":"https:\/\/api.w.org\/{rel}","templated":true}]}}