{"id":17,"date":"2016-11-09T13:40:51","date_gmt":"2016-11-09T12:40:51","guid":{"rendered":"https:\/\/www.harrytuinier.nl\/?page_id=17"},"modified":"2025-08-25T11:49:58","modified_gmt":"2025-08-25T09:49:58","slug":"delaval-inmelken-opstartdag","status":"publish","type":"page","link":"https:\/\/www.harrytuinier.nl\/de\/delaval-inmelken-opstartdag\/","title":{"rendered":"Einmelkservice f\u00fcr erste tagen"},"content":{"rendered":"<div class=\"pdfprnt-buttons pdfprnt-buttons-page pdfprnt-top-right\"><a href=\"https:\/\/www.harrytuinier.nl\/de\/wp-json\/wp\/v2\/pages\/17?print=pdf\" class=\"pdfprnt-button pdfprnt-button-pdf\" target=\"_blank\" ><img decoding=\"async\" src=\"https:\/\/www.harrytuinier.nl\/wp-content\/plugins\/pdf-print\/images\/pdf.png\" alt=\"image_pdf\" title=\"PDF anzeigen\" \/><\/a><a href=\"https:\/\/www.harrytuinier.nl\/de\/wp-json\/wp\/v2\/pages\/17?print=print\" class=\"pdfprnt-button pdfprnt-button-print\" target=\"_blank\" ><img decoding=\"async\" src=\"https:\/\/www.harrytuinier.nl\/wp-content\/plugins\/pdf-print\/images\/print.png\" alt=\"image_print\" title=\"Inhalt drucken\" \/><\/a><\/div><p><strong>VMS Einmelkservice<\/strong> f\u00fcr die ersten Tage.<\/p>\n<p><span style=\"color: #3366ff;\"><em>Mein Team und ich unterst\u00fctzen Sie gerne bei den ersten Tagen der Inbetriebnahme mit Melkrobotern.<\/em><\/span><br \/>\n<span style=\"color: #3366ff;\"><em>Mit Erreichen des Rentenalters ziehe ich mich nun etwas zur\u00fcck und stehe als Reserve zur Verf\u00fcgung, wenn die jungen M\u00e4nner verhindert sind.<\/em><\/span><\/p>\n<p><span style=\"color: #3366ff;\"><em>Mit einer guten Vorbereitung (siehe Tipps weiter unten) und motivierten Landwirt und Einmelkteam versuchen wir, einen reibungslosen und angenehmen Start zu erm\u00f6glichen<\/em><\/span>.<\/p>\n<p><em><span style=\"color: #3366ff;\">Z\u00f6gern Sie nicht, uns anzurufen, wir helfen Ihnen mit der gleichen Begeisterung, die Sie bzw. Ihr H\u00e4ndler von uns gewohnt sind<\/span>.<\/em><\/p>\n<p><span style=\"color: #3366ff;\"><em>Harry Tuinier<br \/>\n0031 6 5184 1155<\/em><\/span><\/p>\n<p>Aller Anfang ist schwer, so war die Umstellung vor vielen Jahren vom Handmelken auf Maschinenmelken, und so ist es auch nun mit der Umstellung vom Maschinenmelken auf Robotermelken.<\/p>\n<p>Da es sich bei der Umstellung auf VMS \u00a0um ein ganz neues (Total)-Konzept handelt besteht die Gefahr das der Landwirt die \u00dcbersicht verliert . Verst\u00e1rkt wird diese Gefahr dadurch das es sich um ein sehr umfangreiches Programm handelt mit unz\u00e4hligen M\u00f6glichkeiten .Baustress und Ungewissheit dar\u00fcber wie die Herde den VMS annimmt \u00a0kommen noch hinzu .<\/p>\n<p>Alles in allem kann man festhalten dass ein Melkroboter Aufstarrt \u00a0bei sowohl dem Landwirt als auch seiner Kuhherde \u00a0f\u00fcr extra \u00a0(Arbeits)Stress \u00a0sorgt .<\/p>\n<p>Genau an diesem Punkt setzt unser VMS Einmelkservice an ! \u00a0Wir unterst\u00fctzen den Landwirt in dieser hektischen Fase mit \u00a0Rat und Tat . Was f\u00fcr den Landwirt und seine Herde neu und fremd ist , ist f\u00fcr uns und unsere Mitarbeiter \u00a0allt\u00e4gliche Arbeit . Viele unserer Mitarbeiter sind selber VMS Nutzer \u00a0und \u00a0kennen die M\u00f6glichkeiten und Vorteile \u00a0des VMS aus eigener Erfahrung .<\/p>\n<p><img loading=\"lazy\" decoding=\"async\" class=\"size-medium wp-image-1329 alignright\" src=\"https:\/\/www.harrytuinier.nl\/wp-content\/uploads\/2021\/10\/facebook_1634119285759_6853993056736673398-1-300x225.jpg\" alt=\"\" width=\"300\" height=\"225\" srcset=\"https:\/\/www.harrytuinier.nl\/wp-content\/uploads\/2021\/10\/facebook_1634119285759_6853993056736673398-1-300x225.jpg 300w, https:\/\/www.harrytuinier.nl\/wp-content\/uploads\/2021\/10\/facebook_1634119285759_6853993056736673398-1-768x576.jpg 768w, https:\/\/www.harrytuinier.nl\/wp-content\/uploads\/2021\/10\/facebook_1634119285759_6853993056736673398-1.jpg 960w\" sizes=\"auto, (max-width: 300px) 100vw, 300px\" \/><\/p>\n<p>Durch unsere langj\u00e4hrige Erfahrung<br \/>\n(insges. mehr als 1000 VMS) wissen wir wie wichtig es ist um in jeder Situation Ruhe zu bewahren . Ruhe schafft Vertrauen, bei sowohl K\u00fchen als auch beim Landwirt.<\/p>\n<p>Durch die intensive Betreuung des Kunden, insbesondere durch die \u00dcbernahme der erste (und zweite Nacht ?) bieten wir dem Kunden die M\u00f6glichkeit ein oder zwei N\u00e4chte durch zu schlafen und so Kr\u00e4fte zu sammeln f\u00fcr die kommende Zeit. F\u00fcr den Viehz\u00fcchter war der Anlauf zum Start-up oft sehr arbeitsreich und dann ist es gut, dass man sich ausruhen und schlafen kann.<\/p>\n<p>Wir arbeiten nach festgesetzten Protokollen, was sorgt das die ersten Schritten leichter gehen und also f\u00fcr einen leichteren Start.<\/p>\n<p>Robotermelken ist viel mehr als nur das treiben von K\u00fche, und diese Leute verstehen das.<br \/>\nIn den meisten F\u00e4llen verl\u00e4uft der Einmelk-Tag deutlich entspannter als erwartet und oft h\u00f6ren wir den Kommentar: \u201eEs war einfach ein sch\u00f6ner Tag!\u201c<\/p>\n<p>Unsere Eintreibetore (siehe &#8222;Hilfreiches VMS Begleitungstor&#8220;) haben wir immer dabei und k\u00f6nnen diese gegebenenfalls nutzen.<\/p>\n<p>Die Vorteile unseres Einmelkservice \u00a0kurz zusammengefast :<\/p>\n<ul>\n<li>Professionelle Hilfe ( Rat und Tat )<\/li>\n<li>sehr intensive Begleitung ( 24 + ?? Stunden )<\/li>\n<li>schnellere Eingew\u00f6hnung , dadurch weniger St\u00f6rungen \u00a0und Fragen f\u00fcr Techniker zu Begin<\/li>\n<li>Des Mechanikers konzentriert sich auf die Technik des VMS, wir betreuen die K\u00fche und erkl\u00e4ren dem Kunden das VMS bedienung und ein Teil von Delpro<\/li>\n<li>Entlastung des Landwirten , weniger Stress und schneller Vertrauen<img loading=\"lazy\" decoding=\"async\" class=\"alignright wp-image-164 size-medium\" src=\"https:\/\/www.harrytuinier.nl\/wp-content\/uploads\/2016\/11\/Milchrind-2-paginas-300x225.jpg\" width=\"300\" height=\"225\" srcset=\"https:\/\/www.harrytuinier.nl\/wp-content\/uploads\/2016\/11\/Milchrind-2-paginas-300x225.jpg 300w, https:\/\/www.harrytuinier.nl\/wp-content\/uploads\/2016\/11\/Milchrind-2-paginas-768x576.jpg 768w, https:\/\/www.harrytuinier.nl\/wp-content\/uploads\/2016\/11\/Milchrind-2-paginas-1024x768.jpg 1024w\" sizes=\"auto, (max-width: 300px) 100vw, 300px\" \/><\/li>\n<li>Zufriedene Kunden durch besseres \u00a0&#8222;After Sales&#8220; Management.<\/li>\n<\/ul>\n<p>&nbsp;<\/p>\n<p>&nbsp;<\/p>\n<p><em>Dieses Artikel \u00dcber unseren Einmelkservice war geschrieben in Zuchtermagazine &#8222;Milchrind&#8220;<\/em><\/p>\n<p>&nbsp;<\/p>\n<p><img loading=\"lazy\" decoding=\"async\" src=\"https:\/\/www.harrytuinier.nl\/content\/uploads\/images\/monteurs.jpg\" alt=\"\" width=\"202\" height=\"143\" \/><\/p>\n<p>&nbsp;<\/p>\n<p><strong><span style=\"color: #0000ff;\">Lesen Sie auch bei Kategorien den Tipp des Monats:<\/span><\/strong><\/p>\n<p><strong>Tipps zum Einmelkservice, Inbetriebnahme und Umbau.<\/strong><\/p>\n<p><em><strong>November 2013:<\/strong><\/em><\/p>\n<p><strong>Tipps f\u00fcr eine gute Vorbereitung vor dem Einmelken.<\/strong><\/p>\n<ul>\n<li>Starten Sie mit max. 50-55\u00a0 K\u00fche\u00a0 pro VMS. Sowohl K\u00fche als auch Landwirt m\u00fcssen in der ersten Zeit viel lernen, und dann ist es besser wenn der Roboter nicht zu voll ist. Wenn alles gut l\u00e4uft und alle Tiere einmal gekalbt haben, kann man die Herde um einige Tiere erweitern.<br \/>\n<em>Beim Starten mit dem V300 kann man mit ca. 5 \u2013 10 mehr K\u00fchen pro VMS beginnen.<\/em><br \/>\n<em>Dies liegt an der h\u00f6heren Kapazit\u00e4t von V300.<\/em><\/li>\n<li><span style=\"font-size: 14px;\">Planen Sie den\/die Melkroboter dort ein, wo sich die K\u00fche jetzt auch gerne aufhalten.<\/span><\/li>\n<li style=\"font-size: 14px;\">In der letzten Zeit wenn Sie im Melkstand Melken, pro Kuh vorbehandeln und dann anschliessen, also nicht 3 &#8211; 5 K\u00fche vorbehandeln und dann nacheinander anschliessen.<\/li>\n<li>Melken Sie am letzten Morgen so fr\u00fch wie m\u00f6glich. Wenn die H\u00e4lfte der K\u00fche gemolken ist, sperren Sie sie vorzugsweise in der N\u00e4he des Roboters ein, damit wir mit diesen K\u00fchen beginnen k\u00f6nnen, und melken Sie dann die zweite H\u00e4lfte der K\u00fche und sperren Sie dies K\u00fche woanders ein.<\/li>\n<li>Wenn die Futter Methode ge\u00e4ndert wird, z.B.\u00a0 bei TMR, \u00a0sollte dies schon mindestens 2 bis 3 Wochen vor Aufstarrt geschehen, um den Tieren die M\u00f6glichkeit zu geben sich an die neue Ration (und schmackhaft Kraftfutter Pellets) zu gew\u00f6hnen.<\/li>\n<li>Strukturfutter ist sehr wichtig f\u00fcr die Gesundheit und insbesondere die Aktivit\u00e4t der Kuh.<br \/>\nBei ausreichender Struktur in der Ration lernt die Kuh also schneller!<br \/>\nAber auch rund um den Start kommt es manchmal vor beim Fressen und Trinken das die Afnahme verst\u00f6rt werd. Oder die Kuh frisst auch Kraftfutter von der Vorg\u00e4ngerkuh, weil sie Angst hatte.<br \/>\nDann kann eine kleine zus\u00e4tzliche Struktur rund um den Start dem entgegenwirken.<\/li>\n<li>Alle (VMS) Tiere sollten 4 Wochen vor Aufstarrt die Klauen geschnitten werden. Bei Neubau oder neuen Laufwegen sollte der Zeitraum ca. 3 Monate sein um Problemen mit d\u00fcnnen klauen \/ Sauer aus neuen Beton vor zu beugen.<\/li>\n<li>Der VMS kann sehr viel ( auch ung\u00fcnstige Euter)\u00a0 Tiere melken, dennoch sollten Sie vor Aufstarrt die Herde kritisch beurteilen und Problemk\u00fche vorzeitig aussortieren. Tiere die weniger als 15 Kg Milch pro Tag geben und in n\u00e4chster Zukunft\u00a0 Trocken gestellt werden m\u00fcssen, sollten Sie vor Aufstarrt bedenken das diese Tiere viel Arbeit geben und es viel M\u00fche kostet um diesen Tieren das Automatische Melken bei zu bringen. Auch Chronisch Hohe Zellzahlen sind ein Kriterium um Tiere aus zu sortieren.<br \/>\nWelche Zitzenpositionen wohl und welche der VMS nicht melken kann das wei\u00df man meistens vorher und sonst ganz schnell.<\/li>\n<li>Scheren Sie k\u00fcrz vor Aufstarrt Euter und Schwanz, damit die Tiere sauber sind!<\/li>\n<li>Stellen Sie einige Einweg Tore in den alten oder in den Jungvieh Stall, wenn die sp\u00e4ter in den neuen Stall \/ bei Roboter kommen, damit sich die Tiere daran gew\u00f6hnen k\u00f6nnen.<\/li>\n<li>Sorgen Sie daf\u00fcr dass am Tage des Aufstarrt keine anderen Arbeiten (Bauma\u00dfnahmen oder Landarbeit) n\u00f6tig sind. Sie k\u00f6nnen sich dann voll und ganz auf den Aufstarrt konzentrieren und lernen das \u201cneue Melken\u201d schneller. Das Einmelkteam hat viele Info f\u00fcr Sie, nehmen Sie sich die Zeit hierf\u00fcr, es lohnt sich!!<\/li>\n<li>Um die Herde in Gruppen zu teilen werden beim Aufstarrt einige Tore (Land-) Gatter<img loading=\"lazy\" decoding=\"async\" class=\"size-medium wp-image-2537 alignright\" src=\"https:\/\/www.harrytuinier.nl\/wp-content\/uploads\/2024\/11\/Inmelk-hekken-2-300x139.jpg\" alt=\"\" width=\"300\" height=\"139\" srcset=\"https:\/\/www.harrytuinier.nl\/wp-content\/uploads\/2024\/11\/Inmelk-hekken-2-300x139.jpg 300w, https:\/\/www.harrytuinier.nl\/wp-content\/uploads\/2024\/11\/Inmelk-hekken-2-1024x473.jpg 1024w, https:\/\/www.harrytuinier.nl\/wp-content\/uploads\/2024\/11\/Inmelk-hekken-2-768x355.jpg 768w, https:\/\/www.harrytuinier.nl\/wp-content\/uploads\/2024\/11\/Inmelk-hekken-2-1536x710.jpg 1536w, https:\/\/www.harrytuinier.nl\/wp-content\/uploads\/2024\/11\/Inmelk-hekken-2.jpg 2000w\" sizes=\"auto, (max-width: 300px) 100vw, 300px\" \/> ben\u00f6tigt. Stellen Sie diese am Tag vorher schon bereit. Beim FeedFirst\u00a0 brauchen wir weniger, aber sollten einige, verschiedenfarbige, Markierstifte vorhanden sein.<\/li>\n<li>Bitten Sie ein paar zus\u00e4tzliche Leute, dabei zu helfen, sicherzustellen, dass die K\u00fche \u2248 in den ersten zwei Wochen nach Einmelken oft genug am Tag \/ Nacht gemolken werden, bis sie es selbst verstehen.<\/li>\n<\/ul>\n<p><\/p>","protected":false},"excerpt":{"rendered":"<p>VMS Einmelkservice f\u00fcr die ersten Tage. Mein Team und ich unterst\u00fctzen Sie gerne bei den ersten Tagen der Inbetriebnahme mit Melkrobotern. Mit Erreichen des Rentenalters ziehe ich mich nun etwas zur\u00fcck und stehe als Reserve zur Verf\u00fcgung, wenn die jungen&hellip; <\/p>\n","protected":false},"author":3,"featured_media":0,"parent":0,"menu_order":19,"comment_status":"closed","ping_status":"closed","template":"","meta":{"footnotes":""},"class_list":["post-17","page","type-page","status-publish","hentry"],"_links":{"self":[{"href":"https:\/\/www.harrytuinier.nl\/de\/wp-json\/wp\/v2\/pages\/17","targetHints":{"allow":["GET"]}}],"collection":[{"href":"https:\/\/www.harrytuinier.nl\/de\/wp-json\/wp\/v2\/pages"}],"about":[{"href":"https:\/\/www.harrytuinier.nl\/de\/wp-json\/wp\/v2\/types\/page"}],"author":[{"embeddable":true,"href":"https:\/\/www.harrytuinier.nl\/de\/wp-json\/wp\/v2\/users\/3"}],"replies":[{"embeddable":true,"href":"https:\/\/www.harrytuinier.nl\/de\/wp-json\/wp\/v2\/comments?post=17"}],"version-history":[{"count":54,"href":"https:\/\/www.harrytuinier.nl\/de\/wp-json\/wp\/v2\/pages\/17\/revisions"}],"predecessor-version":[{"id":2727,"href":"https:\/\/www.harrytuinier.nl\/de\/wp-json\/wp\/v2\/pages\/17\/revisions\/2727"}],"wp:attachment":[{"href":"https:\/\/www.harrytuinier.nl\/de\/wp-json\/wp\/v2\/media?parent=17"}],"curies":[{"name":"wp","href":"https:\/\/api.w.org\/{rel}","templated":true}]}}