{"id":15,"date":"2016-11-09T13:40:05","date_gmt":"2016-11-09T12:40:05","guid":{"rendered":"https:\/\/www.harrytuinier.nl\/?page_id=15"},"modified":"2025-12-29T10:15:33","modified_gmt":"2025-12-29T09:15:33","slug":"home-welkom","status":"publish","type":"page","link":"https:\/\/www.harrytuinier.nl\/de\/","title":{"rendered":"Home \/ Wilkommen"},"content":{"rendered":"<div class=\"pdfprnt-buttons pdfprnt-buttons-page pdfprnt-top-right\"><a href=\"https:\/\/www.harrytuinier.nl\/de\/wp-json\/wp\/v2\/pages\/15?print=pdf\" class=\"pdfprnt-button pdfprnt-button-pdf\" target=\"_blank\" ><img decoding=\"async\" src=\"https:\/\/www.harrytuinier.nl\/wp-content\/plugins\/pdf-print\/images\/pdf.png\" alt=\"image_pdf\" title=\"PDF anzeigen\" \/><\/a><a href=\"https:\/\/www.harrytuinier.nl\/de\/wp-json\/wp\/v2\/pages\/15?print=print\" class=\"pdfprnt-button pdfprnt-button-print\" target=\"_blank\" ><img decoding=\"async\" src=\"https:\/\/www.harrytuinier.nl\/wp-content\/plugins\/pdf-print\/images\/print.png\" alt=\"image_print\" title=\"Inhalt drucken\" \/><\/a><\/div><p><strong>Wilkommen auf die Website von Harry Tuinier<\/strong><\/p>\n<p><strong><em>Berater Milchviehbetriebe mit DeLaval Melkroboter<\/em><\/strong><\/p>\n<p><em><span style=\"color: #0000ff;\">Juni 2010 wurde auf dieser <span style=\"color: #3366ff;\">Website<\/span> der erste Tipp des Monats ver\u00f6ffentlicht.<br \/>\n<\/span><\/em><em><span style=\"color: #0000ff;\">Mittlerweile sind 150 Tipps drauf.<br \/>\nNat\u00fcrlich k\u00f6nnen alle Tipps auf dieser Website unter Tipp des Monats und im Tipp Archiv gelesen werden! Suchen Sie im Men\u00fc unter Tipp des Monats nach den neuesten Tipps und die Kategorie Tipps, \u00fcber die Sie mehr erfahren m\u00f6chten! <\/span><\/em><\/p>\n<p><em><span style=\"color: #0000ff;\">F\u00fcr spezifische Fragen \/ Tipps k\u00f6nnen Sie die Schl\u00fcsselwortfunktion bei &#8222;Suche&#8220; verwenden. <\/span><\/em><\/p>\n<p><em><span style=\"color: #0000ff;\">Tipps mit immer dem Ziel: &#8222;Mehr Gewinn und mehr Spa\u00df mit Ihrem Unternehmen!&#8220;<br \/>\n<\/span><\/em><br \/>\n<a href=\"https:\/\/www.harrytuinier.nl\/de\/category\/tip-van-de-maand\/\">&#8211; Klicken Sie hier f\u00fcr den letzten Tipp des Monats &#8211;<\/a><br \/>\n<a href=\"https:\/\/www.harrytuinier.nl\/de\/tipsincategorieen\/\">&#8211; Klicken Sie hier f\u00fcr die Tipps in Kategorien &#8211;<\/a><\/p>\n<p>&nbsp;<\/p>\n<p>Melkmaschinenhersteller DeLaval produziert seit 20 Jahren Melkroboter. Dieser Roboter wird als <strong>VMS<\/strong> bezeichnet. VMS ist abgeleitet vom Englischen und steht f\u00fcr &#8222;<strong>V<\/strong>oluntary <strong>M<\/strong>ilking <strong>S<\/strong>ystem&#8220;. Ins Deutsche Ubersetzt hei\u00dft das &#8222;Freiwilliges Melk System&#8220;.<\/p>\n<p>Ein VMS als \u00a0(Melk)Roboter zu bezeichnen kann (insbesondere f\u00fcr einen Burger) als verwirrend empfunden werden. Beim Roboter denkt man schon schnell an die Autoindustrie wo Roboter viele Arbeitsablaufe systematisch nach festen Protokollen abarbeiten.<br \/>\nBeim VMS ist es gerade so dass die Herde viel mehr Freiheit bekommt! K\u00fche werden in die Gelegenheit gestellt ihre nat\u00fcrlichen Verhaltensweisen aus zu dr\u00fccken: \u00a0Fressen, liegen, bewegen und melken nach eigenem Bed\u00fcrfnis!<\/p>\n<p><span style=\"font-family: Helvetica, sans-serif; font-size: 14px; font-style: normal; font-weight: 400;\"><strong>Warum DeLaval:<\/strong><\/span><\/p>\n<p>Dieses Melksystem hilft die Kuh richtig zu managen. Denn mit ihrer Vorbehandlungsbecher &#8222;putzt sie wie eine Mutter und stimuliert wie ein Kalb&#8220;. Danach wird sie sehr gut gemolken, ist f\u00fcr den Landwirt immer leicht zug\u00e4nglich und gibt nach dem Melken klare Daten f\u00fcr eine gute Bewirtschaftung an den Landwirt zur\u00fcck.<\/p>\n<p>Deshalb: <em>&#8222;Wenn eine Kuh selber entscheiden k\u00f6nnte w\u00fcrde ihr die Wahl nicht schwer fallen!&#8220; <\/em><br \/>\n(Als de koe z\u00e8lf mocht kiezen, dan wist ze het wel!&#8220;)<br \/>\nSo ist ein VMS gedacht und bedacht. Deshalb ist \u00a0<strong>VMS<\/strong> ein besserer Name als Melkroboter<\/p>\n<p><img loading=\"lazy\" decoding=\"async\" class=\"alignleft\" src=\"https:\/\/www.harrytuinier.nl\/content\/uploads\/images\/20161003_152451.jpg\" alt=\"\" width=\"300\" height=\"200\" \/> W\u00e4hrend des ersten Tages, dass der Landwirt mit einem VMS startet, bekommt er eine Vielzahl von Informationen.<br \/>\nNach der Inbetriebnahme macht sich der Landwirt schnell mit den Grundlagen vertraut und es ist Zeit, mehr \u00fcber das Programm und die Einstellungen zu erfahren. Vertiefung in M\u00f6glichkeiten, Listen und Datenanalyse die der VMS bietet. Wir bieten hierf\u00fcr, in Zusammenarbeit mit DeLaval, mit Herd Manager Berater (HMB),\u00a0<span style=\"font-family: Helvetica, sans-serif; font-size: 14px; font-style: normal; font-weight: 400;\">dem VMS Nutzer<\/span><span style=\"font-family: Helvetica, sans-serif; font-size: 14px; font-style: normal; font-weight: 400;\">\u00a0<\/span><span style=\"font-size: 14px;\">hilfreiche Tipps und Anregungen an.<\/span><\/p>\n<p>Der VMS von DeLaval ist technisch so weit entwickelt und die Kenntnis der technischen Beratung so gro\u00df, dass der VMS bei tausenden Unternehmern sehr gut funktioniert. Unterschiedliche Ergebnisse, sowohl technisch als wirtschaftlich werden noch verursacht durch Kuhkentnisse des individuellen Nutzers und Interpretation der Daten die der VMS liefert.<\/p>\n<p>Gerade dass ist es was mich fasziniert! Ein Unternehmen mit VMS sollte eine bessere Milchleistung mit geringerer Zellzahl bewerkstelligen k\u00f6nnen als ein Unternehmen mit herk\u00f6mmlichen Melkstall !! Siehe: <em>&#8222;Erfolgreiches Melken mit einem VMS&#8220;<\/em><\/p>\n<p>Harry Tuinier war 20 Jahre lang selbst\u00e4ndiger Landwirt in Elahuizen, Friesland, Niederland . Hobbys: \u00a0K\u00fche! \u00a0Sowohl die Zucht alsauch \u00a0Pflege des Viehs. Schon schnell wurde klar, dass mit Ern\u00e4hrungsversorgung und gutem Management schneller\u00a0Ergebnisse erreicht werden k\u00f6nnen als mit Zucht. Vielleicht muss man sagen: Investieren in Zucht, Zuchtentscheidungen, bringt nur Geld wenn ein gutes Aufzucht und Kuhmanagement folgt!<br \/>\nIn dieser Zeit habe ich viele M\u00f6glichkeiten getestet um die Produktion der Herde auf zu stocken und gleichzeitig die Lebensdauer der K\u00fche zu verl\u00e4ngern.<\/p>\n<p>Sp\u00e4ter bin ich als Selbstst\u00e4ndiger Unternehmer in verschiedene Brangen t\u00e4tig gewesen. Sowohl f\u00fcr Landwirte, als auch f\u00fcr viele andere Unternehmen. Daraus ergibt sich eine breite Perspektive, sowohl in landwirtschaftlichen Betrieben als ihrer Umgebung.<\/p>\n<p>Seit 2001 bin ich meist f\u00fcr DeLaval t\u00e4tig. Vor allem bei der Inbetriebnahme von Melkrobotern des Typs VMS Classic und bei\u00a0 VMS V300.<br \/>\nMit unseren Einmelkservice wird auf unseren Expertiese zur\u00fcck gegriffen.<\/p>\n<p>Sie k\u00f6nnen nat\u00fcrlich auch direkt Kontakt mit mir aufnehmen.<br \/>\n<img loading=\"lazy\" decoding=\"async\" class=\"size-medium wp-image-1260 alignright\" src=\"https:\/\/www.harrytuinier.nl\/wp-content\/uploads\/2021\/06\/IMG-20210307-WA0021-300x200.jpg\" alt=\"\" width=\"300\" height=\"200\" srcset=\"https:\/\/www.harrytuinier.nl\/wp-content\/uploads\/2021\/06\/IMG-20210307-WA0021-300x200.jpg 300w, https:\/\/www.harrytuinier.nl\/wp-content\/uploads\/2021\/06\/IMG-20210307-WA0021-768x512.jpg 768w, https:\/\/www.harrytuinier.nl\/wp-content\/uploads\/2021\/06\/IMG-20210307-WA0021-1024x683.jpg 1024w, https:\/\/www.harrytuinier.nl\/wp-content\/uploads\/2021\/06\/IMG-20210307-WA0021.jpg 1600w\" sizes=\"auto, (max-width: 300px) 100vw, 300px\" \/>Oder Sie sind noch in der Verkennungsphase ob VMS f\u00fcr Sie die richtige L\u00f6sung ist? Auch in dieser Phase stehe ich Ihnen gern zur Verf\u00fcgung um alles mit Ihnen zu besprechen und eventuell einige Betriebe (sowohl in DE als in NL ) mit Ihnen zu besuchen.<\/p>","protected":false},"excerpt":{"rendered":"<p>Wilkommen auf die Website von Harry Tuinier Berater Milchviehbetriebe mit DeLaval Melkroboter Juni 2010 wurde auf dieser Website der erste Tipp des Monats ver\u00f6ffentlicht. Mittlerweile sind 150 Tipps drauf. Nat\u00fcrlich k\u00f6nnen alle Tipps auf dieser Website unter Tipp des Monats&hellip; <\/p>\n","protected":false},"author":3,"featured_media":0,"parent":0,"menu_order":21,"comment_status":"closed","ping_status":"closed","template":"","meta":{"footnotes":""},"class_list":["post-15","page","type-page","status-publish","hentry"],"_links":{"self":[{"href":"https:\/\/www.harrytuinier.nl\/de\/wp-json\/wp\/v2\/pages\/15","targetHints":{"allow":["GET"]}}],"collection":[{"href":"https:\/\/www.harrytuinier.nl\/de\/wp-json\/wp\/v2\/pages"}],"about":[{"href":"https:\/\/www.harrytuinier.nl\/de\/wp-json\/wp\/v2\/types\/page"}],"author":[{"embeddable":true,"href":"https:\/\/www.harrytuinier.nl\/de\/wp-json\/wp\/v2\/users\/3"}],"replies":[{"embeddable":true,"href":"https:\/\/www.harrytuinier.nl\/de\/wp-json\/wp\/v2\/comments?post=15"}],"version-history":[{"count":111,"href":"https:\/\/www.harrytuinier.nl\/de\/wp-json\/wp\/v2\/pages\/15\/revisions"}],"predecessor-version":[{"id":2791,"href":"https:\/\/www.harrytuinier.nl\/de\/wp-json\/wp\/v2\/pages\/15\/revisions\/2791"}],"wp:attachment":[{"href":"https:\/\/www.harrytuinier.nl\/de\/wp-json\/wp\/v2\/media?parent=15"}],"curies":[{"name":"wp","href":"https:\/\/api.w.org\/{rel}","templated":true}]}}