{"id":1493,"date":"2021-11-30T16:18:06","date_gmt":"2021-11-30T15:18:06","guid":{"rendered":"https:\/\/www.harrytuinier.nl\/?page_id=1493"},"modified":"2025-05-28T15:50:05","modified_gmt":"2025-05-28T13:50:05","slug":"10-jaar-tips-rond-opstart-en-verbouwingen","status":"publish","type":"page","link":"https:\/\/www.harrytuinier.nl\/de\/tipsincategorieen\/10-jaar-tips-rond-opstart-en-verbouwingen\/","title":{"rendered":"Tipps zum Einmelkservice, Inbetriebnahme und Umbau"},"content":{"rendered":"<div class=\"pdfprnt-buttons pdfprnt-buttons-page pdfprnt-top-right\"><a href=\"https:\/\/www.harrytuinier.nl\/de\/wp-json\/wp\/v2\/pages\/1493?print=pdf\" class=\"pdfprnt-button pdfprnt-button-pdf\" target=\"_blank\" ><img decoding=\"async\" src=\"https:\/\/www.harrytuinier.nl\/wp-content\/plugins\/pdf-print\/images\/pdf.png\" alt=\"image_pdf\" title=\"PDF anzeigen\" \/><\/a><a href=\"https:\/\/www.harrytuinier.nl\/de\/wp-json\/wp\/v2\/pages\/1493?print=print\" class=\"pdfprnt-button pdfprnt-button-print\" target=\"_blank\" ><img decoding=\"async\" src=\"https:\/\/www.harrytuinier.nl\/wp-content\/plugins\/pdf-print\/images\/print.png\" alt=\"image_print\" title=\"Inhalt drucken\" \/><\/a><\/div><p><span style=\"color: #3366ff;\"><em>Mein Team und ich unterst\u00fctzen Sie gerne bei den ersten Tagen der Inbetriebnahme mit Melkrobotern.<\/em><\/span><br \/>\n<span style=\"color: #3366ff;\"><em>Mit Erreichen des Rentenalters ziehe ich mich nun etwas zur\u00fcck und stehe als Reserve zur Verf\u00fcgung, wenn die jungen M\u00e4nner verhindert sind.<\/em><\/span><\/p>\n<p><span style=\"color: #3366ff;\"><em>Mit einer guten Vorbereitung (siehe Tipps weiter unten) und motivierten Landwirt und Einmelkteam versuchen wir, einen reibungslosen und angenehmen Start zu erm\u00f6glichen<\/em><\/span>.<\/p>\n<p><em><span style=\"color: #3366ff;\">Z\u00f6gern Sie nicht, uns anzurufen, wir helfen Ihnen mit der gleichen Begeisterung, die Sie bzw. Ihr H\u00e4ndler von uns gewohnt sind<\/span>.<\/em><\/p>\n<p><span style=\"color: #3366ff;\"><em>Harry Tuinier<br \/>\n0031 6 5184 1155<\/em><\/span><\/p>\n<p>&nbsp;<\/p>\n<p><em><strong>November 2013:<\/strong><\/em><\/p>\n<p><strong>Tipps f\u00fcr eine gute Vorbereitung vor dem Einmelken.<\/strong><\/p>\n<p>In letzter Zeit sind und werden viele neue St\u00e4lle gebaut. Zum Gl\u00fcck entscheiden sich viele Landwirte f\u00fcr\u00a0 Automatisches Melken!<\/p>\n<p>Von DeLaval bekommen Sie meistens ein \u201cEinf\u00fchrungsbuch\u201d. In diesem Buch stehen viele Tipps f\u00fcr Sie und Ihre Monteure. Einige wichtige Tipps m\u00f6chte ich Ihnen hier noch einmal auflisten:<\/p>\n<ul>\n<li>Starten Sie mit max. 50-55\u00a0 K\u00fche\u00a0 pro VMS. Sowohl K\u00fche als auch Landwirt m\u00fcssen in der ersten Zeit viel lernen, und dann ist es besser wenn der Roboter nicht zu voll ist. Wenn alles gut l\u00e4uft und alle Tiere einmal gekalbt haben, kann man die Herde um einige Tiere erweitern.<br \/>\n<em>Beim Starten mit dem V300 kann man mit ca. 5 \u2013 10 mehr K\u00fchen pro VMS beginnen.<\/em><br \/>\n<em>Dies liegt an der h\u00f6heren Kapazit\u00e4t von V300.<\/em><\/li>\n<li><span style=\"font-size: 14px;\">Planen Sie den\/die Melkroboter dort ein, wo sich die K\u00fche jetzt auch gerne aufhalten.<\/span><\/li>\n<li style=\"font-size: 14px;\">In der letzten Zeit wenn Sie im Melkstand Melken, pro Kuh vorbehandeln und dann anschliessen, also nicht 3 &#8211; 5 K\u00fche vorbehandeln und dann nacheinander anschliessen.<\/li>\n<li>Melken Sie am letzten Morgen so fr\u00fch wie m\u00f6glich. Wenn die H\u00e4lfte der K\u00fche gemolken ist, sperren Sie sie vorzugsweise in der N\u00e4he des Roboters ein, damit wir mit diesen K\u00fchen beginnen k\u00f6nnen, und melken Sie dann die zweite H\u00e4lfte der K\u00fche und sperren Sie dies K\u00fche woanders ein.<\/li>\n<li>Wenn die Futter Methode ge\u00e4ndert wird, z.B.\u00a0 bei TMR, \u00a0sollte dies schon mindestens 2 bis 3 Wochen vor Aufstarrt geschehen, um den Tieren die M\u00f6glichkeit zu geben sich an die neue Ration (und schmackhaft Kraftfutter Pellets) zu gew\u00f6hnen.<\/li>\n<li>Strukturfutter ist sehr wichtig f\u00fcr die Gesundheit und insbesondere die Aktivit\u00e4t der Kuh.<br \/>\nBei ausreichender Struktur in der Ration lernt die Kuh also schneller!<br \/>\nAber auch rund um den Start kommt es manchmal vor beim Fressen und Trinken das die Afnahme verst\u00f6rt werd. Oder die Kuh frisst auch Kraftfutter von der Vorg\u00e4ngerkuh, weil sie Angst hatte.<br \/>\nDann kann eine kleine zus\u00e4tzliche Struktur rund um den Start dem entgegenwirken.<\/li>\n<li>Alle (VMS) Tiere sollten 4 Wochen vor Aufstarrt die Klauen geschnitten werden. Bei Neubau oder neuen Laufwegen sollte der Zeitraum ca. 3 Monate sein um Problemen mit d\u00fcnnen klauen \/ Sauer aus neuen Beton vor zu beugen.<\/li>\n<li>Der VMS kann sehr viel ( auch ung\u00fcnstige Euter)\u00a0 Tiere melken, dennoch sollten Sie vor Aufstarrt die Herde kritisch beurteilen und Problemk\u00fche vorzeitig aussortieren. Tiere die weniger als 15 Kg Milch pro Tag geben und in n\u00e4chster Zukunft\u00a0 Trocken gestellt werden m\u00fcssen, sollten Sie vor Aufstarrt bedenken das diese Tiere viel Arbeit geben und es viel M\u00fche kostet um diesen Tieren das Automatische Melken bei zu bringen. Auch Chronisch Hohe Zellzahlen sind ein Kriterium um Tiere aus zu sortieren.<br \/>\nWelche Zitzenpositionen wohl und welche der VMS nicht melken kann das wei\u00df man meistens vorher und sonst ganz schnell.<\/li>\n<li>Scheren Sie k\u00fcrz vor Aufstarrt Euter und Schwanz, damit die Tiere sauber sind!<\/li>\n<li>Stellen Sie einige Einweg Tore in den alten oder in den Jungvieh Stall, wenn die sp\u00e4ter in den neuen Stall \/ bei Roboter kommen, damit sich die Tiere daran gew\u00f6hnen k\u00f6nnen.<\/li>\n<li>Sorgen Sie daf\u00fcr dass am Tage des Aufstarrt keine anderen Arbeiten (Bauma\u00dfnahmen oder Landarbeit) n\u00f6tig sind. Sie k\u00f6nnen sich dann voll und ganz auf den Aufstarrt konzentrieren und lernen das \u201cneue Melken\u201d schneller. Das Einmelkteam hat viele Info f\u00fcr Sie, nehmen Sie sich die Zeit hierf\u00fcr, es lohnt sich!!<\/li>\n<li>Um die Herde in Gruppen zu teilen werden beim Aufstarrt einige Tore (Land-) Gatter<img loading=\"lazy\" decoding=\"async\" class=\"size-medium wp-image-2537 alignright\" src=\"https:\/\/www.harrytuinier.nl\/wp-content\/uploads\/2024\/11\/Inmelk-hekken-2-300x139.jpg\" alt=\"\" width=\"300\" height=\"139\" srcset=\"https:\/\/www.harrytuinier.nl\/wp-content\/uploads\/2024\/11\/Inmelk-hekken-2-300x139.jpg 300w, https:\/\/www.harrytuinier.nl\/wp-content\/uploads\/2024\/11\/Inmelk-hekken-2-1024x473.jpg 1024w, https:\/\/www.harrytuinier.nl\/wp-content\/uploads\/2024\/11\/Inmelk-hekken-2-768x355.jpg 768w, https:\/\/www.harrytuinier.nl\/wp-content\/uploads\/2024\/11\/Inmelk-hekken-2-1536x710.jpg 1536w, https:\/\/www.harrytuinier.nl\/wp-content\/uploads\/2024\/11\/Inmelk-hekken-2.jpg 2000w\" sizes=\"auto, (max-width: 300px) 100vw, 300px\" \/> ben\u00f6tigt. Stellen Sie diese am Tag vorher schon bereit. Beim FeedFirst\u00a0 brauchen wir weniger, aber sollten einige, verschiedenfarbige, Markierstifte vorhanden sein.<\/li>\n<li>Bitten Sie ein paar zus\u00e4tzliche Leute, dabei zu helfen, sicherzustellen, dass die K\u00fche \u2248 in den ersten zwei Wochen nach Einmelken oft genug am Tag gemolken werden, bis sie es selbst verstehen.<\/li>\n<\/ul>\n<p>&nbsp;<\/p>\n<p>&nbsp;<\/p>\n<p><em><strong>Juni 2011:<\/strong><\/em><\/p>\n<p><strong>Sie haben Bau- oder Umbaupl\u00e4ne?<\/strong><\/p>\n<p>Dann sollten Sie folgende Stellungnahme ber\u00fccksichtigen:<\/p>\n<p><em>In 3 Minuten\u00a0 habe ich, oder: allein kann ich:<\/em><\/p>\n<ul>\n<li>eine frisch gekalbte Kuh im VMS<\/li>\n<li>eine Kuh mit Klau Problemen in der Behandelbox<\/li>\n<li>eine zu behandelnde Kuh separiert<\/li>\n<li>eine trockene Kuh umgestellt<\/li>\n<li>eine zum Verkaufen Kuh separiert<\/li>\n<li>ein Rind umgestellt<\/li>\n<li>ein Kalb umgestellt<\/li>\n<\/ul>\n<p><em>In der neuen Stallsituation sehe ich 3 mahl an Tag :<\/em><\/p>\n<ul>\n<li>die laktierenden K\u00fche<\/li>\n<li>die trockenen K\u00fche<\/li>\n<li>frisch gekalbte K\u00fche<\/li>\n<li>Jungtiere und F\u00e4rsen<\/li>\n<li>K\u00e4lber<\/li>\n<li>die Sensoren der Futterschnecken beim VMS<\/li>\n<\/ul>\n<p>In der neuen Stallsituation\u00a0 brauchen meine K\u00fche nur selten eine 90 Grad Drehung zu machen, dadurch werden die Klauen wesentlich mehr geschont. Dies gilt nat\u00fcrlich auch f\u00fcr meine Trockenen K\u00fche!<\/p>\n<p>Aber wahrscheinlich haben Sie selber noch viel mehr W\u00fcnsche dies betreffende!<\/p>\n<p>&nbsp;<\/p>\n<p><em><strong>Januar 2020:<\/strong><\/em><\/p>\n<p><strong>Glatter F\u00fctterungsbereich f\u00fcr Futtertisch.<\/strong><\/p>\n<p>Wenn der Fressplatz vor dem Fressgitter sch\u00f6n glatt ist, k\u00f6nnen Sie das Futter leichter schieben und die Futterreste leicht entfernen. So macht die Arbeit f\u00fcr den Bauer mehr Spa\u00df.<br \/>\nUnd die K\u00fche fressen auch den Futter sauberer weg.<\/p>\n<p>Raue B\u00f6den sind schwerer sauber zu halten und viele weitere Pilze und Bakterien verstecken sich in ihnen.<br \/>\nDas bedeutet weniger lecker, es stinkt manchmal nur.<\/p>\n<p>Die Nase der Kuh ist nicht zuf\u00e4llig sehr nahe am Maul und das Ergebnis ist logischerweise eine geringere Futteraufnahme.<br \/>\nUnd mit der Futteraufnahme k\u00f6nnen leicht einige Pilze, Krankheitserreger und Infektionen eindringen.<\/p>\n<p>Ein raues F\u00fctterungsplatz ist nicht nur f\u00fcr die Futteraufnahme und damit f\u00fcr die Milchproduktion, sondern auch schlecht f\u00fcr die Widerstandskraft der Kuh.<\/p>\n<p>Eine Investition in einen Bereich mit glattem Fressplatz ist also spa\u00df f\u00fcr Kuh und Bauer.<\/p>\n<p>&nbsp;<\/p>\n<p><em><strong>Juni 2018<\/strong><\/em><\/p>\n<p><strong>Kuhfl\u00fcsterer.<\/strong><\/p>\n<p>An vielen Orten werde ich \u201cDe Kuhfl\u00fcsterer\u201d genannt.<br \/>\nDas ist an sich eine Ehre, aber eigentlich Unsinn nat\u00fcrlich.<\/p>\n<p>Was wahr ist, ist, dass ich die Kuh f\u00fcr eine lange Zeit bekommen kann, wohin wir sie schicken wollen.<\/p>\n<p>Ich kenne keinen Stock oder schreie.<br \/>\nWas hilft, ist zu versuchen zu denken, was eine Kuh denkt.<\/p>\n<p>Denn die Kuh muss oft irgendwo von ihrem vertrauten Bereich zu dem gehen, was sie nicht wei\u00df und nicht will. Zum Beispiel zum ersten Mal im Melkroboter. Dies gilt aber auch f\u00fcr den Umzug in den Stall, von einer Gruppe, von einem Stroh Box, in eine Klauenpflegebox, usw.<\/p>\n<p>Deshalb gr\u00fcbelt die Kuh dar\u00fcber, ob es auch Fluchtm\u00f6glichkeiten gibt! Zur\u00fcck in ihre sichere Umgebung. Das ist auch tief in ihre Natur.<\/p>\n<p>Eine Kuh Schlagen mit der Hand oder Stick (oder Schock ..), sorgt daf\u00fcr, dass die Kuh sich Konzentriert auf wo sie geschlagen wird, wo es weh tut, so auf dem R\u00fccken oder Arsch, und nicht wirklich darauf zu achten, wohin sie gehen muss.<\/p>\n<p>Wir stellen zuerst sicher, dass die M\u00f6glichkeit, nach links oder rechts zu fliehen, unm\u00f6glich ist.<\/p>\n<p>Gitter, am liebsten die bewegen k\u00f6nnen, sind f\u00fcr die Kuh sehr einfach und klar: Nag Links oder rechts geht nicht.<img loading=\"lazy\" decoding=\"async\" class=\"size-medium wp-image-2536 alignright\" src=\"https:\/\/www.harrytuinier.nl\/wp-content\/uploads\/2024\/11\/Inmelkhekken-1-300x139.jpg\" alt=\"\" width=\"300\" height=\"139\" srcset=\"https:\/\/www.harrytuinier.nl\/wp-content\/uploads\/2024\/11\/Inmelkhekken-1-300x139.jpg 300w, https:\/\/www.harrytuinier.nl\/wp-content\/uploads\/2024\/11\/Inmelkhekken-1-1024x473.jpg 1024w, https:\/\/www.harrytuinier.nl\/wp-content\/uploads\/2024\/11\/Inmelkhekken-1-768x355.jpg 768w, https:\/\/www.harrytuinier.nl\/wp-content\/uploads\/2024\/11\/Inmelkhekken-1-1536x710.jpg 1536w, https:\/\/www.harrytuinier.nl\/wp-content\/uploads\/2024\/11\/Inmelkhekken-1.jpg 2000w\" sizes=\"auto, (max-width: 300px) 100vw, 300px\" \/><br \/>\nIndem sie mit dem Schwanz in der Hand hinter der Kuh steht, wei\u00df der Kuh, dass es auch nicht zur\u00fcck geht.<\/p>\n<p>Dann warte ich normalerweise, bis die Kuh sieht, wohin sie gehen kann (und muss).<br \/>\nUnd dann reicht oft ein freundlicher, aber dringender Schub.<\/p>\n<p>Das kann zwar etwas l\u00e4nger dauern, aber gibt f\u00fcr Kuh- und Viehhalter viel weniger Stress.<\/p>\n<p>Die Kuh wird sich besser an ihren ersten Besuch erinnern, und Sie werden verstehen, was das wert ist!<br \/>\nUnd der Bauer sieht seine K\u00fche sehr ruhig die neue Situation erleben, und das ist sehr gesund ?<\/p>\n<p>Also auch hier: \u201cWenn die Kuh selbst die Entscheidung machen durfte (zwischen Stock oder Gitter, Treibe Tore), wusste sie es!<\/p>\n<p>&nbsp;<\/p>\n<p><em><strong>M\u00e4rz 2023:<\/strong><\/em><\/p>\n<p><strong>Drei Stufen hoch und drei Stufen runter.<\/strong><\/p>\n<p><em>Sie haben Bau- oder Renovierungspl\u00e4ne?<\/em><\/p>\n<p>Heutzutage wird beim Bau des Roboterspots oft ein Brunnen in der N\u00e4he des Roboters gemacht. Dies ist sehr n\u00fctzlich, wenn Sie etwas mit der Kuh und dem Euter machen m\u00f6chten. Offensichtlich keine Behandlungen, die bei der Kuh schmerzhafte und schlechte Erinnerungen an den Roboterbesuch hervorrufen.<br \/>\nDann sind <span style=\"text-decoration: underline;\">drei Stufen nach unten<\/span> eine sch\u00f6ne Gr\u00f6\u00dfe, um alles erreichen zu k\u00f6nnen.<\/p>\n<p>F\u00fcr die B\u00fcror\u00e4ume sind <span style=\"text-decoration: underline;\">drei Stufen nach oben<\/span> sehr angenehm.<br \/>\nWenn die B\u00fcror\u00e4ume an einem sch\u00f6nen Ort sind, haben Sie einen sch\u00f6nen Blick auf die K\u00fche &#8222;und den Stall!&#8220;<br \/>\n(\u00dcber den Roboter hinweg in den Stall schauen zu k\u00f6nnen ist oft nog drei Stufen h\u00f6her).<\/p>","protected":false},"excerpt":{"rendered":"<p>Mein Team und ich unterst\u00fctzen Sie gerne bei den ersten Tagen der Inbetriebnahme mit Melkrobotern. Mit Erreichen des Rentenalters ziehe ich mich nun etwas zur\u00fcck und stehe als Reserve zur Verf\u00fcgung, wenn die jungen M\u00e4nner verhindert sind. Mit einer guten&hellip; <\/p>\n","protected":false},"author":3,"featured_media":0,"parent":2031,"menu_order":16,"comment_status":"closed","ping_status":"closed","template":"","meta":{"footnotes":""},"class_list":["post-1493","page","type-page","status-publish","hentry"],"_links":{"self":[{"href":"https:\/\/www.harrytuinier.nl\/de\/wp-json\/wp\/v2\/pages\/1493","targetHints":{"allow":["GET"]}}],"collection":[{"href":"https:\/\/www.harrytuinier.nl\/de\/wp-json\/wp\/v2\/pages"}],"about":[{"href":"https:\/\/www.harrytuinier.nl\/de\/wp-json\/wp\/v2\/types\/page"}],"author":[{"embeddable":true,"href":"https:\/\/www.harrytuinier.nl\/de\/wp-json\/wp\/v2\/users\/3"}],"replies":[{"embeddable":true,"href":"https:\/\/www.harrytuinier.nl\/de\/wp-json\/wp\/v2\/comments?post=1493"}],"version-history":[{"count":54,"href":"https:\/\/www.harrytuinier.nl\/de\/wp-json\/wp\/v2\/pages\/1493\/revisions"}],"predecessor-version":[{"id":2671,"href":"https:\/\/www.harrytuinier.nl\/de\/wp-json\/wp\/v2\/pages\/1493\/revisions\/2671"}],"up":[{"embeddable":true,"href":"https:\/\/www.harrytuinier.nl\/de\/wp-json\/wp\/v2\/pages\/2031"}],"wp:attachment":[{"href":"https:\/\/www.harrytuinier.nl\/de\/wp-json\/wp\/v2\/media?parent=1493"}],"curies":[{"name":"wp","href":"https:\/\/api.w.org\/{rel}","templated":true}]}}