{"id":1489,"date":"2021-11-30T16:17:29","date_gmt":"2021-11-30T15:17:29","guid":{"rendered":"https:\/\/www.harrytuinier.nl\/?page_id=1489"},"modified":"2024-05-31T09:27:24","modified_gmt":"2024-05-31T07:27:24","slug":"10-jaar-tips-over-weiden-bij-robotmelken","status":"publish","type":"page","link":"https:\/\/www.harrytuinier.nl\/de\/tipsincategorieen\/10-jaar-tips-over-weiden-bij-robotmelken\/","title":{"rendered":"Tipps zum Weiden beim Robotermelken"},"content":{"rendered":"<div class=\"pdfprnt-buttons pdfprnt-buttons-page pdfprnt-top-right\"><a href=\"https:\/\/www.harrytuinier.nl\/de\/wp-json\/wp\/v2\/pages\/1489?print=pdf\" class=\"pdfprnt-button pdfprnt-button-pdf\" target=\"_blank\" ><img decoding=\"async\" src=\"https:\/\/www.harrytuinier.nl\/wp-content\/plugins\/pdf-print\/images\/pdf.png\" alt=\"image_pdf\" title=\"PDF anzeigen\" \/><\/a><a href=\"https:\/\/www.harrytuinier.nl\/de\/wp-json\/wp\/v2\/pages\/1489?print=print\" class=\"pdfprnt-button pdfprnt-button-print\" target=\"_blank\" ><img decoding=\"async\" src=\"https:\/\/www.harrytuinier.nl\/wp-content\/plugins\/pdf-print\/images\/print.png\" alt=\"image_print\" title=\"Inhalt drucken\" \/><\/a><\/div><p><em><strong>April 2024:<\/strong><\/em><\/p>\n<p><strong>Keine Zeiten, K\u00fche zu Weiden.<\/strong><\/p>\n<p>Im Sommer ist es nicht gut, K\u00fche zwischen etwa 13:00 und 17:00 Uhr drau\u00dfen zu grasen.<br \/>\nDann ist es einfach zu hei\u00df, insbesondere f\u00fcr produktive K\u00fche.<br \/>\nUnd das passt nicht zum nat\u00fcrlichen Rhythmus der Kuh.<br \/>\nSie m\u00f6chte morgens ihren Pansen voll fressen und bei warmem Wetter im Schatten wiederk\u00e4uen.<\/p>\n<p>Und abends noch einmal Pansen voll essen und dann an einem sicheren, gesch\u00fctzten Ort wiederk\u00e4uen.<\/p>\n<p>Der Stall ist ideal f\u00fcr ein schattiges und gesch\u00fctztes Pl\u00e4tzchen&#8230;<br \/>\nBer\u00fccksichtigen Sie diesen Umstand bei den Melkzeiten und Selektionstoreinstellungen.<br \/>\nLassen Sie die K\u00fche fr\u00fchmorgens nach dem Melken nach drau\u00dfen gehen und geben Sie ihr abends, wenn die Hitze nach dem Melken vor\u00fcber ist, die Erlaubnis, wieder nach drau\u00dfen zu gehen.<\/p>\n<p>Stellen Sie sicher, dass der Fressgang leer ist (wenn es 4 bis 6 Uhr ist), wenn Sie die Tiere drau\u00dfen haben m\u00f6chten, und bringen Sie frisches Futter erst gegen 11 Uhr zum Fressgitter, wenn Sie ihre K\u00fche wieder drinnen haben m\u00f6chten.<br \/>\nNachmittags\/abends dito).<\/p>\n<p>Dann sind die Futteraufnahme und die Anzahl der Melkungen pro Tag oft nicht so schlecht.<\/p>\n<p>Und: Die Tragf\u00e4higkeit des Bodens im Fr\u00fchjahr ist wichtiger als die Grasmenge darauf. Dann lernen sie die t\u00e4glichen Runden am schnellsten.<\/p>\n<p>&nbsp;<\/p>\n<p><em><strong>Mai 2017:<\/strong><\/em><\/p>\n<p><strong>Roboter &amp; Wiese.<\/strong><\/p>\n<p>F\u00fcr eine erfolgreiche Beweidung in Betrieben mit Melkrobotern sind einige Regeln sehr wichtig:<\/p>\n<ul>\n<li>Weiden lernen die als Jungvieh!<br \/>\nSowohl das Gras fressen und den Umgang mit Schl\u00f6ssern und Z\u00e4unen erlernen.<br \/>\nAber auch bei wechselnden Wetterbedingungen weitermachen.<\/li>\n<li>Stichwort bei Weiden ist \u201c<strong>Fr\u00fch<\/strong>\u201d: Ausgehen Fr\u00fch:\u00a0 <span style=\"text-decoration: underline;\">Fr\u00fch<\/span> im Jahr, <span style=\"text-decoration: underline;\">fr\u00fch<\/span> am Morgen und <span style=\"text-decoration: underline;\">fr\u00fch<\/span>, also in jungen Jahren zu lernen, sind wichtig f\u00fcr erfolgreich Weiden.<\/li>\n<li>Haben Sie eine gute Vorstellung von was erreichbar ist. Ist viel Gras in der Kuh in Wiese und wenig F\u00fctterung im Stall erreichbar, oder Gras nur als Nachspeise, eine Wiese als Spaziergang, ein Spielplatz, und dann viel in Stall f\u00fcttern. Dies ist sehr abh\u00e4ngig von der Hektar Grasland, erreichbar Wiese, im Vergleich zu der Anzahl der K\u00fche.<\/li>\n<li>Wenn Sie dies \u00fcbersch\u00e4tzen, werden Sie bei der geringsten Wetter\u00e4nderung, Wetterwechsel, oder weiter in der Saison im Probleme sein.<\/li>\n<li>K\u00fche m\u00fcssen immer gefordert oder eingeladen werden, um sich zu bewegen: Wenn sie in der Stall sind, m\u00f6chten sie auf die Weide gehen, sie sind auf der Weide, m\u00fcssen die auch wieder zum Roboter \/ Stall wollen.<\/li>\n<li>Dies wird am besten erreicht, indem den K\u00fchen jeden Tag (zu jeder Zeit) frisches Gras zur Verf\u00fcgung gestellt wird und im Stall neue Nahrung gegeben wird, wenn sie drau\u00dfen sind.<\/li>\n<li>Das Beste ist, wenn der Kuh Roboter nur erreichen k\u00f6nnen, wenn sie den Stall betreten und erst nach einem Besuch des Roboters den F\u00fctterungszaun erreichen k\u00f6nnen.<\/li>\n<li>K\u00fche m\u00fcssen in der Lage sein, die Weide au\u00dferhalb des Kuhstalls leicht zu betreten und haben vorzugsweise immer die Stall in Sicht.<\/li>\n<li>Das Selektion Tor, Smartgate, kann es viel einfacher machen.<\/li>\n<li>Der Weg zum Wiese muss breit genug sein, vorzugsweise eine zweispurige Stra\u00dfe, aber auf jeden Fall so, dass dominante K\u00fche wenigsten Chance haben, andere zu stoppen.<\/li>\n<li>Trinken ist wichtig, vor allem bei warmem Wetter, aber vorzugsweise auf einem gepflasterten Weg auf dem Weg zur Stall.<\/li>\n<\/ul>\n<p>\u201eStichting Weidegang\u201c (Universit\u00e4t Wageningen) hat 5 M\u00f6glichkeiten ausgearbeitet, mit welcher die richtige Politik ist. Welche Uhrzeit darf man die K\u00fche drau\u00dfen lassen, ab wann nicht mehr, wann soll man sie im Stall f\u00fcttern. u.s.w.<\/p>\n<p>Es wird angenommen, dass die durchschnittliche Kuh pro Tag 15 kg Raufutter-Trockensubstanz verbraucht.<\/p>\n<p>Option 1 ist maximal Wiesengras, was bedeutet, dass 13 kg Gras von Wiese und 2 kg Raufutter in der Stall hinzugef\u00fcgt werden.<\/p>\n<p>M\u00f6glichkeit 5 ist mit mindeste Weide Gras 2 kg und 13 kg Erg\u00e4nzungsfuttermittel im Stall.<\/p>\n<p>Und es gibt die Optionen 2, 3, 4 zwischen mit immer weniger Gras und mehr Zuf\u00fctterung als eine Option.<\/p>\n<p>Von Natur aus isst die Kuh morgens fr\u00fch am liebsten und am Abend vor Einbruch der Dunkelheit f\u00e4llt. Und dann, sicher versteckt, z.B. unter einem Baum Wiederkauen.<\/p>\n<p>Mit frischem Gras oder p\u00fcnktlicher Abholung macht das Weiden mehr Spa\u00df.<\/p>\n<p>Der Baum wurde jetzt durch das Dach des Kuhstalls ersetzt.<\/p>\n<p>Wenn das Wetter warm ist, k\u00f6nnen Sie es verwenden, indem Sie die K\u00fche mehr am Abend und in der Nacht anstatt am Tag grasen lassen.<\/p>\n<p>&nbsp;<\/p>\n<p><em><strong>August 2018:<\/strong><\/em><\/p>\n<p><strong>Ist Weiden mit Melkrobotern ein Nachteil?<\/strong><\/p>\n<p>Vielleicht, weil den ganzen Tag m\u00fcssen\u00a0 K\u00fche gemolken werden.<\/p>\n<p>Aber als ein ber\u00fchmter Fu\u00dfballspieler einmal hat gesagt: \u201eJeder Nachteil hat sein Vorteil\u201c, dass beim Melken und Weiden mit Melkrobotern auch klar ist, vor allem, wenn es so hei\u00df ist.<\/p>\n<p>In der Natur a\u00df Kuh am Morgen vor und w\u00e4hrend Sonnenaufgang schnell ihres Panzen voll und dann im Schatten, gesch\u00fctzt unter B\u00e4umen am liebsten ruhig alle geerntete Gras Wiederk\u00e4uen f\u00fcr verdauen.<\/p>\n<p>Bei Sonnenuntergang tat sie das gleiche und ging dann wieder gesch\u00fctzt zum Wiederk\u00e4uen, um auch den wilden Tieren zu entkommen.<br \/>\nAm Abend ist das Gras am leckersten und die Kuh frisst am meisten, am Morgen ist das Gras mit dem Tau etwas weniger lecker und s\u00fc\u00df.<\/p>\n<p>Mit diesem Verhalten produzierte sie genug Milch f\u00fcr ihr Kalb und Energie f\u00fcr ihre Erhaltung.<br \/>\nAber heutzutage muss diese Kuh 4 bis 5 mal so viel Milch geben.<\/p>\n<p>Der Vorteil: Dieses nat\u00fcrliche Verhalten kann mit Robotermelken perfekt imitiert werden!<br \/>\nBei den nicht-robot Melkende Betriebe sind die sch\u00f6nsten Weiden Zeiten oft die Melkzeiten \u2026.<\/p>\n<p>Stellen Sie die Zeiten am Selektionstor auf etwas f\u00fcr Sonnenaufgang ein. Also im Fr\u00fchling gegen 6 Uhr, und um den l\u00e4ngsten Tag und \/ oder bei warmem Wetter, so dass die ersten ab ca. 4 Uhr ausgehen k\u00f6nnen! Denn darf Futtertisch leer sein, das bringt sie dazu, nach drau\u00dfen zu gehen.<\/p>\n<p>Wenn es hei\u00df wird, werden die K\u00fche statt 13.00 Uhr, zB 10.00 \/ 11.00 Uhr, in den Stall Futter gegeben. Das ist jetzt der gesch\u00fctzte, sicherer, coole Ort. Die Scheune muss nat\u00fcrlich frische Luft haben.<\/p>\n<p>Und dann macht man auch alle Kuhkontroll-Dinge, die man ausf\u00fchren muss.<\/p>\n<p>Abends gleich, die K\u00fche gehen erst wenn die meiste W\u00e4rme Stunden vorbei sind, ca. 16.00 Uhr und bei sehr w\u00e4rmes Wetter 17.00 \/ 18.00 Uhr, raus und wenn es dunkel wird, neues Futter f\u00fcr den Futtertisch oder das Futter, mit etwas L\u00e4rm, anschieben.<\/p>\n<p>Passen Sie Futtermengen und Eiwei\u00dfzufuhr am Futtetisch immer an die Grasversorgung an.<\/p>\n<p>Mit der Hitze und Trockenheit dieses Jahr wird die Grasaufnahme nicht viel darstellen und ist die Anzahl der Stunden angenehm drau\u00dfen am wichtigsten.<\/p>\n<p>So ist es immer noch m\u00f6glich, die Kuh auch bei diesen warmes Wetter maximal zu f\u00fcttern, mit ausreichend Roboterbesuchen, damit sie ihre Produktion und Kondition einigerma\u00dfen stabil h\u00e4lt.<\/p>\n<p>&nbsp;<\/p>\n<p><em><strong>Mai 2021:<\/strong><\/em><\/p>\n<p><strong>Weiden: Summe: Wie gro\u00df sollten die Weidefl\u00e4chen sein?<\/strong><\/p>\n<p>Oder wie lange k\u00f6nnen K\u00fche in einem Weideflache oder einer Teil laufen?<\/p>\n<p><em>Sie k\u00f6nnen jetzt unter harry@harrytuinier.nl ein Excel f\u00fcr die nachstehende Berechnung anfordern<\/em><br \/>\n<em>Dies kann sowohl f\u00fcr den Landwirt als auch f\u00fcr den Auszubildenden ein n\u00fctzliches Werkzeug sein.<\/em><br \/>\n<em>Halten Sie die Hektar nat\u00fcrlich etwas breiter.<\/em><\/p>\n<p>&nbsp;<\/p>\n<p>Wenn es im Fr\u00fchjahr gut w\u00e4chst, w\u00e4chst es mindestens 100 kg Trocken Massa pro Hektar pro Tag. Dies nimmt in der Vegetationsperiode ab, von etwa 80 kg pro Tag, und im Herbst oder w\u00e4hrend der D\u00fcrre kann es auf weniger als 40 kg pro Tag zur\u00fcck fallen.<\/p>\n<p>Wenn K\u00fche \u00fcber l\u00e4ngere Zeit in derselbe Weide laufen, ist es ausreichend, um anzufangen mit grasen, wenn 800 \u2013 1000 kg TM vorhanden sind auf einem Hektar (ist ca. 10 cm.). Andernfalls wird letzteres schnell zu lang und die K\u00fche zu selektiv.<\/p>\n<p>Angenommen, Sie haben 100 K\u00fche und m\u00f6chten, dass diese 6 kg Gras pro Tag fressen. Das sind 600 kg TM Gras. Sie m\u00f6chten Ihre K\u00fche 10 Tage lang auf diesem Grundst\u00fcck laufen lassen. Das bedeutet insgesamt 10 x 600 = 6000 kg TM.<\/p>\n<p>Sie haben sie in 1000 kg TM Gras gelegt, das darauf war.<br \/>\nIn diesen 10 Tagen wachst es auch 80 kg TM pro Tag = 800 kg.<br \/>\n1000 kg vorhandenes + 800 kg Wachstum = 1800 kg vorhandenes Gras.<\/p>\n<p>Wenn die K\u00fche entfernt werden, sollte immer noch 1000 kg TM pro ha vorhanden sein. So ist das Wachstum, 80 kg pro Tag zum Beispiel, zu essen.<\/p>\n<p>Die Anforderung betr\u00e4gt 100 K\u00fche x 6 kg TM. Gras Aufnahme x 10 Tage = 6.000 kg TM.<br \/>\n6.000 kg Gras ben\u00f6tigt geteilt durch 800 Ertrag bedeutet, dass Sie daf\u00fcr 7,5 ha Gr\u00fcnland ben\u00f6tigen. Es ist sicher, etwas mehr zu nehmen.<\/p>\n<p><strong>Summe:<\/strong><\/p>\n<p>100 K\u00fche x 6 kg TM. X 10 Tage = 6000 kg TM.<\/p>\n<p>10 Tage Wachstum x 80 kg = 800 kg TM. 6000 : 800 = 7,5 ha<\/p>\n<p><strong>Ihre Situation:<\/strong><\/p>\n<p>\u2026\u2026 K\u00fche x\u2026 kg TM. X\u2026. Tage = \u2026\u2026\u2026 kg TM<\/p>\n<p>\u2026.\u00a0\u00a0 Tage Wachstum x.\u2026. kg = \u2026\u2026 .. kg. TM. \u2026\u2026\u2026: \u2026\u2026\u2026 = \u2026\u2026 ha<\/p>\n<p>Wenn Sie jeden Tag Roterend Standweiden, New Dutch Weiden oder mit anderen Worten jeden Tag eine frische Weideecke machen, k\u00f6nnen Sie anfangen wenn das Gras Angebot beispielsweise 1500 kg TM ist. Wenn es \u201efertig\u201c ist, gibt es noch + 600 kg TM Also 900 kg wurden gegessen. Es gibt zus\u00e4tzlich 80 kg Wachstum = 980 Gras zu essen.<\/p>\n<p>100 K\u00fche x 6 kg TM Aufnahme = 600 kg TM pro Tag erforderlich. 980 kg Trockenmasse pro ha Ernteertrag geteilt durch 600 sind mehr als 0,6 ha pro Tag.<\/p>\n<p>Dann brauchen Sie Bl\u00f6cke von mehr als 0,6 ha pro Tag. F\u00fcr eine Runde \u201eRoterend Stand Weiden\u201c von beispielsweise 15 Tagen: 15 x 0,61 = 9,2 ha. Nehmen Sie auch hier, wenn m\u00f6glich, etwas Ger\u00e4umigeres.<\/p>\n<p><strong>Summe:<\/strong><\/p>\n<p>100 K\u00fche x 6 kg TM x 1 Tag = 600 kg Aufnahme: 980 kg Grasertrag = 0,6 ha pro Tag x Anzahl der Tage = ein Block von 9,2 ha.<\/p>\n<p><strong>Ihre Situation:<\/strong><\/p>\n<p>\u2026. K\u00fche x\u2026 kg TM x 1 Tag = \u2026\u2026. kg Aufnahme:\u2026 \u2026 kg Grasertrag =\u2026 .. ha pro Tag x \u2026\u2026 Tage = ein Block von \u2026. ha.<\/p>\n<p>Vielleicht ist es n\u00fctzlich, daf\u00fcr eine hervorragende Leistung zu erbringen (mit einem Weide Berater?) Und die festen Formeln und Zahlen einzugeben und wie viel zus\u00e4tzliches Futter Sie in der Scheune Futtern wollen.<\/p>\n<p>Mit Ihren Wachstumssch\u00e4tzungen bedeutet dies weniger \u00dcberraschungen und eine konstantere Versorgung der K\u00fche mit Gras.<br \/>\nAlso erfolgreicher grasen.<\/p>\n<p>Denken Sie daran, dass eine Kuh etwa 1 kg TM Gras pro Stunde frisst. Besonders am Abend vor Sonnenuntergang und am Morgen nach Sonnenaufgang fressen die K\u00fche am meisten.<\/p>\n<p>Roboterbetrieben haben wenigsten Probleme damit\u00a0 ?<\/p>\n<p>&nbsp;<\/p>\n<p><em><strong>Mai 2022:<\/strong><\/em><\/p>\n<p><em><strong>Melkberechtigung bei Weiden.<\/strong><\/em><\/p>\n<p>Wenn Sie auf Weiden ein Trennungstor, Selektionstor, verwenden oder den Melkroboter verwenden, um die K\u00fche zum Wiese auszuw\u00e4hlen, kann es sinnvoll sein, die Melkberechtigung etwas niedriger einzustellen, damit mehr K\u00fche <span style=\"font-family: Helvetica, sans-serif; font-size: 14px; font-style: normal; font-weight: 400;\">gemolken<\/span><span style=\"font-family: Helvetica, sans-serif; font-size: 14px; font-style: normal; font-weight: 400;\">\u00a0<\/span><span style=\"font-size: 14px;\">drau\u00dfen k\u00f6nnen.<br \/>\nDas machen wir lieber, als K\u00fchen z. B. 2 Stunden vor dem Melken die Erlaubnis zu sperren, nach drau\u00dfen zu gehen, w\u00e4hrend sie auch nicht gemolken werden d\u00fcrfen.<\/span><\/p>\n<p>Stellen Sie sicher, dass die K\u00fche genug Milch in ihren Euter haben, um gut gemolken zu werden.<\/p>\n<p>&nbsp;<\/p>\n<p><em><strong>Juli 2022:<\/strong><\/em><\/p>\n<p><em><strong>Futterangebot im Stall rechtzeitig erh\u00f6hen.<\/strong><\/em><\/p>\n<p>Trotz der sch\u00f6nen Vegetationsperiode verschlechtert sich die Grasqualit\u00e4t langsam. Wo man in diesem Fr\u00fchjahr noch mit 13 \u2013 15 kg TM bei \u00fcber 1000 VEM (ca. 7 kJ) rechnen konnte, ist das jetzt <span style=\"font-family: Helvetica, sans-serif; font-size: 14px; font-style: normal; font-weight: 400;\">mehr als <\/span><span style=\"font-size: 14px;\">ein kg weniger bei oft mehr als (&gt; 100) VEM ( \u00bd kJ.)weniger. Und gerade wenn K\u00fche bei warmem Wetter auch tags\u00fcber drau\u00dfen sein m\u00fcssen, ist die Aufnahme oft deutlich geringer. Die angestrebte Grasaufnahme von 1 kg TM pro Stunde wird somit nicht mehr erreicht. Vielleicht irgendwann am Abend.<\/span><\/p>\n<p>Das hei\u00dft, jetzt, Juli, sind noch einmal 2 &#8211; 3\u00a0 kg TM Kraftfutter extra ben\u00f6digt im Stall!<\/p>\n<p>Und f\u00fcttern Sie dies nicht vor etwa 11 Uhr. Dadurch wird sichergestellt, dass wenn es f\u00fcr K\u00fche zu hei\u00df auf die Weide werd, um den Stall, Schatten, Roboter zu finden und trotzdem ausreichend zu fressen und VMS zu besuchen.<\/p>\n<p>&nbsp;<\/p>\n<p><em><strong>April 2023:<\/strong><\/em><\/p>\n<p><strong>Anfangen mit Weiden.<\/strong><\/p>\n<p>Der fr\u00fche Beginn im Fr\u00fchjahr ist besonders wichtig, wenn Robotermelken und Beweidung kombiniert werden.<br \/>\nUnd nicht die Grashohe, Grasmenge, sondern die Tragf\u00e4higkeit des Bodens sollte entscheidend sein.<br \/>\nWenn noch nicht viel Gras vorhanden ist, bedeutet dies vor allem, dass die K\u00fche den Zyklus \u2013 Stall \u2013 Melkroboter \u2013 Weide \u2013 Stall\/Fressgitter \u2013 Melkroboter \u2013 Weide \u2013 Usw. schneller lernen.<\/p>\n<p>&nbsp;<\/p>","protected":false},"excerpt":{"rendered":"<p>April 2024: Keine Zeiten, K\u00fche zu Weiden. Im Sommer ist es nicht gut, K\u00fche zwischen etwa 13:00 und 17:00 Uhr drau\u00dfen zu grasen. Dann ist es einfach zu hei\u00df, insbesondere f\u00fcr produktive K\u00fche. Und das passt nicht zum nat\u00fcrlichen Rhythmus&hellip; <\/p>\n","protected":false},"author":3,"featured_media":0,"parent":2031,"menu_order":14,"comment_status":"closed","ping_status":"closed","template":"","meta":{"footnotes":""},"class_list":["post-1489","page","type-page","status-publish","hentry"],"_links":{"self":[{"href":"https:\/\/www.harrytuinier.nl\/de\/wp-json\/wp\/v2\/pages\/1489","targetHints":{"allow":["GET"]}}],"collection":[{"href":"https:\/\/www.harrytuinier.nl\/de\/wp-json\/wp\/v2\/pages"}],"about":[{"href":"https:\/\/www.harrytuinier.nl\/de\/wp-json\/wp\/v2\/types\/page"}],"author":[{"embeddable":true,"href":"https:\/\/www.harrytuinier.nl\/de\/wp-json\/wp\/v2\/users\/3"}],"replies":[{"embeddable":true,"href":"https:\/\/www.harrytuinier.nl\/de\/wp-json\/wp\/v2\/comments?post=1489"}],"version-history":[{"count":43,"href":"https:\/\/www.harrytuinier.nl\/de\/wp-json\/wp\/v2\/pages\/1489\/revisions"}],"predecessor-version":[{"id":2448,"href":"https:\/\/www.harrytuinier.nl\/de\/wp-json\/wp\/v2\/pages\/1489\/revisions\/2448"}],"up":[{"embeddable":true,"href":"https:\/\/www.harrytuinier.nl\/de\/wp-json\/wp\/v2\/pages\/2031"}],"wp:attachment":[{"href":"https:\/\/www.harrytuinier.nl\/de\/wp-json\/wp\/v2\/media?parent=1489"}],"curies":[{"name":"wp","href":"https:\/\/api.w.org\/{rel}","templated":true}]}}