{"id":1485,"date":"2021-11-30T16:16:51","date_gmt":"2021-11-30T15:16:51","guid":{"rendered":"https:\/\/www.harrytuinier.nl\/?page_id=1485"},"modified":"2023-11-08T14:54:48","modified_gmt":"2023-11-08T13:54:48","slug":"10-jaar-tips-over-stalklimaat","status":"publish","type":"page","link":"https:\/\/www.harrytuinier.nl\/de\/tipsincategorieen\/10-jaar-tips-over-stalklimaat\/","title":{"rendered":"Tipps zum Stallklima und zur Stallgestaltung"},"content":{"rendered":"<div class=\"pdfprnt-buttons pdfprnt-buttons-page pdfprnt-top-right\"><a href=\"https:\/\/www.harrytuinier.nl\/de\/wp-json\/wp\/v2\/pages\/1485?print=pdf\" class=\"pdfprnt-button pdfprnt-button-pdf\" target=\"_blank\" ><img decoding=\"async\" src=\"https:\/\/www.harrytuinier.nl\/wp-content\/plugins\/pdf-print\/images\/pdf.png\" alt=\"image_pdf\" title=\"PDF anzeigen\" \/><\/a><a href=\"https:\/\/www.harrytuinier.nl\/de\/wp-json\/wp\/v2\/pages\/1485?print=print\" class=\"pdfprnt-button pdfprnt-button-print\" target=\"_blank\" ><img decoding=\"async\" src=\"https:\/\/www.harrytuinier.nl\/wp-content\/plugins\/pdf-print\/images\/print.png\" alt=\"image_print\" title=\"Inhalt drucken\" \/><\/a><\/div><p><em><strong>August 2023:<\/strong><\/em><\/p>\n<p><strong>Stress im Wartebereich.<\/strong><\/p>\n<p>Ideal ist es, wenn der Warteraum hinten Roboter \u00fcber ausreichend Kapazit\u00e4t f\u00fcr K\u00fche verf\u00fcgt, die in etwa einer Stunde gemolken werden k\u00f6nnen.<br \/>\nAlso ca. 8 oder mehr pro Roboter.<\/p>\n<p>Aber es macht keinen Spa\u00df, wenn man als Kuh eine Stunde (oder l\u00e4nger&#8230;) im Wartebereich steht!<br \/>\nDies passiert am h\u00e4ufigsten bei K\u00fchen, die Angst haben, neu sind, k\u00fcrzlich gekalbt haben, Schmerzen haben, sich durch etwas gest\u00f6rt f\u00fchlen oder nicht gerne im Roboter sind.<\/p>\n<p>Achten Sie darauf, dass sich insbesondere diese K\u00fche m\u00f6glichst kurz im Wartebereich aufhalten.<br \/>\nDer Stress vor dem Melken sollte nie lange anhalten, denn das sind schlechte Erfahrungen und verhindern, dass die Kuh beim n\u00e4chsten Mal problemlos weiterkommt.<\/p>\n<p>&nbsp;<\/p>\n<p><em><strong>April 2022:<\/strong><\/em><\/p>\n<p><strong>Streustr\u00f6me und Erdstrahlen.<\/strong><\/p>\n<p><strong>Streustr\u00f6me oder Kriegstr\u00f6me<\/strong> sind elektrische Str\u00f6me, die einen anderen Weg nehmen als der gew\u00fcnschte Stromkreis.<br \/>\nDer Schaden durch Streustr\u00f6me bei Gleichstrom (z. B. in den Niederlanden und Belgien) ist etwa hundertmal gr\u00f6\u00dfer als bei Streustr\u00f6men bei Wechselstrom.<br \/>\nDie Erkl\u00e4rung ist im Lenzschen Gesetz zu suchen, das daf\u00fcr sorgt, dass Leiterschleifen so klein wie m\u00f6glich gehalten werden. Das hei\u00dft, der R\u00fcckstrom flie\u00dft immer in der N\u00e4he des zugeh\u00f6rigen Versorgungsstroms und liefert Spannung f\u00fcr die Umgebung.<br \/>\n<em>(Wikipedia) Denken Sie auch an zu lange gewendelte Kabel.<br \/>\n<\/em><br \/>\nWenn der Streustrom den gew\u00fcnschten Weg nicht nehmen kann, nimmt sie die Kuh als Weg zur Erde.<br \/>\nEine Kuh mag das nicht\u2026. Sie wird den Ort, an dem sie das erlebt, meiden und nicht gerne dorthin zur\u00fcckkehren.<br \/>\nStreustr\u00f6me k\u00f6nnen an allen Metallen auftreten, auch an Melkrobotern, Kraftfutterboxen, Tr\u00e4nken, aber beispielsweise auch an den (Fress-) Gitter im Stall.<br \/>\nDies kann an unzureichender Erdung liegen, manchmal daran, dass bestimmte Teile unzureichend geerdet sind oder unzureichend gekoppelt sind, d. h. Spannungsunterschiede, mit ordnungsgem\u00e4\u00df geerdeten Teilen.<br \/>\nOft hilft es, besser zu koppeln oder einen (viel) gr\u00f6\u00dferen oder tieferen Erdpfahl zu setzen.<\/p>\n<p>Aber auch Sch\u00e4den an Stromkabeln, zum Beispiel durch Verschlei\u00df, Alter, \u00dcberlastung oder M\u00e4use, k\u00f6nnen zu einer schlechten Erdung f\u00fchren.<br \/>\nOder aufgrund von Sch\u00e4den an elektrischen Ger\u00e4ten.<\/p>\n<p>Wenn das Problem gel\u00f6st ist, muss die Kuh erst einmal erleben, dass der Platz wieder \u201esauber\u201c ist. Das kann dauern, aber eine Kuh ist ein Herdentier, also wenn ein paar K\u00fche wieder normal sind, werden es die anderen fr\u00fcher tun.<\/p>\n<p>Sind Sie im Zweifel? Spannungsunterschiede sind recht einfach zu messen und Sie k\u00f6nnen dies selbst tun.<\/p>\n<p>Ein weiteres Ph\u00e4nomen sind <strong>Erdstrahlen.<\/strong><br \/>\nErdstrahlen wurden nie wissenschaftlich bewiesen. Doch viele Viehz\u00fcchter wissen, dass K\u00fche und vor allem Pferde oft bestimmte Liegepl\u00e4tze auf der Weide bevorzugt haben. Und das hatte nicht immer mit einem trockeneren Ort zu tun.<br \/>\nAuch die Erfahrungen von Viehhaltern, die begonnen haben, mit (Quellen-)Korrektoren zu arbeiten. Die meisten erleben deutliche Verbesserungen. Das kann darauf hindeuten, dass es Orte gibt, an denen Tiere, aber manchmal auch Menschen etwas empfinden, was sie nicht gl\u00fccklich macht, sich an diesem Ort aufzuhalten.<br \/>\nOft sieht man bei den Tieren auch erh\u00f6hte Zellzahlen, ohne dass bei Viertelmilchproben Krankheitserreger nachgewiesen werden konnten.<br \/>\nDas Immunsystem der Kuh befindet sich also aus irgendeinem Grund in einer erh\u00f6hten Alarmphase!?!<br \/>\nEine verminderte Trinkwasseraufnahme konnte auch beobachtet werden, wenn Erdstrahlungen\u00a0 durch die Viehtr\u00e4nken verlaufen.<br \/>\nManchmal sieht man, dass ein Teil der Stall weniger genutzt wird als andere Teile. Und manchmal nicht immer. Oder dass es im Stall nach starken Regenf\u00e4llen noch viel schlimmer wird, weil die Wasseradern gro\u00dfe Mengen Wasser transportieren. Warum passiert dies?<br \/>\nUnterirdische Wasseradern oder undurchl\u00e4ssige B\u00f6den oder versteinerte Schichten oder Br\u00fcche Steinschichten w\u00fcrden daf\u00fcr sorgen, dass die Erdstrahlen nicht austreten oder einen bestimmten Weg nehmen k\u00f6nnen und daher von Mensch und Tier empfunden und als sehr unangenehm empfunden werden.<\/p>\n<p>Auch hier: Sind Sie im Zweifel? Es gibt hier auch Leute, die sich darauf spezialisiert haben.<br \/>\nUrsachen f\u00fcr entt\u00e4uschende Ergebnisse sollten m\u00f6glichst ausgeschlossen werden.<\/p>\n<p>&nbsp;<\/p>\n<p><em><strong>M\u00e4rz 2020:<\/strong><\/em><\/p>\n<p><strong>Frische Luft!<\/strong><\/p>\n<p>Stehendes Wasser, zum Beispiel in Teichen und Gr\u00e4ben, l\u00e4sst Schmutz, Bakterien und Keime leicht \u00fcberleben. Das ist normalerweise leicht zu sehen. Sie werden oft zu \u201cGestankgr\u00e4ben\u201d. Trinkwassertr\u00f6ge haben das gleiche und m\u00fcssen daher gut flie\u00dfen und \/ oder regelm\u00e4\u00dfig aufgefrischt werden, das ist bekannt.<\/p>\n<p>Aber <span style=\"text-decoration: underline;\">nicht bewegende<\/span> Luft ist auch schlecht! Das sieht man nicht und wir gew\u00f6hnen uns an den (stabilen \/ bekannte) Geruch und so f\u00e4llt es nicht auf.<\/p>\n<p>Besonders die hochproduktiven oder nicht fitte K\u00fche haben damit viele Probleme.<br \/>\nK\u00fche, die viel Milch produzieren m\u00fcssen, brauchen auch viel Sauerstoff.<\/p>\n<p>Stellen Sie immer sicher, dass sich im Stall bewegente Luft befindet!<br \/>\nFrische Luft ist ein Vergn\u00fcgen f\u00fcr die Kuh und die Menschen, und auch im Roboterraum oder im Melkstand.<\/p>\n<p>Stellen Sie die Ventilatoren mindestens auf die niedrigste Stufe und \u00f6ffnen Sie die Windschutzvorh\u00e4nge auf einer (?) Seite fr\u00fcher und \u00f6fter. Bedenken Sie, dass auch im Winter, wenn es nicht einmal warm ist, ges\u00e4ttigte Luft durch frische Luft ersetzt werden sollte!<\/p>\n<p>&nbsp;<\/p>\n<p><em><strong>November 2018:<\/strong><\/em><\/p>\n<p><strong>Tageslicht im Stall:<\/strong><\/p>\n<p>In der Natur (Fruher) wurden die K\u00fche im Sommer gedeckt und im Fr\u00fchjahr erneut gekalbt, als das beste Gras und dergleichen f\u00fcr die Milchproduktion der K\u00fche und das Wachstum des neuen Kalbes zur Verf\u00fcgung stand.<br \/>\nDie Kuh ist dort auf eingestellt, ist so entwickelt.<\/p>\n<p>Deshalb ist es immer nag sehr wichtig, die\u00a0 <span style=\"text-decoration: underline;\">Mai-Situation<\/span> \u00a0f\u00fcr die Milchk\u00fche im Stall das ganze Jahr \u00fcber zu simulieren mit stabilem Licht, und das beste, schmackhafter, frisches \u201cMai-qualit\u00e4t\u201d Futter.<\/p>\n<p>Also Beleuchtung im Stall: F\u00fcr die Milchk\u00fche: ca. 16 Stunden Tageslicht, wie in Mai.<br \/>\nF\u00fcr die trockenen K\u00fche und den hochtragend Jungvieh sind die Wintersituation, ca. 8 \u2013 12 Stunden Licht pro Tag ausreichend (Wie im Winter) .<\/p>\n<p>F\u00fcr Jungrinder auch 16 Stunden Tageslicht, dann wachsen die besser und sind fruchtbarer!<\/p>\n<p>Bei gutem Stall-licht k\u00f6nnen Sie die Zeitung im ganzen Stall lesen.<\/p>\n<p>&nbsp;<\/p>\n<p><em><strong>Mai 2018:<\/strong><\/em><\/p>\n<p><strong>Kuhb\u00fcrste.<\/strong><\/p>\n<p>Eine Kuhb\u00fcrste ist sehr angenehm f\u00fcr die Kuh, aber wo h\u00e4ngt sie, ist sie noch gut und funktioniert sie immer noch gut und ist sie f\u00fcr alle K\u00fche einfach ohne Hindernisse oder Begrenzungen leicht zu erreichen?<\/p>\n<p>Denken Sie noch einmal an die dominierende Kuh, die alle Raum beansprucht.<\/p>\n<p>In D\u00e4nemark verlangt das Gesetz: eine Kuhb\u00fcrste an 50 K\u00fchen!<\/p>\n<p>&nbsp;<\/p>\n<p><em><strong>Juli 2015:<\/strong><\/em><\/p>\n<p><strong>Wegen der Hitze dieser Tipp.<\/strong><\/p>\n<p>K\u00fche produzieren selber Natriumcarbonat mit ihrem Speichel und durch Wiederkauen.<\/p>\n<p>Die gro\u00dfe Hitze f\u00fchrt zu einer Reduzierung des Wiederkauens und somit zu einer geringeren Produktion von Natriumcarbonat. Auch durch die schnelle Atmung wird weniger Bikarbonat produziert.<\/p>\n<p>Deshalb ist bei hei\u00dfem wetter eine zus\u00e4tzliche Ration sehr, sehr n\u00fctzlich!<\/p>\n<p>Auch, was Sie \u00fcber das Trinkwasser gelernt haben:<br \/>\nw\u00e4hrend der hei\u00dfen Tagen trinkt eine Kuh 30 \u2013 50 Liter mehr.<\/p>\n<p>Haben die K\u00fche genug sauberes Wasser zur Verf\u00fcgung?<\/p>\n<p>&nbsp;<\/p>\n<p><em><strong>August 2011:<\/strong><\/em><\/p>\n<p><strong>Gesund Klima im Stall<\/strong><\/p>\n<p>Auch dieses Jahr mit seinen enormen Temperaturschwankungen und der extrem hohen Luftfeuchtigkeit zeigt uns wieder wie wichtig Klima Beherrschung im Kuhstall ist. Viel frische Luft und wenn n\u00f6tig auch mechanische Ventilation ist Heutzutage ein Muss in der modernen Milchwirtschaft. Unsere hoch productieven Milchviehherden brauchen (immer mehr) frische Luft. Krankheitserreger, wie zum Beispiel Bakterien und Viren dagegen, f\u00fchlen sich in einem frischen Stall weniger gut Zuhause. Sie gedeihen in einem warmen feuchten Klima wesentlich besser!!<\/p>\n<p>Wenn Sie also in Stall viel Ammoniak oder Grassilage riechen, kann das eine oder andere vielleicht noch verbessert werden. Denken Sie dabei auch an die Stallen wo weniger gereinigt wird, z.B. Abkalbe Stall oder Warteraum.<\/p>\n<p>Achten sie beim Erstellen eines guten Klimaplans auf die am h\u00e4ufigste vorkommende Windrichtung. Wichtig ist auch auf Windhindernisse zu achten. Andere Geb\u00e4ude oder B\u00e4ume k\u00f6nnen die Luftzufuhr erheblich beeintr\u00e4chtigen. Offene Seitenw\u00e4nde, und nicht selten auch offene Vohrw\u00e4nde sorgen im Allgemeinen f\u00fcr gute Luftbewegungen im Stall. Ventilatoren sollten wenn m\u00f6glich so ausgerichtet werden dass ein ordentlicher Luftstrom in die Richtung des VMS blasst. Dies bietet gleich zwei Vorteile , zum einen f\u00fchlt sich die Kuh besser wenn die Luft in Bewegung ist, zum anderen haben die K\u00fche weniger Last von nervigen Fliegen !! Andere Ausrichtungen der Ventilatoren h\u00e4ngt ab von Breite und Einrichtung des Kuhstalls. Abh\u00e4ngig vom Rauminhalt des Stalls sollten die Ventilatoren (immer?) schneller oder weniger schnell drehen.<\/p>\n<p><em>Zugluft ist ungesund, eine frische Brise ist gesund!<\/em><\/p>","protected":false},"excerpt":{"rendered":"<p>August 2023: Stress im Wartebereich. Ideal ist es, wenn der Warteraum hinten Roboter \u00fcber ausreichend Kapazit\u00e4t f\u00fcr K\u00fche verf\u00fcgt, die in etwa einer Stunde gemolken werden k\u00f6nnen. Also ca. 8 oder mehr pro Roboter. Aber es macht keinen Spa\u00df, wenn&hellip; <\/p>\n","protected":false},"author":3,"featured_media":0,"parent":2031,"menu_order":12,"comment_status":"closed","ping_status":"closed","template":"","meta":{"footnotes":""},"class_list":["post-1485","page","type-page","status-publish","hentry"],"_links":{"self":[{"href":"https:\/\/www.harrytuinier.nl\/de\/wp-json\/wp\/v2\/pages\/1485","targetHints":{"allow":["GET"]}}],"collection":[{"href":"https:\/\/www.harrytuinier.nl\/de\/wp-json\/wp\/v2\/pages"}],"about":[{"href":"https:\/\/www.harrytuinier.nl\/de\/wp-json\/wp\/v2\/types\/page"}],"author":[{"embeddable":true,"href":"https:\/\/www.harrytuinier.nl\/de\/wp-json\/wp\/v2\/users\/3"}],"replies":[{"embeddable":true,"href":"https:\/\/www.harrytuinier.nl\/de\/wp-json\/wp\/v2\/comments?post=1485"}],"version-history":[{"count":27,"href":"https:\/\/www.harrytuinier.nl\/de\/wp-json\/wp\/v2\/pages\/1485\/revisions"}],"predecessor-version":[{"id":2336,"href":"https:\/\/www.harrytuinier.nl\/de\/wp-json\/wp\/v2\/pages\/1485\/revisions\/2336"}],"up":[{"embeddable":true,"href":"https:\/\/www.harrytuinier.nl\/de\/wp-json\/wp\/v2\/pages\/2031"}],"wp:attachment":[{"href":"https:\/\/www.harrytuinier.nl\/de\/wp-json\/wp\/v2\/media?parent=1485"}],"curies":[{"name":"wp","href":"https:\/\/api.w.org\/{rel}","templated":true}]}}