{"id":1483,"date":"2021-11-30T16:16:34","date_gmt":"2021-11-30T15:16:34","guid":{"rendered":"https:\/\/www.harrytuinier.nl\/?page_id=1483"},"modified":"2022-04-04T16:59:36","modified_gmt":"2022-04-04T14:59:36","slug":"10-jaar-tips-over-ruwvoerbenutting","status":"publish","type":"page","link":"https:\/\/www.harrytuinier.nl\/de\/tipsincategorieen\/10-jaar-tips-over-ruwvoerbenutting\/","title":{"rendered":"Tipps zur Raufutter nutzung"},"content":{"rendered":"<div class=\"pdfprnt-buttons pdfprnt-buttons-page pdfprnt-top-right\"><a href=\"https:\/\/www.harrytuinier.nl\/de\/wp-json\/wp\/v2\/pages\/1483?print=pdf\" class=\"pdfprnt-button pdfprnt-button-pdf\" target=\"_blank\" ><img decoding=\"async\" src=\"https:\/\/www.harrytuinier.nl\/wp-content\/plugins\/pdf-print\/images\/pdf.png\" alt=\"image_pdf\" title=\"PDF anzeigen\" \/><\/a><a href=\"https:\/\/www.harrytuinier.nl\/de\/wp-json\/wp\/v2\/pages\/1483?print=print\" class=\"pdfprnt-button pdfprnt-button-print\" target=\"_blank\" ><img decoding=\"async\" src=\"https:\/\/www.harrytuinier.nl\/wp-content\/plugins\/pdf-print\/images\/print.png\" alt=\"image_print\" title=\"Inhalt drucken\" \/><\/a><\/div><p><em><strong>Juli 2019:<\/strong><\/em><\/p>\n<p><strong>Verluste bei Futterlagerung.<\/strong><\/p>\n<p>Es wurde oft diskutiert, es ist sehr wichtig, dass was Berechnet ist auch am Futtertisch gefuttert wird.<br \/>\nNach Analysen, wurden in der Regel mit einem Futtermittelberater, eine Berechnung und ein Plan f\u00fcr die Ration erstellt.<\/p>\n<p>Doch oft geht etwas schief, es passiert das die Silage <span style=\"text-decoration: underline;\">warm<\/span> geworden ist oder <span style=\"text-decoration: underline;\">Seiten nicht frisch<\/span> sind was auch Energie- und Geschmacksverlusten gibt, so dass die Kuh weniger frisst und viel weniger Energie erh\u00e4lt als kalkuliert.<\/p>\n<p>Was auch passiert, ist, dass <span style=\"text-decoration: underline;\">u.a. Kr\u00e4hen, Staren, Enten<\/span>, insbesondere mit dem Maislagerung einen halben Tag zum Beispiel die Maisk\u00f6rner suchen. Sie nehmen nicht nur Energie, St\u00e4rke weg aber wurzeln in der Lagerung (hei\u00df?), sondern schei\u00dfen auch in die Nahrung.<\/p>\n<p>Dies geschieht auch im Stall.<\/p>\n<p>Sauberes Arbeiten im Silage Lagerung und Ziehen einer Abdeckung \u00fcber die offene Lagerung kann einfach verhindern, dass ein Gro\u00dfteil von Geschmack \/ Energie verloren geht.<\/p>\n<p>Stall \u201cVogelabwehrend machen\u201d ist nicht einfach.<\/p>\n<p>Achten Sie auch darauf, ob die <span style=\"text-decoration: underline;\">Sonne<\/span> nicht zu voll <span style=\"text-decoration: underline;\">auf die Schnittfl\u00e4che<\/span> der Lagerung scheint, weil das auch mehr als gew\u00fcnscht trocknet und erw\u00e4rmt.<\/p>\n<p>&nbsp;<\/p>\n<p><em><strong>Januar 2019:<\/strong><\/em><\/p>\n<p><strong>Machen Sie das Beste aus besten Silage.<\/strong><\/p>\n<p>Es war ein weiteres besonderes Jahr f\u00fcr die Silage Ernte.<\/p>\n<p>Nach einem sehr guten ersten Grasschnitt bekamen die meisten Bauern einen zweiten Schnitt, der wegen der D\u00fcrre oft weniger, schlechter, und manchmal sehr St\u00e4ngel\u00e4hnlich war.<\/p>\n<p>Der Mais ist auch dieses Jahr sehr unterschiedlich. Einige Bauern haben sehr guten Mais, andere haben zu wenig, wenig St\u00e4rke und es bleibt im Lagerung fast nicht kalt.<\/p>\n<p>Wie sieht dein Vorrat aus?<\/p>\n<p>Und vor allem: F\u00fcr wie viele Monate haben Sie qualitativ hochwertiges Raufutter f\u00fcr die Milchgebende K\u00fche? Wie lange k\u00f6nnen Sie es verteilen?<\/p>\n<p>Wenn dies wesentlich k\u00fcrzer ist als die Winter- oder Raufutter Periode, ist es wichtig, rechtzeitig Ma\u00dfnahmen zu ergreifen, damit Sie die beste Raufutter f\u00fcr die Milchk\u00fche so lange wie m\u00f6glich dehnen. Wir sollten nicht denken, dass diese guten K\u00fche Milch mit sehr schlechter Raufutter Qualit\u00e4t abgeben sollten.<\/p>\n<p>Einige Ma\u00dfnahmen als Beispiel:<\/p>\n<p>Geben Sie nicht laktierenden Tieren andre Futtermittel. (Trockene K\u00fche auf \u201cgeh\u00e4mmertem\u201d Stroh?)<br \/>\nBei Produktionsgruppen ergeben die niedrig Leistung K\u00fche\u00a0 (teilweise) andere Raufutter.<br \/>\nW\u00e4hlen Sie die schlechteste K\u00fche der Herde streng aus.<br \/>\nK\u00fche rechtzeitig oder fr\u00fcher Trocken stellen.<\/p>\n<p>Auch bei Nebenprodukten, die die Ration korrigieren, sowohl in Bezug auf die Menge als auch auf die Art der Erg\u00e4nzung, ist dieses Jahr ein Spezialgebiet.<\/p>\n<p>Konsultieren Sie dies kritisch mit Ihrem Futterberater, seien Sie nicht zu schnell zufrieden dar\u00fcber, dass die Qualit\u00e4t niedriger ist\u00a0 in diesem Jahr. Er \/ Sie wird auch in diesem Jahr neue Erfahrungen mitbringen und die L\u00f6sungen, die in Ihrer Umgebung durchgef\u00fchrt werden, k\u00f6nnen Ihnen bei Ihrer Auswahl helfen!<\/p>\n<p>&nbsp;<\/p>\n<p><em><strong>September 2017:<\/strong><\/em><\/p>\n<p><strong>Frei Produkte f\u00fcr den Futterzaun.<\/strong><\/p>\n<p>K\u00fche wissen oft sehr gut, was sie brauchen.<\/p>\n<p>Deshalb kann es sinnvoll sein, immer etwas freies Heu vor den F\u00fctterungszaun zu legen.<br \/>\nWenn alles gut geht, ist Ihre Ration mit Grassilage und Mais und irgendwelchen Nebenprodukten immer die schmackhafteste, also bevorzugen sie es zu essen!<br \/>\nDie ersten paar Tage essen sie haupts\u00e4chlich aus Neugier, aber danach nur, wenn sie es m\u00f6gen oder denken, sie brauchen es, nehmen sie Heu oder Stroh, sonst nicht.<\/p>\n<p>Oft sieht man K\u00fche kurz nach dem Kalben und K\u00fche, die nicht fit sind, nehmen doch etwas mit.<br \/>\nEs muss nat\u00fcrlich sch\u00f6nes und leckeres Heu sein.<\/p>\n<p>Auch wenn es nicht mehr viel (Leckereien) f\u00fcr den Futterzaun gibt, kann die Kuh dieses freie Heu essen und den Pansen aktiv und den pH-Wert stabiler halten!<br \/>\nUnd wenn sie es nicht nehmen, ist das ein gutes Zeichen, dann ist Ihre Ration gut f\u00fcr Schmackhaftigkeit,\u00a0 f\u00fclle Panzen, Struktur.<\/p>\n<p>Es gibt auch Viehz\u00fcchter, die gute Erfahrungen mit freiem Natriumbikarbonat und freiem Salz in einem Fass oder einer Tonne vor dem Futterzaun machen.<br \/>\nDann sieht man beispielsweise bei hei\u00dfem Wetter sofort den Nutzungszuwachs.<\/p>\n<p>Und dann bekommen die K\u00fche es auch nicht, die es nicht brauchen.<\/p>\n<p>Konsultieren Sie die M\u00f6glichkeiten mit Ihrem Futterberater.<\/p>\n<p>&nbsp;<\/p>\n<p><em><strong>Januar 2017:<\/strong><\/em><\/p>\n<p><strong>Ration, Weihnachtsgef\u00fchl bei K\u00fche.<\/strong><\/p>\n<p>Habt Ihr \u00fcber die Feiertage zu lecker und eigentlich zu viel\u00a0 gegessen? Vielleicht ein Nickerchen etwas l\u00e4nger als \u00fcblich gemacht, alles etwas sp\u00e4ter, auch die Stallarbeit.<\/p>\n<p>Wir nennen das\u00a0 \u201eV\u00f6llegef\u00fchl\u201c oder \u201etr\u00e4ge\u201c: <span style=\"font-family: Helvetica, sans-serif; font-size: 14px; font-style: normal; font-weight: 400;\">Weihnachtsgef\u00fchl<\/span><\/p>\n<p>Bei den K\u00fchen besteht die Gefahr vom \u201eV\u00f6llegef\u00fchl\u201c, wenn die Futterration zwar lecker mit vielen Komponenten ist aber nicht ausgewogen .<br \/>\nz.B. zu viel St\u00e4rke, zu viel schwer verdauliche Futterkomponente oder im Gegenteil zu viel leicht verdauliche Futterkomponente verursachen eine Art von dem gleichen Gef\u00fchl.<\/p>\n<p>Das kann auch passieren wenn der Futtertisch eine Stunde oder l\u00e4nger leer ist und dominante K\u00fche nach der F\u00fctterung zu viel in dem Moment fressen, und die anderen K\u00fche sp\u00e4ter nur das aussortierte Futter bekommen. So erhalten diese K\u00fche nicht die berechnete Ration.<\/p>\n<p>Auch bei einem Gruppenwechsel, z.B. von Trockensteher zu melkende K\u00fche, besteht oft eine gro\u00dfe Ver\u00e4nderung in der Futterration.<\/p>\n<p>Eine gute F\u00fctterung h\u00e4lt die K\u00fche aktiv und gesund.<\/p>\n<p>Beobachten Sie die K\u00fche im Stall: Roboterbesuche, Ruhephasen, wo und wie bewegen sich die K\u00fche im Stall, wie ist die (Wiederk\u00e4uer) Aktivit\u00e4t, etc.<\/p>\n<p>&nbsp;<\/p>\n<p><em><strong>Juni 2016:<\/strong><\/em><\/p>\n<p><strong>Wiederk\u00e4uaktivit\u00e4t.<\/strong><\/p>\n<p>Etwa 50 \u2013 70 % der K\u00fche sollten am Wiederkauen sein.<br \/>\nDas sollte man regelm\u00e4\u00dfig kontrollieren!<\/p>\n<p>Bei jeder einzelnen Kuh sollten zwischen jedem neuen Hochw\u00fcrgen 60 \u2013 70 Kauvorg\u00e4nge sein. Wenn es weniger sind, ist zu wenig Struktur im Futter.<br \/>\nWenn es mehr sind ist es auch nicht gut, oder zu viel Struktur und das bedeutet meist zu wenig Energie im Futter, aber es kann auch sein das <span style=\"font-family: Helvetica, sans-serif; font-size: 14px; font-style: normal; font-weight: 400;\">der Kuh<\/span><span style=\"font-family: Helvetica, sans-serif; font-size: 14px; font-style: normal; font-weight: 400;\">\u00a0<\/span><span style=\"font-size: 14px;\">versucht mit viel Speichel mehr Natriumbikarbonat zu produzieren weil sie es schwer hat der pH-Wert im Pansen im Gleichgewicht zu halten, wenn er zu hoch steigt (Acidose).<\/span><\/p>\n<p>Besonders bei Silage Wechsel, regelm\u00e4\u00dfig leere Futtertisch, und hei\u00dfem Wetter sollt man dies kontrollieren.<\/p>\n<p>&nbsp;<\/p>\n<p><em><strong>Oktober 2014:<\/strong><\/em><\/p>\n<p><strong>Grassilage mischen<\/strong><\/p>\n<p>In diesem Jahr konnte sehr viel Raufutter geerntet werden, wiederum mit sehr <span style=\"text-decoration: underline;\">unterschiedlicher<\/span> Qualit\u00e4t. So konnte bei vielen Betrieben der erste Schnitt schon fr\u00fch in Fr\u00fchjahr gem\u00e4ht werden. Diese Silage hat einen hohen Energiewert und enth\u00e4lt viel Rohprotein. Wenn dann noch ein niedriger Wert an Trockensubstanz dazu kommt wird die Silage schon schnell zum \u201cStein im Magen\u201d. Diese Silage f\u00fchrt bei vielen Tieren zu Verdauungsproblemen.<\/p>\n<p>Am besten ist es wenn Sie diese Silage mischen k\u00f6nnen mit anderen Silagen, zum Beispiel mit Silage von Juli- August.<\/p>\n<p>Dasselbe gilt f\u00fcr Gras was Sie im (Sp\u00e4t-herbst)\u00a0 noch m\u00e4hen wollen. Viel Protein, wenig Energie und weniger Schmackhaft f\u00fchrt unwiderruflich zu niedriger Aufnahme!<\/p>\n<p>Deshalb ist es in vielen F\u00e4llen sinnvoll um extreme Silagen \u00fcber einen l\u00e4ngeren Zeitraum zum F\u00fcttern zu verteilen (mischen).<\/p>\n<p>Besprechen Sie die Ration sorgf\u00e4ltig mit Ihrem Futterberater, vor allem aber die <span style=\"text-decoration: underline;\">Verteilung \u00fcber das ganze Jahr,<\/span> damit Sie trotz der Top-Qualit\u00e4ten und der gro\u00dfen Raufuttermengen nicht einige Monate nicht das besten Ration f\u00fcr die wichtigsten Tieren machen k\u00f6nnen&#8230;<\/p>\n<p>&nbsp;<\/p>\n<p><em><strong>September 2014:<\/strong><\/em><\/p>\n<p><strong>Maisernte<\/strong><\/p>\n<p>Die Maiserntesaison kommt wieder auf uns zu!<br \/>\nDurch langj\u00e4hrige Erfahrung werden jedes Jahr viele gute Mais Silagen angelegt. Doch manchmal treten auch \u201ckleine\u201d Fehler auf, wie zum Beispiel zu fr\u00fche Ernte.<\/p>\n<p>Wenn der Mais zu fr\u00fch geerntet wird (weniger als 30% TM) und noch nicht reif ist besteht die Gefahr auf Azidose, \u00dcbers\u00e4uerung des Pansens. Dies f\u00fchrt unwiderruflich zu weniger Milch produzieren.<br \/>\nBei einem VMS Betrieb wobei die K\u00fche freiwillig zum VMS kommen m\u00fcssen bedeutet dies nat\u00fcrlich eine extra Belastung, denn K\u00fche die sich nicht 100% wohlf\u00fchlen kommen nicht regelm\u00e4\u00dfig zum VMS und die Milchproduktion kommt noch mehr unter Druck zu stehen. Bei schleppender Azidose k\u00f6nnen Sie mit 0.2 bis 0.5 weniger VMS Besuchen pro Tag rechnen.<\/p>\n<p>F\u00fcttern Sie hierbei noch kurze und nasse (Herbst) Silage zu dann ist die Ration kaum noch zu korrigieren. Ernten Sie ihren Mais daher zum richtigen Zeitpunkt! TM &gt; 30%, gut geh\u00e4ckselt, sehr gut fest gefahren und achten Sie auf die richtige H\u00f6he und Breite des Silohaufens, sodass Sie die ben\u00f6tigte Vorschubgeschwindigkeit erreichen damit der Mais kalt bleibt, keine schmutzige Stellen und Schimmel keine Chance hat.<\/p>\n<p><em><strong>In 2 Tagen bestimmen Sie einen Gro\u00dfteil Ihren Einkommens!!!<\/strong><\/em><\/p>\n<p>&nbsp;<\/p>\n<p><em><strong>Dezember 2012:<\/strong><\/em><\/p>\n<p><strong>Raufutteraufnahme verbessern.<\/strong><\/p>\n<p>2012 war ein Wachstum reiches Jahr.\u00a0 An vielen Stellen viel mehr als genug Regen, gute Temperaturen mit weniger Sonnenlicht. Al das sorgte f\u00fcr viel oder sehr viel Wachstum. Wenn eine Kuh extra viel Milch gibt, wird sie oft belohnt mit etwas extra Kraftfutter. Das Grassland bekommt in dieser Situation oft nicht extra Kunstd\u00fcnger, mit der Folge dass wohl gen\u00fcgend Masse geerntet werden kann, das aber die Energiedichtheit oft zu gering ist.<\/p>\n<p>Weniger Sonne bedeutet automatisch weniger Zucker in Gras, und im Anschluss daran weniger Schmackhaftes Gras und Silage\u2026!\u00a0 Bakterien ben\u00f6tigen Zucker um dies um zu setzen in Milchs\u00e4ure, welche dringend ben\u00f6tigt wird damit der G\u00e4rungsprozess erfolgreich sein kann. Die Bakterien nehmen sich Ihren Teil, und damit bleibt dann zu wenig Zucker \u00fcbrig f\u00fcr den Geschmack. Die Analyse zeigt dann oft gute Werte, aber die Silage ist dann oft nicht Schmackhaft genug. Meistens sind wir froh wenn Grassilagen nicht zu kurz gem\u00e4ht sind, aber in diesem Jahr scheinen die sp\u00e4ter gem\u00e4hte Silage im Nachteil zu sein. Raufaser ist von sich aus nicht Schmackhaft, kommt aber in diesen Silagen mehr vor. Arbeitstechnisch wird es auf vielen Betrieben immer schwerer um nachmittags oder abends zu m\u00e4hen, was resultieren wurde in h\u00f6herem Zuckeranteil.<\/p>\n<p>Bei vielen Betrieben sehen wir in diesem Jahr vergleichsweise schlechtere (Milch)Produktion weil die K\u00fche zu wenig aus der Grundfutterration holen (wie schnell das geht sehen Sie im Tipp Sept. 2011).\u00a0 Grundfutteraufnahme sinkt um 10-20%\u00a0 wenn die K\u00fche einmal pro Tag weniger zum Futtertisch kommen, oder aufh\u00f6ren zu fressen wenn der gr\u00f6\u00dfte Hunger gestillt ist.<\/p>\n<ul style=\"list-style-type: disc;\">\n<li>Zeigen die Ergebnisse dasselbe was Sie mit Ihren H\u00e4nden f\u00fchlen?<\/li>\n<li>Ist das Grundfutter schmackhaft genug?<\/li>\n<li>K\u00f6nnen Sie kurz und lang gem\u00e4hte Silage kombinieren oder mengen?<\/li>\n<li>Kompensieren Sie was im Grundfutter fehlt?<\/li>\n<\/ul>\n<p>Zum Beispiel:<\/p>\n<ul>\n<li>Gute Silage, gute Analyse aber die Herde frisst zu wenig: Melasse??<\/li>\n<li>Mittelgute Silage, Energie Dichtheit, Zucker und Geschmack zu knapp: R\u00fcben(press) Schnitzel??<\/li>\n<li>Viel Raufaser, aber die Verdauung ist schlecht: Biertr\u00e4ber??<\/li>\n<li>&#8230;&#8230;&#8230;&#8230;&#8230;&#8230;&#8230;.?<\/li>\n<\/ul>\n<p>Weil Futter zukaufen in diesem Jahr besonders teuer ist, ist es umso wichtiger das zusammen mit Ihren (Futter)- Berater alle M\u00f6glichkeiten einbezogen werden und erst dann gezielt zugekauft wird. So werden die Kosten maximal begrenzt.<\/p>\n<p>&nbsp;<\/p>\n<p><em><strong>Juli 2012<\/strong><\/em><\/p>\n<p><strong>\u201eZwischen Tipp\u201c\u00a0 Lagerung von speziellen Raufutterchargen.<\/strong><\/p>\n<p>Hey, hey, endlich sch\u00f6nes Wetter und wir k\u00f6nnen wieder m\u00e4hen! Und auch eine sch\u00f6ne Ernte!<\/p>\n<p>Denken Sie daran, dass dieses Gras mit wenig Sonne und viel Wasser gewachsen ist, wenn die Temperaturen f\u00fcr Juli zu niedrig sind. Wenn Sie dies erkennen, lassen Sie diese Grassilage in der n\u00e4chsten Wintersaison <span style=\"text-decoration: underline;\">nicht den Hauptanteil<\/span> der Ration Ihrer Milchk\u00fche bilden!<br \/>\nEine entt\u00e4uschende Produktion ist zu vorhersehbar.<br \/>\nDenken Sie also jetzt daran, wo und wie Sie diese Silage lagern!<\/p>\n<p>&nbsp;<\/p>\n<p><em><strong>September 2011:<\/strong><\/em><\/p>\n<p><strong>Aufnahme und Nutzung von Energie aus Raufutter<\/strong><\/p>\n<p>Fr\u00fchlingsgras enth\u00e4lt mehr als 1000 VEM (&gt;7 NEL) (und ist sehr lecker! Bei Sommer- und Herbstgras sinkt dieser auf \u00b1 950 VEM.<br \/>\nAngenommen, eine Kuh frisst 18 kg TM Fr\u00fchlingsgras, viel mehr als Herbstgras, zum Beispiel:<br \/>\n18 kg ds x 1000 = 18.000 VEM ( ist gut f\u00fcr die K\u00f6rperpflege und\u00a0 \u00a0\u00b1 28 Liter)<br \/>\n15 kg ds x \u00a0 950 = 14.250 VEM ( ist gut f\u00fcr die K\u00f6rperpflege und \u00a0 \u00b1 20 Liter)<br \/>\nUnterschied \u2026\u2026. 3.750 VEM<\/p>\n<p>1 kg Konzentrat hat \u00b1 950 VEM. Ab August muss man Silage und\/oder Mais meist Trockenmasse zuf\u00fcgen, aber auch das hat nicht das VEM von Fr\u00fchjahrsgras. Wenn Sie also die Hochleistungsk\u00fche kompensieren m\u00f6chten, ben\u00f6tigen Sie 3 \u2013 4 kg zus\u00e4tzliches (Kraft-)Futter\u2026<br \/>\nK\u00fche mit geringerer Leistungsf\u00e4higkeit ben\u00f6tigen oft 14.000 VEM.<\/p>\n<p>Gleiches gilt in diesem Jahr f\u00fcr die verschiedenen Silagen, die Fr\u00fchjahrssilage ist energiereich und sehr schmackhaft mit viel Zucker. Auch hier kann man sich darauf verlassen, dass die K\u00fche einfach 2 kg mehr fressen als von der Silage aus sp\u00e4teren Schnitten oder aus dem letzten Jahr. (Es ist auch wahrscheinlicher, dass Sie extra servieren, wenn\u00a0 Mutter sehr gut gekocht hat.)<br \/>\nAlso auch dann nur noch ein Einbruch der Aufnahme am Fressgitter von 2 x 950 VEM = 1900 VEM pro Kuh pro Tag! Das sind auch 2 kg zus\u00e4tzliches Futter, um das VEM-Niveau zu halten\u2026. Dar\u00fcber hinaus gibt es auch gro\u00dfe Schwankungen bei Rohprotein etc.<\/p>\n<p>Es ist sehr schwierig, die Milchleistung alle Saizonen hoch zu behalten. Also wieder eine Motivation, m\u00f6glichst viele Lager \u00fcber das Jahr zu verteilen. Denn Schwankungen, insbesondere beim Rohprotein, sind nicht nur schlecht f\u00fcr die Produktion, sondern auch schlecht f\u00fcr Hufrehe und Resistenzen.<br \/>\nUnd hat somit auch gro\u00dfen Einfluss auf ein konstanteres Besuchsverhalten der Kuh beim Melkroboter!<\/p>\n<p>Ein zus\u00e4tzliches Problem in diesem Jahr ist, dass die 2. und 3. Schnittgrube dieses Jahr fast unm\u00f6glich kalt zu halten ist.<br \/>\nWenn dieser Buckel also (zu?) gro\u00df ist, unterscheiden sich die Silageanalysen von der Silage am Fressgitter und:<\/p>\n<p><strong>\u2026.. ist nicht eigentlich die Futtergeschwindigkeit f\u00fcr die Ration zust\u00e4ndig, anstatt du\u2026.??<\/strong><\/p>\n<p>&nbsp;<\/p>\n<p><em><strong>Mai 2011:<\/strong><\/em><\/p>\n<p><strong>Ganzj\u00e4hrige Versorgung mit Raufutter<\/strong><\/p>\n<p>Sie haben vollkommen recht, wenn Sie jetzt m\u00e4hen wollen, stellen Sie sich vor, dass wir bald eine ebenso lange Nassperiode haben werden wie eine Trockenperiode!<\/p>\n<p>Aber denken Sie dar\u00fcber nach, wie Sie dies lagern sollen, der Unterschied beim Raufutter k\u00f6nnte in diesem Jahr sehr gro\u00df werden und daher in der kommenden Saison besonders schwierig, eine gute Ration zu machen!<\/p>\n<p>&nbsp;<\/p>\n<p><em><strong>M\u00e4rz 2011:<\/strong><\/em><\/p>\n<p><strong>Raufutterlager<\/strong><\/p>\n<p>Gutes Raufutter ist die Basis f\u00fcr eine gute wirtschaftliche Bewirtschaftung. Ziel ist es, Ihren K\u00fchen m\u00f6glichst nahe an den 365 Tagen eine gleichwertige Ration in bestm\u00f6glicher Qualit\u00e4t anzubieten.<br \/>\nIn der Winterzeit stellen Sie dies sicher, indem Sie das Land m\u00f6glichst trocken und frei von Maulw\u00fcrfen halten, damit Unkr\u00e4uter wenig M\u00f6glichkeiten haben. Und ernten Sie im Sommer in der richtigen L\u00e4nge und bei gutem Wetter.<\/p>\n<p>Tatsache ist, dass nicht immer alles funktioniert. Daher m\u00fcssen Sie sich jetzt Gedanken dar\u00fcber machen, wie Sie die Silage lagern, damit Sie Ihre K\u00fche langst m\u00f6glichst richtig und konstant f\u00fcttern k\u00f6nnen. Und wir wissen jetzt, dass eine gute F\u00fctterung an einem Melkroboter zu mehr Besuchen beim Melkroboter und damit zu mehr Milch f\u00fchrt.<\/p>\n<p>Die Wirkung einer guten Raufutterversorgung ist daher bei einem Melkroboter noch gr\u00f6\u00dfer!<\/p>\n<p>Wie lagerst du deine Silagen?<\/p>\n<p>Denken Sie an die sogenannten Lasagne Silages, in denen Sie immer \u00fcbereinander schichten. Dies erfordert viele Zwischenschlie\u00dfungen, weshalb Sie daf\u00fcr eigentlich mindestens 2 Silage silos oder Fahrplatten zur Verf\u00fcgung haben sollten.<br \/>\nOder: Sie haben eine \u201eseparate\u201c Silage gewonnen? Bewahren Sie dies separat, damit Sie es f\u00fcr Anpassungen verwenden k\u00f6nnen, anstatt es allein und als Hauptmen\u00fc verwenden zu m\u00fcssen.<br \/>\nBeispiele hierf\u00fcr sind: zu kurz gem\u00e4ht oder enige Parzellen \u00fcberm\u00e4ht, weil diese Silage nach einer Trockenperiode weniger Energie, aber viel Stamm enth\u00e4lt.<\/p>\n<p>Es w\u00e4re sehr schade, wenn die Antwort auf Ihr Problem im Hof \u200b\u200bliegt, aber Sie erreichen ihn nicht\u2026\u2026<\/p>","protected":false},"excerpt":{"rendered":"<p>Juli 2019: Verluste bei Futterlagerung. Es wurde oft diskutiert, es ist sehr wichtig, dass was Berechnet ist auch am Futtertisch gefuttert wird. Nach Analysen, wurden in der Regel mit einem Futtermittelberater, eine Berechnung und ein Plan f\u00fcr die Ration erstellt.&hellip; <\/p>\n","protected":false},"author":3,"featured_media":0,"parent":2031,"menu_order":11,"comment_status":"closed","ping_status":"closed","template":"","meta":{"footnotes":""},"class_list":["post-1483","page","type-page","status-publish","hentry"],"_links":{"self":[{"href":"https:\/\/www.harrytuinier.nl\/de\/wp-json\/wp\/v2\/pages\/1483","targetHints":{"allow":["GET"]}}],"collection":[{"href":"https:\/\/www.harrytuinier.nl\/de\/wp-json\/wp\/v2\/pages"}],"about":[{"href":"https:\/\/www.harrytuinier.nl\/de\/wp-json\/wp\/v2\/types\/page"}],"author":[{"embeddable":true,"href":"https:\/\/www.harrytuinier.nl\/de\/wp-json\/wp\/v2\/users\/3"}],"replies":[{"embeddable":true,"href":"https:\/\/www.harrytuinier.nl\/de\/wp-json\/wp\/v2\/comments?post=1483"}],"version-history":[{"count":36,"href":"https:\/\/www.harrytuinier.nl\/de\/wp-json\/wp\/v2\/pages\/1483\/revisions"}],"predecessor-version":[{"id":2029,"href":"https:\/\/www.harrytuinier.nl\/de\/wp-json\/wp\/v2\/pages\/1483\/revisions\/2029"}],"up":[{"embeddable":true,"href":"https:\/\/www.harrytuinier.nl\/de\/wp-json\/wp\/v2\/pages\/2031"}],"wp:attachment":[{"href":"https:\/\/www.harrytuinier.nl\/de\/wp-json\/wp\/v2\/media?parent=1483"}],"curies":[{"name":"wp","href":"https:\/\/api.w.org\/{rel}","templated":true}]}}