{"id":1479,"date":"2021-11-30T16:15:08","date_gmt":"2021-11-30T15:15:08","guid":{"rendered":"https:\/\/www.harrytuinier.nl\/?page_id=1479"},"modified":"2025-05-28T15:25:13","modified_gmt":"2025-05-28T13:25:13","slug":"10-jaar-tips-over-melken","status":"publish","type":"page","link":"https:\/\/www.harrytuinier.nl\/de\/tipsincategorieen\/10-jaar-tips-over-melken\/","title":{"rendered":"Tipps zum Melken"},"content":{"rendered":"<div class=\"pdfprnt-buttons pdfprnt-buttons-page pdfprnt-top-right\"><a href=\"https:\/\/www.harrytuinier.nl\/de\/wp-json\/wp\/v2\/pages\/1479?print=pdf\" class=\"pdfprnt-button pdfprnt-button-pdf\" target=\"_blank\" ><img decoding=\"async\" src=\"https:\/\/www.harrytuinier.nl\/wp-content\/plugins\/pdf-print\/images\/pdf.png\" alt=\"image_pdf\" title=\"PDF anzeigen\" \/><\/a><a href=\"https:\/\/www.harrytuinier.nl\/de\/wp-json\/wp\/v2\/pages\/1479?print=print\" class=\"pdfprnt-button pdfprnt-button-print\" target=\"_blank\" ><img decoding=\"async\" src=\"https:\/\/www.harrytuinier.nl\/wp-content\/plugins\/pdf-print\/images\/print.png\" alt=\"image_print\" title=\"Inhalt drucken\" \/><\/a><\/div><p><strong>April 2025:<\/strong><\/p>\n<p><strong>Gut f\u00fcr Schlie\u00dfmuskeln und einen gesunden Pansen.<\/strong><\/p>\n<p>Es ist weiterhin wichtig, dass die K\u00fche nach dem Verlassen des VMS mindestens 20 Minuten bis eine halbe Stunde lang \u201eauf den Beinen\u201c bleiben, bevor sie sich hinlegen. Dies ist sehr wichtig f\u00fcr das Schlie\u00dfen der Schlie\u00dfmuskeln unter den Zitzen. Und sorgt somit f\u00fcr ein deutlich geringeres Mastitisrisiko.<\/p>\n<p>Aber auch f\u00fcr den Pansen ist es wichtig, dass er vor und nach dem Kraftfutter im Melkroboter oder der Kraftfutterbox ausreichend Raufutter frisst und Wasser trinkt und sich deshalb nicht gleich hinlegt.<\/p>\n<p>Sorgen Sie deshalb daf\u00fcr, dass die Kuh nach dem Roboterbesuch etwas zu tun hat. Bieten Sie ihr frisches und sauberes (erw\u00e4rmtes?) Wasser an und stellen Sie ihr h\u00e4ufig frisches Futter an den Futtertrog, wo sie hin eingeladen wird, bevor sie sich zu einem Liegeplatz begeben kann.<\/p>\n<p>Und nat\u00fcrlich bleibt sie mit gesunden Klauen auch l\u00e4nger auf den Beinen.<\/p>\n<p>&nbsp;<\/p>\n<p><strong>Dezember 2019<\/strong><\/p>\n<p><strong>Mini-Melker.<\/strong><\/p>\n<p>Obwohl wir m\u00f6chten, dass eine Kuh so bald wie m\u00f6glich nach dem Abkalben im Melkroboter gemolken wird, ist dies nicht immer m\u00f6glich. Entweder ist die Kuh nach dem Kalben zu labil oder zu krank, oder der Abstand ist zu gro\u00df, oder aus irgendeinem Grund ist dies nicht m\u00f6glich oder nicht sicher.<\/p>\n<p>Zum Gl\u00fcck gibt es ein Mini-Melker. Dies ist ein praktisches Ger\u00e4t, aber es Melkt die am st\u00e4rksten gef\u00e4hrdeten K\u00fche in Ihrem Unternehmen.<\/p>\n<p>Achten Sie besonders darauf, dass dieser Mini-Melker <span style=\"text-decoration: underline;\">gut gereinigt<\/span> ist und auch beim Mini-Melker die Zitzengummis, Pulsationen, Milchschl\u00e4uche usw. Tiptop funktionieren und kein zus\u00e4tzliches Infektions- oder Melkvorg\u00e4ngen darstellen f\u00fcr diese besonders gef\u00e4hrdeten K\u00fche.<\/p>\n<p>&nbsp;<\/p>\n<p><strong>April 2018<\/strong><\/p>\n<p><strong>Melken nach unvollst\u00e4ndigem Melkung.<\/strong><\/p>\n<p>Wenn eine Kuh vom Melkroboter nicht gut gemolken wird und 50% weniger gegeben hat als das, was der Computer erwartet hat, dann bekommt sie die Erlaubnis fr\u00fcher gemolken zu werden.<\/p>\n<p>Die Standardeinstellung ist sogar bei 0 Stunden \/ Minuten. Das bedeutet, dass sie sofort wieder gemolken werden kann.<br \/>\nDies f\u00fchrt h\u00e4ufig zu noch mehr unvollst\u00e4ndigeren Melkungen in der Praxis.<\/p>\n<p>Deshalb empfehlen wir Ihnen, das Melken nach 2 bis 4 Stunden nach dem unvollst\u00e4ndigen Melken einzustellen, abh\u00e4ngig von der durchschnittlichen Tagesproduktion Ihres Unternehmens.<\/p>\n<p>Geben ihre K\u00fche im Durchschnitt pro Tag 30 Liter Milch kann dem Einstellung nach Unvollst\u00e4ndige Melkung nach 2 Stunden gut sein, aber melken Sie 20 Liter. pro Kuh pro Tag ist 4 Stunden besser!<\/p>\n<p>Zus\u00e4tzlich: In der Liste <strong>Melkarbeit<\/strong> sortieren Sie Ihre K\u00fche nach unvollst\u00e4ndigen Melkungen (in der vorletzten Kolumne).<\/p>\n<p>Die K\u00fche, die an der Spitze sind, das sind die K\u00fche, die am h\u00e4ufigsten unvollst\u00e4ndig gemolken werden, stellen diese K\u00fche ein paar Stunden h\u00f6her oder sogar f\u00fcr diese Einstellung aus.<\/p>\n<p>Vor allem, wenn diese K\u00fche mehr als 3 Melkungen pro Tag haben.<\/p>\n<p>Dies kann auf der Kuh-Karte bei Melkeinstellungen angepasst werden.<\/p>\n<p>Oder ist sie eigentlich ein Dreistrich oder ist eine andere Zitzen Einstellung besser?<\/p>\n<p>&nbsp;<\/p>\n<p><em><strong>September 2015:<\/strong><\/em><\/p>\n<p><strong>Zitzen Vorbereitungsbecher<\/strong><\/p>\n<p>Ein wesentlicher Grund sich f\u00fcr DeLaval zu entscheiden ist sicherlich der Zitzen Vorbereitungsbecher.<\/p>\n<p>Die Art der Reinigung \u201cEr reinigt wie eine Mutter und stimuliert wie ein Kalb!\u201d<br \/>\nDies hatten die Entwickler im Kopf und haben es perfekt umgesetzt. Wir m\u00fcssen zugeben, dass wir im Melkstand vorher nicht immer so konsequent gewesen sind und das Oxytocin stimuliert haben wie der Zitzen Vorbereitungsbecher es macht.<br \/>\nDer Schmutz und die ersten Strahlen flie\u00dfen immer getrennt von der Hauptmelkleitung ab.<\/p>\n<p>Aber bekommt der Zitzen Vorbereitungsbecher auch die Chance seinen exzellenten Job auszuf\u00fchren?<\/p>\n<ul>\n<li>Ist die Au\u00dfenseite vom Becher sauber, oder befindet sich dort Schmutz und Bakterien.<\/li>\n<li>Ist der Gummikopf nicht abgenutzt oder gerissen?<\/li>\n<li>Befindet sich kein Knick im Schlauch, und hat er genug Spiel beim Ansetzen?<\/li>\n<li>Macht er gen\u00fcgend und feste Schl\u00e4ge?<\/li>\n<li>Verfehlt er manchmal oder oft die Zitzen?<\/li>\n<li>Ist zu viel Raum auf die Greifers?<\/li>\n<li>Ist die Wassertemperatur passend?<\/li>\n<\/ul>\n<p>Es ist ratsam, den Zitzen Vorbereitungsbecher t\u00e4glich aus der Fassung zu nehmen und zu reinigen. Dann befindet sich darauf kein Schmutz und keine Bakterien und zugleich sorgen Sie daf\u00fcr, dass Ihr \u201cMitarbeiter\u201d sein K\u00f6nnen unter Beweis stellen kann.<\/p>\n<p>&nbsp;<\/p>\n<p><em><strong>April 2011:<\/strong><\/em><\/p>\n<p><strong>Vorbehandlung<\/strong><\/p>\n<p>Die Vorbehandlung vor dem Melken hat zwei bekannte Funktionen.<br \/>\nDie Zitzen m\u00fcssen nat\u00fcrlich sauber gehalten werden.<\/p>\n<p>Aber noch wichtiger ist vielleicht eine besonders gute Vorbereitung, auf das Melken!<br \/>\n(Stimulieren, oxytocin)<\/p>\n<p>Aus diesem Grund geht die Zeit, die durch eine k\u00fcrzere Vorbehandlung eingespart wird, oft beim Melken oder sogar beim richtigen Melken der Kuh verloren.<br \/>\nEine gute Vorbehandlung ist also besser f\u00fcr die Milchleistung und nat\u00fcrlich auch f\u00fcr die Zellzahl!<\/p>\n<p>Neuere Untersuchungen haben erneut gezeigt, dass die Zeit zwischen der Vorbehandlung und dem Aufh\u00e4ngen der Zitzenbecher fast eine Minute betragen kann. Nutzen Sie diese Zeit also f\u00fcr eine gute Stimulation.<\/p>\n<p>Bei den VMS-Einstellungen unter &#8222;Einheiten&#8220; bedeutet dies oft die Verwendung der Standardeinstellungen.<br \/>\nEs kann f\u00fcr eine einzelne Kuh besser sein, beispielsweise bei einem leichten Melken oder einem harten Melken, eine Anpassung f\u00fcr diese einzelne Kuh vorzunehmen.<\/p>\n<p>Achten Sie auf den Milchflussverlauf auf dem Touchscreen. Mit einer guten Einstellung n\u00e4hert sich die Kuh schnell ihrer h\u00f6chsten Milchflussgeschwindigkeit, bleibt dort und f\u00e4llt in wenigen Sekunden, wenn die Kuh fertig ist und werd denn abgenommen.<br \/>\nDas ist nicht nur gut zum Entleeren der Euter, sondern auch f\u00fcr die Zitzenspitzen.<\/p>\n<p>Sie k\u00f6nnen daher die Einstellungen f\u00fcr die Vorbehandlung pro Kuh und pro VMS vornehmen.<\/p>\n<p>Ein sauberer, gut funktionierender Vorbehandlungsbecher ist nat\u00fcrlich ein Muss.<\/p>","protected":false},"excerpt":{"rendered":"<p>April 2025: Gut f\u00fcr Schlie\u00dfmuskeln und einen gesunden Pansen. Es ist weiterhin wichtig, dass die K\u00fche nach dem Verlassen des VMS mindestens 20 Minuten bis eine halbe Stunde lang \u201eauf den Beinen\u201c bleiben, bevor sie sich hinlegen. Dies ist sehr&hellip; <\/p>\n","protected":false},"author":3,"featured_media":0,"parent":2031,"menu_order":9,"comment_status":"closed","ping_status":"closed","template":"","meta":{"footnotes":""},"class_list":["post-1479","page","type-page","status-publish","hentry"],"_links":{"self":[{"href":"https:\/\/www.harrytuinier.nl\/de\/wp-json\/wp\/v2\/pages\/1479","targetHints":{"allow":["GET"]}}],"collection":[{"href":"https:\/\/www.harrytuinier.nl\/de\/wp-json\/wp\/v2\/pages"}],"about":[{"href":"https:\/\/www.harrytuinier.nl\/de\/wp-json\/wp\/v2\/types\/page"}],"author":[{"embeddable":true,"href":"https:\/\/www.harrytuinier.nl\/de\/wp-json\/wp\/v2\/users\/3"}],"replies":[{"embeddable":true,"href":"https:\/\/www.harrytuinier.nl\/de\/wp-json\/wp\/v2\/comments?post=1479"}],"version-history":[{"count":12,"href":"https:\/\/www.harrytuinier.nl\/de\/wp-json\/wp\/v2\/pages\/1479\/revisions"}],"predecessor-version":[{"id":2665,"href":"https:\/\/www.harrytuinier.nl\/de\/wp-json\/wp\/v2\/pages\/1479\/revisions\/2665"}],"up":[{"embeddable":true,"href":"https:\/\/www.harrytuinier.nl\/de\/wp-json\/wp\/v2\/pages\/2031"}],"wp:attachment":[{"href":"https:\/\/www.harrytuinier.nl\/de\/wp-json\/wp\/v2\/media?parent=1479"}],"curies":[{"name":"wp","href":"https:\/\/api.w.org\/{rel}","templated":true}]}}