{"id":1475,"date":"2021-11-30T16:14:27","date_gmt":"2021-11-30T15:14:27","guid":{"rendered":"https:\/\/www.harrytuinier.nl\/?page_id=1475"},"modified":"2022-10-19T10:16:32","modified_gmt":"2022-10-19T08:16:32","slug":"10-jaar-tips-over-kennisontwikkeling-vms-gebruikers","status":"publish","type":"page","link":"https:\/\/www.harrytuinier.nl\/de\/tipsincategorieen\/10-jaar-tips-over-kennisontwikkeling-vms-gebruikers\/","title":{"rendered":"Tipps zur Wissensentwicklung VMS-Benutzer"},"content":{"rendered":"<div class=\"pdfprnt-buttons pdfprnt-buttons-page pdfprnt-top-right\"><a href=\"https:\/\/www.harrytuinier.nl\/de\/wp-json\/wp\/v2\/pages\/1475?print=pdf\" class=\"pdfprnt-button pdfprnt-button-pdf\" target=\"_blank\" ><img decoding=\"async\" src=\"https:\/\/www.harrytuinier.nl\/wp-content\/plugins\/pdf-print\/images\/pdf.png\" alt=\"image_pdf\" title=\"PDF anzeigen\" \/><\/a><a href=\"https:\/\/www.harrytuinier.nl\/de\/wp-json\/wp\/v2\/pages\/1475?print=print\" class=\"pdfprnt-button pdfprnt-button-print\" target=\"_blank\" ><img decoding=\"async\" src=\"https:\/\/www.harrytuinier.nl\/wp-content\/plugins\/pdf-print\/images\/print.png\" alt=\"image_print\" title=\"Inhalt drucken\" \/><\/a><\/div><p><em><strong>August 2022:<\/strong><\/em><\/p>\n<p><em><strong>Alle Fragen beantwortet.<\/strong><\/em><\/p>\n<p>Halten Sie zwei A4-Bl\u00e4tter auf Ihrem Schreibtisch bereit, eines f\u00fcr DelPro-Fragen und eines f\u00fcr Fragen zu technischen Fragen rund um die gesamte Melkanlage.<br \/>\nAuf die Fragen auf jedem dieser A4-Bl\u00e4tter erhalten Sie die meisten Antworten von vielleicht verschiedenen Spezialisten, <em>und<\/em> Ihre Fragen werden beim n\u00e4chsten Besuch nicht vergessen!<\/p>\n<p>&nbsp;<\/p>\n<p><strong><em>Dezember 2021:<\/em><\/strong><\/p>\n<p><em><strong>Service Turn, Wartung,\u00a0 ist lehrreich.<\/strong><\/em><\/p>\n<p>Versuchen Sie, so oft wie m\u00f6glich anwesend zu sein, wenn ein Service durchgef\u00fchrt wird.<br \/>\nSie k\u00f6nnen nicht nur dazu beitragen, dass diese Wartung reibungsloser verl\u00e4uft, sondern Sie lernen jedes Mal daraus!<\/p>\n<p>Und in der Zwischenzeit kommt bei einem normalen Chat oft etwas dazwischen, auf das sowohl Sie als auch der Mechaniker sto\u00dfen und das anders verhindert werden kann oder auch nicht.<\/p>\n<p>&nbsp;<\/p>\n<p><em><strong>April 2020<\/strong><\/em><\/p>\n<p><em><strong>Mit ein App zum Tipp des Monats.<\/strong><\/em><\/p>\n<p>Es ist n\u00fctzlich, eine Schnellkopplung, \u201cApp\u201d auf Ihrem Telefon zu erstellen, in der Sie sofort zum Tipp des Monats gehen.<\/p>\n<p>Mit Android (z. B. Samsung) k\u00f6nnen Sie dies tun, indem Sie einmal den Tipp des Monats \u00fcber Google auf dem Telefon nachschlagen, beispielsweise \u00fcber<\/p>\n<p>https:\/\/www.harrytuinier.nl\/de\/category\/tip-van-de-maand\/<\/p>\n<p>Dann sehen Sie oben rechts 3 Punkte. Wenn Sie darauf dr\u00fccken, sehen Sie verschiedene Optionen, einschlie\u00dflich \u201cZum Startbildschirm hinzuf\u00fcgen\u201d.<br \/>\nWenn Sie diese Taste dr\u00fccken, k\u00f6nnen Sie diese Seite bei Bedarf mit Logo hinzuf\u00fcgen.<\/p>\n<p>Mit iOS (Apple) schlagen Sie auch die Seite Tipp des Monats nach. Klicken Sie dann auf das quadratische Symbol mit dem Aufw\u00e4rtspfeil unten und dann auf \u201cZu Favoriten hinzuf\u00fcgen\u201d.<\/p>\n<p>Klicken Sie dann auf das Doppelquadrat unten rechts. Klicken Sie im n\u00e4chsten Bildschirm auf das +\u00a0 und es kommt zu den Favoriten.<\/p>\n<p>Und klicken auf: \u201cweiterlesen\u201d<\/p>\n<p>Weitere Informationen und \u00e4ltere Tipps finden Sie nat\u00fcrlich unter Men\u00fc oder in den Kategorien.<\/p>\n<p>&nbsp;<\/p>\n<p><em><strong>Oktober 2013:<\/strong><\/em><\/p>\n<p><em><strong>Berater als Sparringspartner<\/strong><\/em><\/p>\n<p>Momentan besuche ich viele Milchviehbetriebe nach Anfrage von H\u00e4ndler von DeLaval, aber ich komme auch auf vielen Betrieben die mich Pers\u00f6nlich kontaktieren. Auf diesen Betrieben wird oft schon seit Jahren mit VMS gemolken. Dies sind immer sehr n\u00fctzliche Besuche da ich f\u00fcr diese Betreiber ein wertvoller Sparringspartner sein kann.<br \/>\n<em>(Heutzutage erledigen dies die Ihnen bekannten HMBerater)<\/em><\/p>\n<p>Tatsache ist das ein Computer in Kombination mit einem Roboter fast unendlich viel M\u00f6glichkeiten bietet, aber genauso sicher ist es das viele M\u00f6glichkeiten wegen Unwissenheit unbenutzt bleiben. VMS und Computer bleiben nat\u00fcrlich Maschinen und k\u00f6nnen keinen Menschen ersetzen, aber oft gibt es doch noch unerwartete Einstellungen die den Melkvorgang perfektionieren.<\/p>\n<p>Haben Sie Fragen in Sachen Einstellungen, (Un)M\u00f6glichkeiten oder Arbeitsabl\u00e4ufen?<br \/>\nHaben Sie ein immer wiederkehrendes Problem beim VMS Gebrauch oder brauchen Sie einen Sparringspartner im Allgemeinen,\u00a0 dann melden Sie sich bei Ihren HMB Berater oder mailen Sie mir Ihre Fragen =&gt; harry@harrytuinier.nl<\/p>\n<p>Sie haben das Programm bezahlt, also k\u00f6nnen Sie es auch nutzen!<\/p>\n<p>&nbsp;<\/p>\n<p><em><strong>Juni 2012:<\/strong><\/em><\/p>\n<p><em><strong>Mehr erreichen.<\/strong><\/em><\/p>\n<p>Es ist jetzt Juni 2012 und das hei\u00dft das jetzt 2 Jahre \u2018\u2019Tipp des Monats\u2019\u2019 auf diese Seite steht. Und auch DeLaval selbst hat sich weiter entwickelt. Insbesondere die letzte Generation Der Melkroboter ist noch zuverl\u00e4ssiger geworden und die weiteren Entwickelungen mit das Delpro Programm geben viele M\u00f6glichkeiten um so gut m\u00f6glich mit ihre K\u00fche besser zu tun!<\/p>\n<p>Und wen Sie schon l\u00e4nger mit VMS melken haben Sie die M\u00f6glichkeit ob Sie die aktuellen Entwickelungen m\u00f6chten gebrauchen oder nicht.<br \/>\nIch wage daher zu behaupten das Sie mit einem VMS von DeLaval mehr melken m\u00fcssen dann vorher, mit einem minimal gleich und am liebsten niedrigere Zellzahlen, aber auch besser dann Kollegen die kein DeLaval haben.. Dies vor allem wegen der Milch-Technik, das Programm mit Delpro, aber vor allem: weil Sie als \u201cKuhkenner\u201d immer noch Zentral stehen!<\/p>\n<p>Sie m\u00fcssen es so sehen: DeLaval gibt ihnen mit der VMS und die Programme den Pass, und Sie Schie\u00dfen die Tor!<\/p>\n<p>Sei nicht zufrieden mit einem durchschnittlichen Ergebnis, dass sind wir auch nicht!<\/p>\n<p>Und wenn die Preise wieder unter Druck kommen, k\u00f6nnen Sie das auch nicht\u2026<\/p>\n<p>&nbsp;<\/p>\n<p><em><strong>Januar 2012:<\/strong><\/em><\/p>\n<p><em><strong>Mit Ihren Unternehmen<\/strong> <strong>kritisch in den Spiegel schauen. <\/strong><\/em><\/p>\n<p>Auf vielen Betrieben die schon seit Jahren mit einem oder mehreren Milchroboter(n) arbeiten l\u00e4uft alles nach (voller) Zufriedenheit. Oft ist der komplette Betrieb auf das Robotmelken ausgerichtet, angefangen bei der Bullenselektion f\u00fcr die Nachzucht (Zentralband und Strichposition Hinten), die Aufzucht der n\u00e4chsten Generation K\u00fche, F\u00fctterung der Milchk\u00fche, aber auch Stalleinrichtung, Stall Klima und Wartung der Roboter. Alles ist darauf ausgerichtet um m\u00f6glichst effizient mit dem VMS\u00a0 arbeiten zu k\u00f6nnen . Die zunehmende Arbeitsfreude des Betreibers ist eine logische und willkommene Schlussfolgerung, die aber sicher nicht untersch\u00e4tzt werden sollte.<\/p>\n<p>Da Januar die Zeit der guten Vors\u00e4tze ist sollten Sie sich die Frage stellen: Bin ich zufrieden mit der heutigen Situation, kann ich mich ruhig zur\u00fccklehnen \u2026? Oder halte ich mir (auch) am Anfang vom neuen Jahr 2012 wieder einen Spiegel vor, und schaue kritisch auf meinen Betrieb. Wie steht es mit der Entwicklung Ihres Betriebes, der Entwicklung ihrer Herde, ist gen\u00fcgend Fachkenntnis vorhanden, wo wollen Sie erweitern oder investieren?<br \/>\nHaben\u00a0 Sie einen strukturierten Aktionsplan\u00a0 f\u00fcr die n\u00e4chsten Jahre?<\/p>\n<p>Wo liegt Ihr Focus f\u00fcr die N\u00e4chsten Jahre?\u00a0 Betriebsentwicklung, Pers\u00f6nlicher Arbeitseinsatz, Produktion der Herde und vielleicht auch Lebensdauer ihrer Herde. Ein moderner Begriff der hier nicht fehlen sollte ist: Nachhaltigkeit! Sind Sie auf die Zukunft vorbereitet, wo stehen Sie mit Ihrem Betrieb in Jahre 2015, 2020, 2025, \u2026..??<\/p>\n<p>Mit uns zusammen in den Spiegel schauen setzt oft Akzente wo Sie selber nicht erwartet h\u00e4tten.<\/p>\n<p>&nbsp;<\/p>\n<p><em><strong>September 2010:<\/strong><\/em><\/p>\n<p><em><strong>Tritt Lerngruppen bei<\/strong><\/em><\/p>\n<p>Die Tage werden wieder k\u00fcrzer, nimm an Lerngruppen teil oder nimm an Meetings teil, bei denen du Kollegen triffst, die die gleichen Probleme haben wie du.<br \/>\nDas Melken mit Melkrobotern ist noch relativ neu und die Erkenntnis, dass Sie und Ich nog viel lernen k\u00f6nnen er\u00f6ffnet M\u00f6glichkeiten zur Weiterentwicklung. Oft kommen Fragen und wir sehen Reaktionen, von denen sowohl Sie als auch Ihre Mitbenutzer profitieren!<\/p>\n<p>Siehe auch die Seite \u00fcber Lerngruppen<\/p>","protected":false},"excerpt":{"rendered":"<p>August 2022: Alle Fragen beantwortet. Halten Sie zwei A4-Bl\u00e4tter auf Ihrem Schreibtisch bereit, eines f\u00fcr DelPro-Fragen und eines f\u00fcr Fragen zu technischen Fragen rund um die gesamte Melkanlage. Auf die Fragen auf jedem dieser A4-Bl\u00e4tter erhalten Sie die meisten Antworten&hellip; <\/p>\n","protected":false},"author":3,"featured_media":0,"parent":2031,"menu_order":7,"comment_status":"closed","ping_status":"closed","template":"","meta":{"footnotes":""},"class_list":["post-1475","page","type-page","status-publish","hentry"],"_links":{"self":[{"href":"https:\/\/www.harrytuinier.nl\/de\/wp-json\/wp\/v2\/pages\/1475","targetHints":{"allow":["GET"]}}],"collection":[{"href":"https:\/\/www.harrytuinier.nl\/de\/wp-json\/wp\/v2\/pages"}],"about":[{"href":"https:\/\/www.harrytuinier.nl\/de\/wp-json\/wp\/v2\/types\/page"}],"author":[{"embeddable":true,"href":"https:\/\/www.harrytuinier.nl\/de\/wp-json\/wp\/v2\/users\/3"}],"replies":[{"embeddable":true,"href":"https:\/\/www.harrytuinier.nl\/de\/wp-json\/wp\/v2\/comments?post=1475"}],"version-history":[{"count":18,"href":"https:\/\/www.harrytuinier.nl\/de\/wp-json\/wp\/v2\/pages\/1475\/revisions"}],"predecessor-version":[{"id":2132,"href":"https:\/\/www.harrytuinier.nl\/de\/wp-json\/wp\/v2\/pages\/1475\/revisions\/2132"}],"up":[{"embeddable":true,"href":"https:\/\/www.harrytuinier.nl\/de\/wp-json\/wp\/v2\/pages\/2031"}],"wp:attachment":[{"href":"https:\/\/www.harrytuinier.nl\/de\/wp-json\/wp\/v2\/media?parent=1475"}],"curies":[{"name":"wp","href":"https:\/\/api.w.org\/{rel}","templated":true}]}}