{"id":1469,"date":"2021-11-30T16:13:31","date_gmt":"2021-11-30T15:13:31","guid":{"rendered":"https:\/\/www.harrytuinier.nl\/?page_id=1469"},"modified":"2025-10-25T15:05:17","modified_gmt":"2025-10-25T13:05:17","slug":"10-jaar-tips-over-beter-aansluiten","status":"publish","type":"page","link":"https:\/\/www.harrytuinier.nl\/de\/tipsincategorieen\/10-jaar-tips-over-beter-aansluiten\/","title":{"rendered":"Tipps zum besseren Ansetzen"},"content":{"rendered":"<div class=\"pdfprnt-buttons pdfprnt-buttons-page pdfprnt-top-right\"><a href=\"https:\/\/www.harrytuinier.nl\/de\/wp-json\/wp\/v2\/pages\/1469?print=pdf\" class=\"pdfprnt-button pdfprnt-button-pdf\" target=\"_blank\" ><img decoding=\"async\" src=\"https:\/\/www.harrytuinier.nl\/wp-content\/plugins\/pdf-print\/images\/pdf.png\" alt=\"image_pdf\" title=\"PDF anzeigen\" \/><\/a><a href=\"https:\/\/www.harrytuinier.nl\/de\/wp-json\/wp\/v2\/pages\/1469?print=print\" class=\"pdfprnt-button pdfprnt-button-print\" target=\"_blank\" ><img decoding=\"async\" src=\"https:\/\/www.harrytuinier.nl\/wp-content\/plugins\/pdf-print\/images\/print.png\" alt=\"image_print\" title=\"Inhalt drucken\" \/><\/a><\/div><p><em><strong>Oktober 2025:<\/strong><\/em><\/p>\n<p><strong>Zu viele Kick-Offs ?<\/strong><\/p>\n<p>Es ist normal, dass einige K\u00fche gelegentlich einen Melkbecher absto\u00dfen. Aber wann ist das mehr als normal?<br \/>\nWenn mehrere F\u00e4rsen gekalbt haben, ist es logisch, dass die Kick-Off Quote etwas h\u00f6her ist.<br \/>\nWeniger als 2 % sind in Ordnung, aber sie sollte 5 % nicht zu oft \u00fcberschreiten!<br \/>\nDie Anzahl der Absto\u00dfungen kann daher stark schwanken.<br \/>\nWelche K\u00fche das am h\u00e4ufigsten machen, k\u00f6nnen Sie der Liste \u201eMelkarbeit\u201c entnehmen.<\/p>\n<p>Was k\u00f6nnten die Ursachen sein?<br \/>\nH\u00e4ufige Ursachen sind Fliegen oder eine F\u00e4rsengruppe eines zB. von einem bestimmten Bullen.<br \/>\nManchmal verbindet sich ein Melkroboter jedoch nicht richtig, nicht korrekt von der Mitte der Zitze aus. Bei mehreren Melkrobotern werden Sie Unterschiede in den Kick-Offs der einzelnen Roboter feststellen.<br \/>\nIn diesem Fall kann ein Techniker dies leicht beheben.<br \/>\nAuch Klauenprobleme, insbesondere am Bein auf der Seite, wovon der Roboter anschlie\u00dft, f\u00fchren zu mehr Kick-Offs oder Treten auf einen Schlauch. Oder der VMS-Arm hat m\u00f6glicherweise Schwierigkeiten, die Euterzitzen zu erreichen. Eine zu enge oder zu weite Einstellung des Futterschalen kann bei unruhigen K\u00fchen zu vermehrtem Treten f\u00fchren.<br \/>\nNat\u00fcrlich spielen auch die Qualit\u00e4t der Zitzengummis, eine saubere, leichtg\u00e4ngige Kamera, die F\u00fctterungsgeschwindigkeit, der Vorbehandlungsbecher und die Temperatur eine wichtige Rolle.<br \/>\nAuch interessant ist, ob K\u00fche \u2013 neben jungen F\u00e4rsen \u2013 auch \u00e4ltere K\u00fche und vielleicht sogar K\u00fche in der Sp\u00e4tlaktation noch treten. Dazu geh\u00f6ren Faktoren wie die Zitzenqualit\u00e4t, die Art und Weise der Liegeboxeinstreuen, die Desinfektionsmittel, das Vakuumniveau und die Einstellungen der Milchbecher abnahme.<br \/>\nDie F\u00fctterungsgeschwindigkeit und die Futteraufnahme pro Melkvorgang. Haben die K\u00fche beispielsweise vor Melkbeginn alles aufgegessen?<\/p>\n<p>&nbsp;<\/p>\n<p><em><strong>Oktober 2020<\/strong><\/em><\/p>\n<p><strong>M\u00f6glichkeiten f\u00fcr K\u00fche, die schwer Ansetzen.<\/strong><\/p>\n<p>Unvollst\u00e4ndige Melkungen ist immer \u00e4rgerlich! Das schwierige Finden der Zitzen f\u00fchrt nicht nur zu Zeitverlust, sondern auch zu \u00c4rger sowohl f\u00fcr den Landwirt als auch f\u00fcr die Kuh.<\/p>\n<p>Auch das Risiko von Euterinfektionen steigt.<\/p>\n<p>\u00dcber unvollst\u00e4ndige Melkungen wurden bereits mehrere Tipps geschrieben.<\/p>\n<p>Mit dem VMS Classic streben wir einen Prozentsatz unvollst\u00e4ndiger Melkvorg\u00e4nge von weniger als 5% an.<\/p>\n<p>Mit dem VMS V300 glauben wir, dass dieser Prozentsatz unter 2% liegen sollte.<\/p>\n<p>Ist die Kamera sauber, auch in den oberen Ecken, kein Raum auf dem Arm, und das ansetzen von die Zitzen Richtig von Unten in der Mitte, das alles ist bereits bekannt.<\/p>\n<p>In den Listen unter \u201cMelkinfo\u201d finden Sie die Liste \u201cMelkarbeit\u201d.<br \/>\nDurch Sortieren nach unvollst\u00e4ndigem Melken, der vorletzten Spalte, erhalten Sie ein klares Bild davon, welche K\u00fche am h\u00e4ufigsten unvollst\u00e4ndige Melkungen haben.<\/p>\n<p>Im Laufe der Jahre habe ich eine Liste mit 14 Punkten f\u00fcr den Classic und 10 Punkten f\u00fcr den V300 erstellt, anhand Sie die Einstellungen der einzelnen Kuh beurteilt und m\u00f6glicherweise verwendet werden k\u00f6nnen, um festzustellen, ob sie in Zukunft besser passt.<\/p>\n<p>Diese Liste wird h\u00e4ufig bei Betriebsbesuchen ausgegeben. Wenn Sie es nicht (mehr) haben oder wenn Sie ein Update w\u00fcnschen, senden Sie einfach eine E-Mail und ich werde es Ihnen senden.<\/p>\n<p>Bitte geben Sie an, f\u00fcr welchen VMS-Typ.<\/p>\n<p>&nbsp;<\/p>\n<p><em><strong>August 2020<\/strong><\/em><\/p>\n<p><strong>Die Futtertrog.<\/strong><\/p>\n<p>Beim VMS V300 m\u00fcssen die Zitzen Positionen nicht mehr eingestellt werden.<\/p>\n<p>Beim VMS Classic ist dies der Moment, in dem neben den Zitzen Positionen auch der Futtertrog einer neuen Kuh oder nach dem Kalben eingestellt wird. Diese Einstellung wird (danach) nur vom Landwirt angepasst. Es ist immer noch wichtig, danach ein Auge darauf zu haben.<\/p>\n<p>Beim VMS V300 ist es nicht mehr wichtig, um die Zitzen zu finden, aber auch hier ist zu viel oder vor allem zu wenig Platz im VMS nicht gut.<br \/>\nBeim VMS Classic bedeutet zu viel Platz, dass das Ansetzen von Zitzen schwieriger ist, aber zu eng ist auch nicht gut.<\/p>\n<p>Also pass auf: F\u00fchlt sich die Kuh im VMS wohl?<\/p>\n<p>\u00dcber VMS Tiereinstellungen kann auch \u00fcberpr\u00fcft werden, ob sich die Futtertrog in einem guten Zustand befindet.<\/p>\n<p>Lesen Sie auch: https:\/\/www.harrytuinier.nl\/de\/2012\/12\/31\/tips-uit-2012\/<\/p>\n<p>Tipp des Monats \u2013 Mai 2012<\/p>\n<p>&nbsp;<\/p>\n<p><em><strong>Januar 2016<\/strong><\/em><\/p>\n<p><strong>Besser ansetzen Kuh mit sch\u00f6nen Euter<\/strong><\/p>\n<p>Manchmal sieht man, dass der VMS Schwierigkeiten hat beim Ansetzen einer Kuh mit einem ausgezeichneten sch\u00f6nen Euter. Dann ist wahrscheinlich bei der vorherigen Melkung(en) etwas schief gelaufen, so dass er die falschen Zitzenpositionen gespeichert hat.<br \/>\nEinfach die Kuh noch einmal \u201cEinteachen\u201d ist die beste L\u00f6sung.<\/p>\n<p>Achten Sie beim Einteachen darauf, dass der Laser an der unteren Strichspitze steht und nicht in der Mitte des Striches (wie Fr\u00fcher)<\/p>\n<p>&nbsp;<\/p>\n<p><em><strong>Dezember 2015:<\/strong><\/em><\/p>\n<p><strong>Euterhaare rasieren.<\/strong><\/p>\n<p>Im Moment wachsen die Haare am Euter noch schneller.<\/p>\n<p>In unserer Liste Arbeitsroutine steht es ist ratsam alle zwei Monate die Haare am Euter zu scheren oder\u00a0 abzufl\u00e4mmen.<br \/>\nDies ist im Herbst und im Winter f\u00fcr viele K\u00fche zu wenig, so dass die Frist auf einen Monat gek\u00fcrzt werden sollte.<\/p>\n<p>Bitte sofort den Schwanz mit lange Haaren und Wolke mit abscheren, dies sorgt sonst immer f\u00fcr schmutzige K\u00fche, und schlechter Hygiene.<\/p>\n<p>Das Kameraglas sollte regelm\u00e4\u00dfig mit einem Tuch und einem guten Kalkreiniger ges\u00e4ubert werden, so macht es mehr Spa\u00df f\u00fcr Kuh und Landwirt.<\/p>\n<p>Ein guter Kalkreiniger muss mindestens 20 &#8211; 30 Sekunden einwirken.<br \/>\nSie m\u00fcssen es gut absp\u00fclen, aber nicht sofort!<\/p>\n<p>&nbsp;<\/p>\n<p><em><strong>November 2015:<\/strong><\/em><\/p>\n<p><strong>Bechermitte kontrollieren<\/strong><\/p>\n<p>Der Zitzen Becher und auch der Vorbehandlungsbecher arbeiten von unter der Zitze nach oben und setzen so die Becher nach Ihrem ausgereiften Ansetzverfahren super an.<\/p>\n<p>Der Abstand zwischen der Kamera und den Melkbechergreifer ist vorprogrammiert.<\/p>\n<p>Es klappt fast zu 100 % bei K\u00fche mit sch\u00f6nen Zitzen Positionen, aber bei einer Kuh mit abgewinkelten Zitzen oder einer abnormalen Zitzen form klappt es nicht immer wenn die Bechermitte nicht gut eingestellt ist.<\/p>\n<p>Also achten Sie auf die Position \u201cwenn die Zitze oben in der Mitte des Bechers ist\u201c und er ansetzen will.<\/p>\n<p>Wenn es nicht klappt k\u00f6nnen Sie auf dem Touchscreen im VMS Men\u00fc \u201c Roboter\u201d \u201cKalibieren\u201d (3. Reiter) \u201cBechermitte einstellen\u201d setzen.<\/p>\n<p>Und sonst: Fragen Sie einfach Ihren Mechaniker.<\/p>\n<p>&nbsp;<\/p>\n<p><em><strong>August 2015:<\/strong><\/em><\/p>\n<p><strong>Sind schwarze Zitzen ein Problem?<\/strong><\/p>\n<p>Nat\u00fcrlich haben schwarze Zitzen ihre Nachteile. Aber es gibt noch mehr Vorkommnisse die Probleme machen k\u00f6nnen, z.B.:<\/p>\n<ul>\n<li>Haare am Euter.<\/li>\n<li>Eine verschmutzte Kamera.<\/li>\n<li>Kalkablagerungen auf der Kamera.<\/li>\n<li>Ein verschmutzter oder abgenutzter Schwamm.<\/li>\n<li>Abnormale Zitzen Form oder eine abnormale Euterform.<\/li>\n<li>Eine enge Zitzen Stellung oder eine Milchader rechts entlang der Zitze.<\/li>\n<li>Auch K\u00fche mit Klauenproblemen haben ihre Nachteile, stehen zu unruhig.<\/li>\n<li>Technische Einstellungen<\/li>\n<li>Wenn sich der Roboterarm zu langsam oder zu schnell bewegt.<\/li>\n<li>Die Kotplatte die nicht richtig funktioniert.<\/li>\n<li>K\u00fche die wenig oder zu viel Platz im VMS haben sind ein Problem.<\/li>\n<li>Alte Zitzengummis.<\/li>\n<li>Zu viele Fliegen.<\/li>\n<\/ul>\n<p>Ein Nachteil ist in Ordnung f\u00fcr das VMS, 2 oder 3 k\u00f6nnen auch in Ordnung sein, aber dann muss es irgendwann aufh\u00f6ren. Einige K\u00fche haben einfach bestimmte Eigenschaften, und daran kann man nicht viel \u00e4ndern. Wenn wir einige Nachteile minimieren oder verringern, die in unseren H\u00e4nden liegen, dann k\u00f6nnen wir sicher sein, dass die meisten K\u00fche wenig Probleme machen.<\/p>\n<p>Wir k\u00f6nnen dann die kleinste Anzahl an unvollst\u00e4ndigen Melkungen erreichen .<\/p>\n<p>Also schwarze und abnormale Zitzen sind nicht wirklich ein Problem, aber zusammen mit anderen Nachteilen kann es definitiv eins werden !<\/p>\n<p>&nbsp;<\/p>\n<p><em><strong>Mai 2015:<\/strong><\/em><\/p>\n<p><strong>Was zu tun bei l\u00e4stigen K\u00fchen und F\u00e4rsen ?<\/strong><\/p>\n<p>Wenn F\u00e4rsen\/K\u00fche mit vollem Euter abkalben und dann die ersten Male vom VMS gemolken wird kann es sein das die Tiere dabei Schmerzen empfinden. Vor allem wenn die Euter schon einige Tage durch Milch und \u00dcberm\u00e4\u00dfige K\u00f6rperfeuchte angeschwollen war!<\/p>\n<p>Sorgen Sie daf\u00fcr das Tiere keine \u00dcberf\u00e4llige BCS haben, nicht fetter oder magerer in der Trockenzeit werden und vor allem die letzten Monate keine \u00dcberdosis bekommen wie zum Beispiel Salz.<br \/>\nSorgen Sie f\u00fcr Bewegungsm\u00f6glichkeiten!<\/p>\n<p>Kontrolliere ob Sie einen Zusammenhand finden k\u00f6nnen zwischen Charakter, Stammbaum und Melkbarkeit.<\/p>\n<p>Obwohl wir das Reinigen der Zitzen beim VMS top finden, kann es bei einigen Tieren am Anfang der Laktation Schmerzen verursachen.<br \/>\nSetzen Sie die Reinigung dann ( z.B. \u00a0f\u00fcr eine Woche ) aus.<\/p>\n<p>Manchmal hilft es auch wenn sie F\u00e4rsen die ersten Male mit der Hand ansetzen. Der n\u00e4chste Schritt ist dann das Sie selber hinten ansetzen und den VMS vorne ansetzen lassen. Wenn dies auch klappt lassen Sie den VMS beim n\u00e4chsten Mal auch die Zitzen reinigen. Schritt f\u00fcr Schritt kommen Sie dann dem Automatischem Melken n\u00e4her .<\/p>\n<p>Wichtig ist das diese Tiere mindestens 3 mal t\u00e4glich gemolken werden um die Schwellung zu reduzieren. Volle Euter sind f\u00fcr die K\u00fche viel schmerzhafter beim Melken, dies behalten die Tiere in Erinnerung und sie werden sich schwerer tun um freiwillig zum VMS zur\u00fcck zu kommen.<\/p>\n<p>Achten Sie auch auf regelm\u00e4\u00dfig\u00a0 erneuerte Zitzengummis und einen einwandfreien Zitzen Reiniger.<\/p>\n<p>Als letztes Mittel k\u00f6nnen Sie die Kraftfutter Auswurfrate verringern, um so ein nerv\u00f6sesTier zu beruhigen und etwas l\u00e4nger zu besch\u00e4ftigen.<\/p>\n<p>&nbsp;<\/p>\n<p><em><strong>Dezember 2014:<\/strong><\/em><\/p>\n<p><strong>Zitzen Kondition<\/strong><\/p>\n<p>Da nun die k\u00e4ltere Jahreszeit wieder begonnen hat sollten Sie besonders auf die Zitzen Kondition achten!<\/p>\n<p>K\u00fche lassen sich nicht gerne melken wenn sie empfindliche und\/oder\u00a0 raue Zitzen haben, insbesondere nicht bei kaltem Wetter.<br \/>\nSowohl Melktechnik\u00a0 als auch Sprayen haben hierauf gro\u00dfen Einfluss. Bei kaltem\/nassem Wetter werden evtl. M\u00e4ngel schnell sichtbar und verursachen dann Probleme.<\/p>\n<p>Kontrollieren Sie ob die Zitzen gen\u00fcgend getroffen werden beim Sprayen und ob Ihr Desinfektionsmittel gen\u00fcgend Glycerin (Hautversorgend) enth\u00e4lt.<\/p>\n<p>Schauen Sie doch auch noch mal nach anderen Tipps\u00a0 die wir f\u00fcr Sie geschrieben haben \u00fcber Probleme und L\u00f6sungen bei kalten Witterungen (z.B.\u00a0 Nov. 2012)<\/p>\n<p>&nbsp;<\/p>\n<p><em><strong>November 2014:<\/strong><\/em><\/p>\n<p><strong>Leistungindex<\/strong><\/p>\n<p>Im Delpro gibt es eine Liste, zu finden bei den Standard listen;\u00a0 \u201cMelkarbeit Liste\u201d. Die letzte Spalte in dieser Liste hei\u00dft Leistungsindex.\u00a0 Hieran ist bei VMS Classic abzulesen wie gut (schnell) der VMS die jeweiligen K\u00fche\u00a0 anschlie\u00dft.<br \/>\nVMS V300 hat das nicht.<\/p>\n<p>\u00dcber 100 ist gut, \u00dcber 130 ist besser! \u00dcber 150 gibt\u2019s auch und ist sehr gut!<\/p>\n<p>Unter 100 ist demnach weniger gut. Wenn man auf dieser Spalte sortiert\u00a0 fallen die \u201cguten\u201d und die \u201cschlechten\u201d direkt auf. Oft sind es die l\u00e4stige K\u00fche die unter 100 bleiben, bei diese K\u00fche dauert es meist zu lange bis der VMS alle Melkzeuge angeschlossen hat und hat man die meiste Risiko auf unvollst\u00e4ndige Melkungen.<\/p>\n<p>Wenn Sie eine Kuh meist mit der Hand an schlie\u00dfen bekommt sie eine 0!<\/p>\n<p>Vor allen bei den niedrigsten K\u00fchen ist es oft sinnvoll um alles zu checken in Sachen Anschlie\u00dfen, Direkt Ansetzen, Melkanrecht oder Reinigung um eine Verbesserung zu bewerkstelligen. Manchmal ist es auch sinnvoll um eine Kuh neu zu Teachen.<br \/>\nDies kann zu einer erheblichen Zeitersparnis f\u00fchren, was wiederum der Kapazit\u00e4t zugutekommt!<br \/>\nUnd es hat einen gro\u00dfen Einfluss auf den Spa\u00df f\u00fcr die Kuh und den Landwirt!<\/p>\n<p>In der 9. Spalte steht die durchschnittliche Melkdauer der K\u00fche, auch diese Spalte hat nat\u00fcrlich viel hiermit zu tun.<\/p>\n<p>&nbsp;<\/p>\n<p><em><strong>Februar 2014:<\/strong><\/em><\/p>\n<p><strong>Dreistrich richtig Einstellen<\/strong><\/p>\n<p>Bei einem Dreistrich besteht die Gefahr das der nicht zu melkende Strich langsam weiter austrocknet und das Viertel sich weiter zur\u00fcckbildet. F\u00fcr den VMS ist es dann sehr schwierig den Strich noch gut zu \u201csehen\u201d , da er keinen Unterschied mehr sieht zwischen Euter und Strich.<\/p>\n<p>Besonders bei Vorderstrichen ist dies f\u00fcr den VMS l\u00e4stig, da er diese Position als Referenz ben\u00f6tigt (gebraucht) f\u00fcr die Hinteren Striche.<\/p>\n<p>Ist dies der Fall, dann sehen Sie den Roboterarm manchmal zu einer ganz falschen Position fahren und das Anh\u00e4ngen dauert Extrem lange.<\/p>\n<p>Sie sollten dann den nicht zu melkenden Strich als nicht existierend anmerken!<br \/>\nGehen Sie daf\u00fcr nach:\u00a0 Tierkarte \u00f6ffnen &gt; VMS Einstellungen &gt;\u00a0 Konfiguration &gt; dann den jeweiligen Haken l\u00f6schen bei Existierenden Zitzen\u00a0 &gt; Speichern und Schlie\u00dfen.\u00a0 Dann geht es wieder wesentlich schneller!<\/p>\n<p>&nbsp;<\/p>\n<p><em><strong>Januar 2014:<\/strong><\/em><\/p>\n<p><strong>Zitzenposition speichern.<\/strong><\/p>\n<p>Nachdem der Roboterarm einen Milchbecher aus dem Magazin gegriffen hat, dauert es meistens zwischen 3 und 10 Sekunden bis dieser erfolgreich angeschlossen ist. Das ist prima, schnell genug um die Ansatzpositionen speichern zu k\u00f6nnen (Kriterium hierf\u00fcr ist bis zu 10 Sekunden pro Strich). Somit kann der VMS die sich \u00e4ndernde Euterform folgen w\u00e4hrend der gesamten Laktation und ist somit stets \u201cTreffsicher\u201d.<\/p>\n<p>Dauert das Anschlie\u00dfen eines Zitzenbechers l\u00e4nger als ca. 15 Sekunden werden die Ansatz\u00a0 Positionen nicht gespeichert, eben weil es zu lange dauert und sie in dem Sinne \u201cfalsch\u201d sind. Nachteil ist dann das der Roboter beim n\u00e4chsten Melkvorgang wieder bei denselben (falschen) Positionen anf\u00e4ngt zu suchen.<\/p>\n<p>Achten Sie deshalb hierauf besonders bei K\u00fchen bei denen der Melkvorgang (zu) lange dauert. In vielen F\u00e4llen ist es ratsam um die Strichpositionen einmal neu \u201czu lernen\u201d. Der Roboter ist dann meistens sofort viel schneller und speichert dann wieder die erfolgreich gefundenen Positionen.<br \/>\nBei anderen Ursachen benutzen Sie die Spezialen Stricheinstellungen wie zum Beispiel \u201cDirekt ansetzen\u201d oder \u201cAbnormale Zitzen Form\u201d.<br \/>\nIst die Position der Futterschale korrekt? Oder ist es vielleicht doch ein \u201cDreistrich\u201d ?<\/p>\n<p>&nbsp;<\/p>\n<p><em><strong>November 2011:<\/strong><\/em><\/p>\n<p><strong>Weniger Haare am Euter.<\/strong><\/p>\n<p>Jetzt im Herbst, wenn die N\u00e4chte wieder k\u00e4lter werden wachsen bei unseren K\u00fchen wieder die Haare, und nicht nur auf dem R\u00fccken sondern auch besonders am Euter! Vor allem bei den Altmelkten K\u00fchen . Dies sorgt nat\u00fcrlich\u00a0 f\u00fcr l\u00e4ngere Melkzeiten pro Kuh, und kann auch extra Unvollst\u00e4ndig gemolkene Tiere verursachen.<\/p>\n<p>Es ist auch nicht gut f\u00fcr die Hygiene.<\/p>\n<p>Also : Ist Euter scheren oder brennen\u00a0 in Ihrem Arbeit Protokoll\u00a0 aufgenommen ???<\/p>","protected":false},"excerpt":{"rendered":"<p>Oktober 2025: Zu viele Kick-Offs ? Es ist normal, dass einige K\u00fche gelegentlich einen Melkbecher absto\u00dfen. Aber wann ist das mehr als normal? Wenn mehrere F\u00e4rsen gekalbt haben, ist es logisch, dass die Kick-Off Quote etwas h\u00f6her ist. Weniger als&hellip; <\/p>\n","protected":false},"author":3,"featured_media":0,"parent":2031,"menu_order":4,"comment_status":"closed","ping_status":"closed","template":"","meta":{"footnotes":""},"class_list":["post-1469","page","type-page","status-publish","hentry"],"_links":{"self":[{"href":"https:\/\/www.harrytuinier.nl\/de\/wp-json\/wp\/v2\/pages\/1469","targetHints":{"allow":["GET"]}}],"collection":[{"href":"https:\/\/www.harrytuinier.nl\/de\/wp-json\/wp\/v2\/pages"}],"about":[{"href":"https:\/\/www.harrytuinier.nl\/de\/wp-json\/wp\/v2\/types\/page"}],"author":[{"embeddable":true,"href":"https:\/\/www.harrytuinier.nl\/de\/wp-json\/wp\/v2\/users\/3"}],"replies":[{"embeddable":true,"href":"https:\/\/www.harrytuinier.nl\/de\/wp-json\/wp\/v2\/comments?post=1469"}],"version-history":[{"count":28,"href":"https:\/\/www.harrytuinier.nl\/de\/wp-json\/wp\/v2\/pages\/1469\/revisions"}],"predecessor-version":[{"id":2766,"href":"https:\/\/www.harrytuinier.nl\/de\/wp-json\/wp\/v2\/pages\/1469\/revisions\/2766"}],"up":[{"embeddable":true,"href":"https:\/\/www.harrytuinier.nl\/de\/wp-json\/wp\/v2\/pages\/2031"}],"wp:attachment":[{"href":"https:\/\/www.harrytuinier.nl\/de\/wp-json\/wp\/v2\/media?parent=1469"}],"curies":[{"name":"wp","href":"https:\/\/api.w.org\/{rel}","templated":true}]}}