{"id":1467,"date":"2021-11-30T16:09:46","date_gmt":"2021-11-30T15:09:46","guid":{"rendered":"https:\/\/www.harrytuinier.nl\/?page_id=1467"},"modified":"2025-05-28T15:10:03","modified_gmt":"2025-05-28T13:10:03","slug":"10-jaar-tips-over-arbeidsroutines-wanneer-met-vms-gemolken-wordt","status":"publish","type":"page","link":"https:\/\/www.harrytuinier.nl\/de\/tipsincategorieen\/10-jaar-tips-over-arbeidsroutines-wanneer-met-vms-gemolken-wordt\/","title":{"rendered":"Arbeitsroutinen beim Melken mit VMS"},"content":{"rendered":"<div class=\"pdfprnt-buttons pdfprnt-buttons-page pdfprnt-top-right\"><a href=\"https:\/\/www.harrytuinier.nl\/de\/wp-json\/wp\/v2\/pages\/1467?print=pdf\" class=\"pdfprnt-button pdfprnt-button-pdf\" target=\"_blank\" ><img decoding=\"async\" src=\"https:\/\/www.harrytuinier.nl\/wp-content\/plugins\/pdf-print\/images\/pdf.png\" alt=\"image_pdf\" title=\"PDF anzeigen\" \/><\/a><a href=\"https:\/\/www.harrytuinier.nl\/de\/wp-json\/wp\/v2\/pages\/1467?print=print\" class=\"pdfprnt-button pdfprnt-button-print\" target=\"_blank\" ><img decoding=\"async\" src=\"https:\/\/www.harrytuinier.nl\/wp-content\/plugins\/pdf-print\/images\/print.png\" alt=\"image_print\" title=\"Inhalt drucken\" \/><\/a><\/div><p><em><strong>M\u00e4rz 2025:<\/strong><\/em><\/p>\n<p><strong>Hygiene und Arbeitsroutine.<\/strong><\/p>\n<p>Euter Hare rasieren oder Brennen, die Schw\u00e4nze so pflegen, dass sie sauberer bleiben, kennt jeder Landwirt, der mit Melkrobotern arbeitet.<br \/>\nKameraglas reinigen, dito.<\/p>\n<p>Trockene Boxen und saubere Euter\/K\u00fche sind gut f\u00fcr die Hygiene, aber auch f\u00fcr die Kapazit\u00e4t eines Melkroboters.<\/p>\n<p>Der V300 schlie\u00dft so gut an, dass wir es hier vielleicht etwas weniger machen.<\/p>\n<p>Und jetzt, da die Feldarbeit wieder beginnt, ist es wichtig, dabei strikt zu bleiben!<\/p>\n<p>Ist es nicht bemerkenswert, dass ein Landwirt bei gleicher Produktion den Melkroboter pro Melkvorgang eine halbe Minute weniger verwendet&#8230;?!?<\/p>\n<p>Und das bietet Platz f\u00fcr 10 \u2013 15 zus\u00e4tzliche Melkvorg\u00e4nge pro VMS pro Tag!<\/p>\n<p>&nbsp;<\/p>\n<p><em><strong>M\u00e4rz 2014:<\/strong><\/em><\/p>\n<p><strong>Arbeitsroutine<\/strong><\/p>\n<p>Vorne im Logbuch, dies ist die Mappe die Sie beim VMS Aufstarrt bekommen haben und in der die Servicemonteure Ihre Arbeitsprotokolle aufbewahren, sitzt folgende Liste: Einige Tipps und Checkliste Kontrollarbeiten rund um die Melkstation.<\/p>\n<p>Auch eine Liste f\u00fcr die wichtigsten Arbeitsprotokolle geh\u00f6rt in diese Mappe. Diese Protokolle sollten Sie in regelm\u00e4\u00dfigen Abst\u00e4nden mal wieder durchlesen. In der Mappe finden Sie auch Telefonnummern Ihrer Ansprechpartner und VMS Kundendienst, kontrollieren Sie diese Nummern f\u00fcr den Fall das ein Betriebshelfer oder \u00e4hnliches Sie pl\u00f6tzlich vertreten muss.<\/p>\n<p>Sind Ihnen die Checklisten und Arbeitsprotokolle abhanden gekommen, oder wenn Sie die nicht bekommen haben, schicken Sie mir einfach eine Mail dann schicke ich Ihnen die gew\u00fcnschten Dokumente zu.<\/p>\n<p><em>(Alles was in Tipp von November 2010 geschrieben ist ist darauf + neue Erfahrung..)<\/em><\/p>\n<p>&nbsp;<\/p>\n<p><em><strong>Januar 2024:<\/strong><\/em><\/p>\n<p><strong>Milchfilter austauschen?<\/strong><\/p>\n<p>Ablauf:\u00a0Dr\u00fccken Sie die gelbe Taste und waschen Sie anschlie\u00dfend Ihre H\u00e4nde. Wenn diese sauber sind, leuchtet die Taste nun auf und der Filter kann ausgetauscht werden.<br \/>\nOder schalten Sie den gr\u00fcnen Knopf am Duofilter ein.<br \/>\nDer Austausch des Milchfilters mit sauberen H\u00e4nden sorgt daf\u00fcr, dass die Au\u00dfenseite des Filters sehr sauber bleibt. Und das ist \u201edie Seite der Tankmilch\u201c!<\/p>\n<p>Es ist n\u00fctzlich, wenn sich in der N\u00e4he ein Wasserschlauch befindet, damit Sie die Kanten und den Faden + Knopf rund um den Filterbeh\u00e4lter leicht absp\u00fclen k\u00f6nnen. Wenn es einfach ist, passiert es immer. Und das ist notwendig, denn auch die Kanten und der Knopf m\u00fcssen sauber bleiben.<\/p>\n<p>&nbsp;<\/p>\n<p><em><strong>November\u00a0 2010:<\/strong><\/em><\/p>\n<p><strong>Arbeitsroutine<\/strong><\/p>\n<p>Nach der Inbetriebnahme des VMS \u00e4ndert sich der Tagesablauf erheblich. Hier (wieder) Struktur einzuf\u00fchren ist sehr wichtig f\u00fcr den Erfolg.<br \/>\nDas Arbeiten in Protokollen ist nicht immer einfach, aber es hilft.<br \/>\nEs kann sinnvoll sein, ein paar Punkte in den Kalender zu setzen oder zum ersten Mal in den Servicez\u00e4hler aufzunehmen.<\/p>\n<p>Das k\u00f6nnte so aussehen:<\/p>\n<p>Morgens erstmal Futter schieben und in den Stall schauen (ist es ruhig?).<\/p>\n<p>Dann: Stiefel aussp\u00fclen gleich Schwamm f\u00fcr Kamera reinigen sauber sp\u00fclen.<\/p>\n<p>3 x t\u00e4glich: Kamerareinigung + VMS-Check (l\u00e4uft er richtig) und 2-Minuten-Check;<br \/>\n1 x t\u00e4glich: Milchbecher, Schl\u00e4uche und Vorbehandlungsbecher reinigen und kontrollieren<br \/>\n1 x w\u00f6chentlich: VMS-Rahmen, Futtertrog, Kotplatte, Gummiklappe und Lichtschranke reinigen.<br \/>\n1 x pro 1 \/ 2 Wochen: Konzentrat mengen \u00fcberpr\u00fcfen, USB-Stick wechseln<br \/>\n1 x im Monat: \u00fcber &#8222;Gruppeneintrag&#8220; \u00a0&#8222;VMS Tiereinstellungen&#8220; \u00a0\u00fcberpr\u00fcfen.<br \/>\n1 x pro Monat: K\u00fche trocken setzen, + K\u00fche nach 100 Tagen in Laktation:\u00a0 Klauenpflege<br \/>\n1 x alle 2 Monate: Euterhare wegmachen.<br \/>\n1 x alle 3 Monate: Futter kalibrieren<br \/>\n1 x alle 6 Monate: Notstromaggregat Testen.<\/p>","protected":false},"excerpt":{"rendered":"<p>M\u00e4rz 2025: Hygiene und Arbeitsroutine. Euter Hare rasieren oder Brennen, die Schw\u00e4nze so pflegen, dass sie sauberer bleiben, kennt jeder Landwirt, der mit Melkrobotern arbeitet. Kameraglas reinigen, dito. Trockene Boxen und saubere Euter\/K\u00fche sind gut f\u00fcr die Hygiene, aber auch&hellip; <\/p>\n","protected":false},"author":3,"featured_media":0,"parent":2031,"menu_order":3,"comment_status":"closed","ping_status":"closed","template":"","meta":{"footnotes":""},"class_list":["post-1467","page","type-page","status-publish","hentry"],"_links":{"self":[{"href":"https:\/\/www.harrytuinier.nl\/de\/wp-json\/wp\/v2\/pages\/1467","targetHints":{"allow":["GET"]}}],"collection":[{"href":"https:\/\/www.harrytuinier.nl\/de\/wp-json\/wp\/v2\/pages"}],"about":[{"href":"https:\/\/www.harrytuinier.nl\/de\/wp-json\/wp\/v2\/types\/page"}],"author":[{"embeddable":true,"href":"https:\/\/www.harrytuinier.nl\/de\/wp-json\/wp\/v2\/users\/3"}],"replies":[{"embeddable":true,"href":"https:\/\/www.harrytuinier.nl\/de\/wp-json\/wp\/v2\/comments?post=1467"}],"version-history":[{"count":14,"href":"https:\/\/www.harrytuinier.nl\/de\/wp-json\/wp\/v2\/pages\/1467\/revisions"}],"predecessor-version":[{"id":2660,"href":"https:\/\/www.harrytuinier.nl\/de\/wp-json\/wp\/v2\/pages\/1467\/revisions\/2660"}],"up":[{"embeddable":true,"href":"https:\/\/www.harrytuinier.nl\/de\/wp-json\/wp\/v2\/pages\/2031"}],"wp:attachment":[{"href":"https:\/\/www.harrytuinier.nl\/de\/wp-json\/wp\/v2\/media?parent=1467"}],"curies":[{"name":"wp","href":"https:\/\/api.w.org\/{rel}","templated":true}]}}