{"id":1465,"date":"2021-11-30T16:09:22","date_gmt":"2021-11-30T15:09:22","guid":{"rendered":"https:\/\/www.harrytuinier.nl\/?page_id=1465"},"modified":"2025-09-12T14:16:00","modified_gmt":"2025-09-12T12:16:00","slug":"10-jaar-tips-over-2-minuten-check","status":"publish","type":"page","link":"https:\/\/www.harrytuinier.nl\/de\/tipsincategorieen\/10-jaar-tips-over-2-minuten-check\/","title":{"rendered":"Tipps  2-Minuten-Check"},"content":{"rendered":"<div class=\"pdfprnt-buttons pdfprnt-buttons-page pdfprnt-top-right\"><a href=\"https:\/\/www.harrytuinier.nl\/de\/wp-json\/wp\/v2\/pages\/1465?print=pdf\" class=\"pdfprnt-button pdfprnt-button-pdf\" target=\"_blank\" ><img decoding=\"async\" src=\"https:\/\/www.harrytuinier.nl\/wp-content\/plugins\/pdf-print\/images\/pdf.png\" alt=\"image_pdf\" title=\"PDF anzeigen\" \/><\/a><a href=\"https:\/\/www.harrytuinier.nl\/de\/wp-json\/wp\/v2\/pages\/1465?print=print\" class=\"pdfprnt-button pdfprnt-button-print\" target=\"_blank\" ><img decoding=\"async\" src=\"https:\/\/www.harrytuinier.nl\/wp-content\/plugins\/pdf-print\/images\/print.png\" alt=\"image_print\" title=\"Inhalt drucken\" \/><\/a><\/div><p><em><strong>Januar 2018<\/strong><\/em><\/p>\n<p><strong>2-Minuten-Check (1)<\/strong><\/p>\n<p>Als Reflexion\u00a0 des neuen Jahres wird wieder auf den \u201c2-Minuten-Check\u201d geachtet.<\/p>\n<p>Die vielen Daten, die der Melkroboter mit seinen Programmen liefert, sind sehr wichtig, um K\u00fche mit abnormaler Produktion, Eutergesundheit oder Verhalten (viel) fr\u00fcher als z.B. in Melkstand zu finden.<br \/>\nDies in Kombination mit einem schnelleren und gezielteren Eingriff bietet f\u00fcr Rinder- und Rinderz\u00fcchter viele Vorteile.<\/p>\n<p>Bei einem Firmenbesuch wird oft ein Dokument mit dem 2-Minuten-Check ausgestellt.<br \/>\nMit 2x 3 wichtigen Spalten:<\/p>\n<p>Im <strong>Status Bildschirm:<\/strong> 1. Wer ist zu sp\u00e4t? 2. Wer hat letzten Melkung zu wenig gegeben; 3. wer bei letzten Melkung unvollst\u00e4ndig gemolken ist.<\/p>\n<p>Im <strong>Kuh\u00fcberwachung:<\/strong> 1. Wer hat eine erh\u00f6hte oder neue Leitf\u00e4higkeitsmeldung; 2. Wer hat hohe oder neue MDI gemeldet; 3. Wer hat ein abweichendes Besuchsverhalten?<\/p>\n<p>Es kann innerhalb von 2 Minuten kontrolliert werden und der Landwirt, der seine K\u00fche kennt, f\u00e4ngt diese K\u00fche sofort ein, wo er Informationen sieht, die er nicht erwartet.<\/p>\n<p>Mach diese 2-Minuten-Check im Voraus bei Stallrundgang, bei Liegeboxen reinigen, usw.<\/p>\n<p>Dann kombinieren Sie die Daten vom Computer mit den Augen des Landwirts:<\/p>\n<p><strong>Und das \u00edst und bleibt die goldene Formel !!<\/strong><\/p>\n<p>&nbsp;<\/p>\n<p>Wenn Sie das Dokument mit dem 2-Minuten-Check nicht (mehr) haben: Senden Sie mir einfach eine E-Mail und ich werde es Ihnen zusenden.<\/p>\n<p>&nbsp;<\/p>\n<p><em><strong>Februar 2018<\/strong><\/em><\/p>\n<p><strong>2-Minuten-Check (2).<\/strong><\/p>\n<p>Mit dem 2-Minuten-Check sehen Sie schnell, welche K\u00fche zu sp\u00e4t kommen, aber auch welche K\u00fche eine unerwartete Abweichung haben. Es ist sinnvoll, zwei Spalten auf einem Notizblock anzulegen, eine Spalte f\u00fcr die abzuholenden K\u00fche, das sind die &#8222;roten&#8220; K\u00fche und die K\u00fche\/F\u00e4rsen, die den VMS-Besuch noch lernen m\u00fcssen, und eine Spalte f\u00fcr die K\u00fche, die eine unerwartete Abweichung haben. Und welche Abweichung (zum Beispiel 75% der erwarteten Milchleistung oder 1x erh\u00f6hte Leitf\u00e4higkeit).<\/p>\n<p>Hat die Kuh an allen 4 Zitzen eine andere, niedrigere Milchleistung?<\/p>\n<p><strong style=\"font-family: Helvetica, sans-serif; font-size: 14px; font-style: normal;\"><img loading=\"lazy\" decoding=\"async\" class=\"size-medium wp-image-588 alignright\" src=\"https:\/\/www.harrytuinier.nl\/wp-content\/uploads\/2018\/02\/handig-notitieblokje-300x225.jpg\" alt=\"\" width=\"300\" height=\"225\" srcset=\"https:\/\/www.harrytuinier.nl\/wp-content\/uploads\/2018\/02\/handig-notitieblokje-300x225.jpg 300w, https:\/\/www.harrytuinier.nl\/wp-content\/uploads\/2018\/02\/handig-notitieblokje-768x576.jpg 768w, https:\/\/www.harrytuinier.nl\/wp-content\/uploads\/2018\/02\/handig-notitieblokje.jpg 976w\" sizes=\"auto, (max-width: 300px) 100vw, 300px\" \/><\/strong><\/p>\n<p>Dann ist sie ziemlich krank!<\/p>\n<p>\u00dcberpr\u00fcfen Sie diese Liste noch einen halben Tag oder 1 &#8211; 2 Melkungen sp\u00e4ter. Was hat die Kuh jetzt? Wenn die letzten Daten wieder korrekt sind: Papier wegwerfen. Im Zweifelsfall haben Sie sofort Gewissheit, ob es sich bei der Abweichung um einmaligen Vorfall handelt oder ob tats\u00e4chlich etwas nicht gut ist..<\/p>\n<p>&nbsp;<\/p>\n<p><em><strong>March 2018<\/strong><\/em><\/p>\n<p><strong>Die 2-Minuten-Check (3).<\/strong><\/p>\n<p>Die ersten drei Spalten des 2-Minuten-Checks im Statusbildschirm zeigen an, welche Kuh:<\/p>\n<p>1. ist zu sp\u00e4t; 2. hat nicht genug gegeben; 3. hat ein unvollst\u00e4ndiges Melken durchgef\u00fchrt.<\/p>\n<p>Die meisten sind offensichtlich und werden von vielen Bauern genutzt.<\/p>\n<p>Der Kuh-Monitor zeigt weitere Informationen wie zB welche Kuh:<\/p>\n<p>1. hat h\u00f6here oder neue Leitf\u00e4higkeit; 2. haben einen hohen MDi-Alarm<\/p>\n<p>Auch diese Statistiken geben im Allgemeinen von Bauern begr\u00fc\u00dft und verwendet, um eine Gesundheit der K\u00fche zu folgen.<\/p>\n<p>Der dritte Colom im Kuhmonitor, der f\u00fcr die 2-Minuten-Check verwendet wird, zeigt:<\/p>\n<ol start=\"3\">\n<li>Welche Kuh hat ein unterschiedliches Besuchsverhalten?<\/li>\n<\/ol>\n<p>Das kann im durchschnittlichen Melkintervall gesehen werden.<\/p>\n<p>Wenn Sie die K\u00fche mit diesem Colom sortieren, finden Sie die am h\u00e4ufigsten besuchten K\u00fche oben oder unten. Wenn der Indikator daneben gr\u00fcn ist, bedeutet dies, dass die Kuh die VMS die letzten 10 Male besucht hat, mit nicht mehr als 12 Stunden dazwischen.<\/p>\n<p>Was zu beachten ist, sind K\u00fche, die ein gutes durchschnittliches Melkintervall (z. B. 8 Stunden) haben, jedoch einen roten Indikator haben. Das bedeutet, dass sie jetzt mehr als 12 Stunden seit dem letzten Melken war. Warum?<\/p>\n<p>Haben diese K\u00fche weniger als 50 Tage gemolken =&gt; Pansen Azidose?<\/p>\n<p>Haben diese K\u00fche zwischen 50-100 Tage gemolken =&gt; Br\u00fcnstig?<\/p>\n<p>Haben diese K\u00fche mehr als 100 Tage gemolken =&gt; Klauen \/ Huf \/ Beinprobleme?<\/p>\n<p>&nbsp;<\/p>\n<p>Es k\u00f6nnte alles sein, aber es ist ein seltsames Verhalten!<\/p>\n<p>Auch in dieser Spalte wird oft als erster Indikator eine Kuh mit einer neuen Abweichung gefunden.<\/p>","protected":false},"excerpt":{"rendered":"<p>Januar 2018 2-Minuten-Check (1) Als Reflexion\u00a0 des neuen Jahres wird wieder auf den \u201c2-Minuten-Check\u201d geachtet. Die vielen Daten, die der Melkroboter mit seinen Programmen liefert, sind sehr wichtig, um K\u00fche mit abnormaler Produktion, Eutergesundheit oder Verhalten (viel) fr\u00fcher als z.B.&hellip; <\/p>\n","protected":false},"author":3,"featured_media":0,"parent":2031,"menu_order":1,"comment_status":"closed","ping_status":"closed","template":"","meta":{"footnotes":""},"class_list":["post-1465","page","type-page","status-publish","hentry"],"_links":{"self":[{"href":"https:\/\/www.harrytuinier.nl\/de\/wp-json\/wp\/v2\/pages\/1465","targetHints":{"allow":["GET"]}}],"collection":[{"href":"https:\/\/www.harrytuinier.nl\/de\/wp-json\/wp\/v2\/pages"}],"about":[{"href":"https:\/\/www.harrytuinier.nl\/de\/wp-json\/wp\/v2\/types\/page"}],"author":[{"embeddable":true,"href":"https:\/\/www.harrytuinier.nl\/de\/wp-json\/wp\/v2\/users\/3"}],"replies":[{"embeddable":true,"href":"https:\/\/www.harrytuinier.nl\/de\/wp-json\/wp\/v2\/comments?post=1465"}],"version-history":[{"count":8,"href":"https:\/\/www.harrytuinier.nl\/de\/wp-json\/wp\/v2\/pages\/1465\/revisions"}],"predecessor-version":[{"id":2747,"href":"https:\/\/www.harrytuinier.nl\/de\/wp-json\/wp\/v2\/pages\/1465\/revisions\/2747"}],"up":[{"embeddable":true,"href":"https:\/\/www.harrytuinier.nl\/de\/wp-json\/wp\/v2\/pages\/2031"}],"wp:attachment":[{"href":"https:\/\/www.harrytuinier.nl\/de\/wp-json\/wp\/v2\/media?parent=1465"}],"curies":[{"name":"wp","href":"https:\/\/api.w.org\/{rel}","templated":true}]}}