{"id":1463,"date":"2021-11-30T16:09:03","date_gmt":"2021-11-30T15:09:03","guid":{"rendered":"https:\/\/www.harrytuinier.nl\/?page_id=1463"},"modified":"2022-10-19T09:05:37","modified_gmt":"2022-10-19T07:05:37","slug":"10-jaar-tips-voor-de-kantoorruimte","status":"publish","type":"page","link":"https:\/\/www.harrytuinier.nl\/de\/tipsincategorieen\/10-jaar-tips-voor-de-kantoorruimte\/","title":{"rendered":"Tipps f\u00fcr B\u00fcror\u00e4ume"},"content":{"rendered":"<div class=\"pdfprnt-buttons pdfprnt-buttons-page pdfprnt-top-right\"><a href=\"https:\/\/www.harrytuinier.nl\/de\/wp-json\/wp\/v2\/pages\/1463?print=pdf\" class=\"pdfprnt-button pdfprnt-button-pdf\" target=\"_blank\" ><img decoding=\"async\" src=\"https:\/\/www.harrytuinier.nl\/wp-content\/plugins\/pdf-print\/images\/pdf.png\" alt=\"image_pdf\" title=\"PDF anzeigen\" \/><\/a><a href=\"https:\/\/www.harrytuinier.nl\/de\/wp-json\/wp\/v2\/pages\/1463?print=print\" class=\"pdfprnt-button pdfprnt-button-print\" target=\"_blank\" ><img decoding=\"async\" src=\"https:\/\/www.harrytuinier.nl\/wp-content\/plugins\/pdf-print\/images\/print.png\" alt=\"image_print\" title=\"Inhalt drucken\" \/><\/a><\/div><p><em><strong>Juni 2022:<\/strong><\/em><\/p>\n<p><em><strong>Den Roboter und Komputer ausschalten.<\/strong><\/em><\/p>\n<p>Es ist immer gut, den Roboter regelm\u00e4\u00dfig aus- und wieder einzuschalten.<br \/>\nGerade beim V300 ist es sehr wichtig, dass der Roboter nach dem Herunterfahren <span style=\"text-decoration: underline;\">mindestens 10 Minuten<\/span> ausgeschaltet bleibt. Also geh und mach in der Zwischenzeit einen anderen Job oder es dauert so lange\u2026<\/p>\n<p>Aber auch der PC muss regelm\u00e4\u00dfig aus- und wieder eingeschaltet werden.<br \/>\nAuch zu lange ge\u00f6ffnete Listen k\u00f6nnen trotz Aktualisierung oder Aktualisierung alte und damit fehlerhafte Daten enthalten.<br \/>\nSchlie\u00dfen Sie also diese Listen, und alles wirkt oft viel frischer!<\/p>\n<p>&nbsp;<\/p>\n<p><em><strong>Februar 2021:<\/strong><\/em><\/p>\n<p><strong>Wo ist der USB-Stick mit Backup?<\/strong><\/p>\n<p>Vor kurzem gab es ein Feuer auf einem Bauernhof.<br \/>\nB\u00fcro und Maschinenraum komplett ausgebrannt.<\/p>\n<p>Der Viehz\u00fcchter hatte regelm\u00e4\u00dfig den USB-Stick mit Backup ausgetauscht und in einen Schrank im B\u00fcro gestellt \u2026.<\/p>\n<p>Das war schon sehr ordentlich, aber jetzt mit verbrannt.<br \/>\nAlle Daten von Backup, Kuhinformationen, Zitzen Positionen, \u2026 weg!<\/p>\n<p>Stellen Sie sicher, dass Sie <span style=\"text-decoration: underline;\">regelm\u00e4\u00dfig<\/span> ein aktuelles Backup auf einen Stick legen, aber auch an einem <span style=\"text-decoration: underline;\">anderen Ort aufbewahren<\/span>!<\/p>\n<p>&nbsp;<\/p>\n<p><em><strong>Oktober 2019<\/strong><\/em><\/p>\n<p><strong>Sauber Bildschirm.<\/strong><\/p>\n<p>Ein sauberer Computerbildschirm ist viel angenehmer zu schauen.<\/p>\n<p>Der Computerbildschirm im Stall wird logischerweise leichter schmutzig als im Haus.<br \/>\nUnd nicht nur Staub oder Schmutz, sondern auch Fliegenkacke lassen es auf dem Bildschirm oft nicht mehr angenehm schauen. Und vielleicht liegt ein Grund darin, immer k\u00fcrzer schauen!<\/p>\n<p>Um zu verhindern, dass der Bildschirm verschmutzt, sollten Sie nach dem Gebrauch eine Abdeckung oder ein Handtuch \u00fcber den Bildschirm legen, damit Fliegen und Schmutz fast keine Chance haben.<\/p>\n<p>Wenn der Bildschirm bereits verschmutzt ist, und befindet sich Fliegenkacke auf dem Bildschirm oder was auch immer, denn bitte Reinigung mit einem feuchten, weichen (Mikrofaser-) Tuch ist am n\u00fctzlichsten, m\u00f6glicherweise mit etwas Essig.<\/p>\n<p>Schalten Sie zuerst den Bildschirm aus, wenn er schwarz und kalt ist, und trocknen Sie ihn nach der Reinigung gr\u00fcndlich ab, insbesondere in den Ecken.<br \/>\nVerwenden Sie kein Glassex, Ammoniak, Aceton oder Alkohol, das f\u00fcr einen Bildschirm zu aggressiv ist.<\/p>\n<p>Es ist nicht gut wenn Sie denken: \u201cGibt es hier einen Punkt oder ein Komma in dieser Zahl oder ist es Fliegenschei\u00dfe \u2026, welche Zahl oder welche Kuhnummer ist eigentlich hier \u2026\u201d<\/p>\n<p>Ein sauberer Bildschirm sieht f\u00fcr Sie sch\u00f6ner aus, aber auch wenn andere mit Ihnen zuschauen, ist viel angenehmer!<\/p>\n<p>Und mehr Freude am Schauen hei\u00dft auch: etwas fr\u00fcher sehen, fr\u00fcher eingreifen k\u00f6nnen und weniger Chancen auf Fehler haben.<\/p>\n<p>&nbsp;<\/p>\n<p><em><strong>April 2012:<\/strong><\/em><\/p>\n<p><strong>Aktuelle Back-up richtig bewahren.<\/strong><\/p>\n<p>Es ist wieder einen PC von einen VMS gestohlen\u2026<\/p>\n<p>Also Kunden: seien Sie gewarnt!!!<\/p>\n<p>Nat\u00fcrlich m\u00fcssen Sie versuchen, Einbrecher auf Distanz zu halten, aber achten Sie au\u00dferdem darauf, dass Sie regelm\u00e4\u00dfig die Backup USB-stick wechseln und eine im Haus oder zumindest nicht am PC speichert!<\/p>\n<p>Das war jetzt der Fall und alle Informationen weg\u2026<\/p>\n<p>&nbsp;<\/p>\n<p>&nbsp;<\/p>\n<p><em><strong>M\u00e4rz 2012:<\/strong><\/em><\/p>\n<p><strong>Mehr Lesevergn\u00fcgen beim Anschauen auf dem PC:<\/strong><\/p>\n<p>Viele \u201eetwas weniger junge\u201c Viehhalter haben alte Lesebrillen neben dem Computer im Stall.<br \/>\nWenn Sie nicht gut lesen k\u00f6nnen, ist es logisch, dass Sie lieber wenig in den PC und das Programm des VMS eintauchen und wichtige Informationen \u00fcber die Funktionsweise des VMS oder einer einzelnen Kuh verpassen.<\/p>\n<p>Denken Sie daran, dass das Lesen am Computer normalerweise eine halbe Kraft weniger erfordert als f\u00fcr eine Zeitung oder ein Lesebuch!<br \/>\nZum Lesen von Buch oder Zeitung \u00a0+2?, dann am PC \u00a0+1\u00bd!<br \/>\nIn der Praxis bedeutet dies, dass Sie nicht zu nah sitzen m\u00fcssen, um es richtig zu lesen.<br \/>\nUnd eine Lesebrille hat man f\u00fcr ein paar Euro, damit ist noch lange nicht Schluss&#8230; oder?<\/p>\n<p>Einfach zu sehen = immer \u00f6fter sehen&#8230;<\/p>","protected":false},"excerpt":{"rendered":"<p>Juni 2022: Den Roboter und Komputer ausschalten. Es ist immer gut, den Roboter regelm\u00e4\u00dfig aus- und wieder einzuschalten. Gerade beim V300 ist es sehr wichtig, dass der Roboter nach dem Herunterfahren mindestens 10 Minuten ausgeschaltet bleibt. Also geh und mach&hellip; <\/p>\n","protected":false},"author":3,"featured_media":0,"parent":2031,"menu_order":2,"comment_status":"closed","ping_status":"closed","template":"","meta":{"footnotes":""},"class_list":["post-1463","page","type-page","status-publish","hentry"],"_links":{"self":[{"href":"https:\/\/www.harrytuinier.nl\/de\/wp-json\/wp\/v2\/pages\/1463","targetHints":{"allow":["GET"]}}],"collection":[{"href":"https:\/\/www.harrytuinier.nl\/de\/wp-json\/wp\/v2\/pages"}],"about":[{"href":"https:\/\/www.harrytuinier.nl\/de\/wp-json\/wp\/v2\/types\/page"}],"author":[{"embeddable":true,"href":"https:\/\/www.harrytuinier.nl\/de\/wp-json\/wp\/v2\/users\/3"}],"replies":[{"embeddable":true,"href":"https:\/\/www.harrytuinier.nl\/de\/wp-json\/wp\/v2\/comments?post=1463"}],"version-history":[{"count":11,"href":"https:\/\/www.harrytuinier.nl\/de\/wp-json\/wp\/v2\/pages\/1463\/revisions"}],"predecessor-version":[{"id":2125,"href":"https:\/\/www.harrytuinier.nl\/de\/wp-json\/wp\/v2\/pages\/1463\/revisions\/2125"}],"up":[{"embeddable":true,"href":"https:\/\/www.harrytuinier.nl\/de\/wp-json\/wp\/v2\/pages\/2031"}],"wp:attachment":[{"href":"https:\/\/www.harrytuinier.nl\/de\/wp-json\/wp\/v2\/media?parent=1463"}],"curies":[{"name":"wp","href":"https:\/\/api.w.org\/{rel}","templated":true}]}}